{"id":5295,"date":"2024-10-21T13:15:21","date_gmt":"2024-10-21T13:15:21","guid":{"rendered":"https:\/\/shop.xn--altmhl-bogensport-52b.de\/?post_type=product&#038;p=5295"},"modified":"2024-12-30T07:57:13","modified_gmt":"2024-12-30T07:57:13","slug":"ente-inform3d","status":"publish","type":"product","link":"https:\/\/shop.xn--altmhl-bogensport-52b.de\/?product=ente-inform3d","title":{"rendered":"Ente &#8211; InForm3D"},"content":{"rendered":"<p>Unsere Enten sind eine wundersch\u00f6ne und realistische Nachbildung ihrer lebenden Gef\u00e4hrten. Diese detailgetreuen Figuren k\u00f6nnen sowohl einzeln als auch in einer Gruppe aufgestellt werden und sorgen so f\u00fcr eine lebendige und nat\u00fcrliche Atmosph\u00e4re in jedem Parcours. Dank ihrer hochwertigen Verarbeitung sind die Enten kaum von echten Tieren zu unterscheiden und werden sicherlich bewundernde Blicke auf sich ziehen.<\/p>\n<p>Ente links im Bild<\/p>\n<ol>\n<li>Ma\u00dfe (LxBxH): 410 mm x 270 mm x 160 mm<\/li>\n<li>Gewicht: 1,1 kg<\/li>\n<li>IFAA-Kategorie: 4<\/li>\n<li>WA-Kategorie: 4<\/li>\n<li>Typus: Realistisch<\/li>\n<li>Anzahl Killzonen: 2<\/li>\n<\/ol>\n<p><strong>Herstellername:<\/strong><br \/>\nGECOM GmbH<br \/>\n<strong>Anschrift:<\/strong><br \/>\nLorenzweg 43, 39124 Magdeburg<br \/>\n<strong>Herkunftsland:<\/strong><br \/>\nDeutschland<br \/>\n<strong>Webseite:<\/strong><br \/>\nhttps:\/\/www.inform3d.de\/<br \/>\n<strong>Kontakt:<\/strong><br \/>\nn.mehlhase@inform3d.de<br \/>\n<strong>Marke:<\/strong><br \/>\nInForm3D<\/p>\n","protected":false},"excerpt":{"rendered":"<p>Unsere Enten sind eine wundersch\u00f6ne und realistische Nachbildung ihrer lebenden Gef\u00e4hrten. Diese detailgetreuen Figuren k\u00f6nnen sowohl einzeln als auch in einer Gruppe aufgestellt werden und sorgen so f\u00fcr eine lebendige und nat\u00fcrliche Atmosph\u00e4re in jedem Parcours. Dank ihrer hochwertigen Verarbeitung sind die Enten kaum von echten Tieren zu unterscheiden und werden sicherlich bewundernde Blicke auf [&hellip;]<\/p>\n","protected":false},"featured_media":5297,"comment_status":"open","ping_status":"closed","template":"","meta":[],"product_brand":[],"product_cat":[1395],"product_tag":[1400,177,514],"class_list":{"0":"post-5295","1":"product","2":"type-product","3":"status-publish","4":"has-post-thumbnail","6":"product_cat-inform3d","7":"product_tag-inform","8":"product_tag-3d-ziel","9":"product_tag-ente","11":"first","12":"instock","13":"taxable","14":"shipping-taxable","15":"purchasable","16":"product-type-simple"},"_links":{"self":[{"href":"https:\/\/shop.xn--altmhl-bogensport-52b.de\/index.php?rest_route=\/wp\/v2\/product\/5295","targetHints":{"allow":["GET"]}}],"collection":[{"href":"https:\/\/shop.xn--altmhl-bogensport-52b.de\/index.php?rest_route=\/wp\/v2\/product"}],"about":[{"href":"https:\/\/shop.xn--altmhl-bogensport-52b.de\/index.php?rest_route=\/wp\/v2\/types\/product"}],"replies":[{"embeddable":true,"href":"https:\/\/shop.xn--altmhl-bogensport-52b.de\/index.php?rest_route=%2Fwp%2Fv2%2Fcomments&post=5295"}],"wp:featuredmedia":[{"embeddable":true,"href":"https:\/\/shop.xn--altmhl-bogensport-52b.de\/index.php?rest_route=\/wp\/v2\/media\/5297"}],"wp:attachment":[{"href":"https:\/\/shop.xn--altmhl-bogensport-52b.de\/index.php?rest_route=%2Fwp%2Fv2%2Fmedia&parent=5295"}],"wp:term":[{"taxonomy":"product_brand","embeddable":true,"href":"https:\/\/shop.xn--altmhl-bogensport-52b.de\/index.php?rest_route=%2Fwp%2Fv2%2Fproduct_brand&post=5295"},{"taxonomy":"product_cat","embeddable":true,"href":"https:\/\/shop.xn--altmhl-bogensport-52b.de\/index.php?rest_route=%2Fwp%2Fv2%2Fproduct_cat&post=5295"},{"taxonomy":"product_tag","embeddable":true,"href":"https:\/\/shop.xn--altmhl-bogensport-52b.de\/index.php?rest_route=%2Fwp%2Fv2%2Fproduct_tag&post=5295"}],"curies":[{"name":"wp","href":"https:\/\/api.w.org\/{rel}","templated":true}]}}