{"id":5281,"date":"2024-10-17T07:17:18","date_gmt":"2024-10-17T07:17:18","guid":{"rendered":"https:\/\/shop.xn--altmhl-bogensport-52b.de\/?post_type=product&#038;p=5281"},"modified":"2025-08-18T13:10:55","modified_gmt":"2025-08-18T13:10:55","slug":"ratte-mit-kaese-inform3d","status":"publish","type":"product","link":"https:\/\/shop.xn--altmhl-bogensport-52b.de\/?product=ratte-mit-kaese-inform3d","title":{"rendered":"Ratte mit K\u00e4se InForm3D"},"content":{"rendered":"<p>Trotzdem die Ratte ein St\u00fcck K\u00e4se stibitzen konnte, schaut sie b\u00f6se. Der Blick hinter der Ratte verr\u00e4t den Grund.<\/p>\n<p>Diese Figur ist eine humorvolle Alternative f\u00fcr alle, die nicht auf traditionelle Ziele schie\u00dfen m\u00f6chten. Mit ihrem Witz bringt sie sp\u00e4testens beim Ziehen der Pfeile ein verschmitztes L\u00e4cheln auf die Lippen des Bogen-\/Blasrohrsch\u00fctzen.<\/p>\n<p>Holen Sie sich die Ratte mit K\u00e4se und sorgen Sie f\u00fcr eine am\u00fcsante Atmosph\u00e4re auf dem Parcour oder in der Bogenhalle.<\/p>\n<p>1. Ma\u00dfe (LxBxH): 370 mm x 350 mm x 430 mm<\/p>\n<p>2. Gewicht: 5,7 kg<\/p>\n<p>3. IFAA-Kategorie: 3<\/p>\n<p>4. WA-Kategorie: 3<\/p>\n<p>5. Typus: Fantasy<\/p>\n<p>6. Anzahl Killzonen: 2<\/p>\n<p>Das Design ist von Archers Targets.<\/p>\n<p>Sollten die InForm Ziele in unserem Webshop nicht lieferbar sein, werden diese zeitnah gefertigt.<\/p>\n<p>&nbsp;<\/p>\n<p><strong>Herstellername:<\/strong><br \/>\nGECOM GmbH<br \/>\n<strong>Anschrift:<\/strong><br \/>\nLorenzweg 43, 39124 Magdeburg<br \/>\n<strong>Herkunftsland:<\/strong><br \/>\nDeutschland<br \/>\n<strong>Webseite:<\/strong><br \/>\nhttps:\/\/www.inform3d.de\/<br \/>\n<strong>Kontakt:<\/strong><br \/>\nn.mehlhase@inform3d.de<br \/>\n<strong>Marke:<\/strong><br \/>\nInForm3D<\/p>\n","protected":false},"excerpt":{"rendered":"<p>Trotzdem die Ratte ein St\u00fcck K\u00e4se stibitzen konnte, schaut sie b\u00f6se. Der Blick hinter der Ratte verr\u00e4t den Grund. Diese Figur ist eine humorvolle Alternative f\u00fcr alle, die nicht auf traditionelle Ziele schie\u00dfen m\u00f6chten. Mit ihrem Witz bringt sie sp\u00e4testens beim Ziehen der Pfeile ein verschmitztes L\u00e4cheln auf die Lippen des Bogen-\/Blasrohrsch\u00fctzen. Holen Sie sich [&hellip;]<\/p>\n","protected":false},"featured_media":5282,"comment_status":"open","ping_status":"closed","template":"","meta":[],"product_brand":[],"product_cat":[1395],"product_tag":[713,1398,1399,220],"class_list":{"0":"post-5281","1":"product","2":"type-product","3":"status-publish","4":"has-post-thumbnail","6":"product_cat-inform3d","7":"product_tag-spassziel","8":"product_tag-kaese","9":"product_tag-fantasy","10":"product_tag-ratte","12":"first","13":"onbackorder","14":"taxable","15":"shipping-taxable","16":"purchasable","17":"product-type-simple"},"_links":{"self":[{"href":"https:\/\/shop.xn--altmhl-bogensport-52b.de\/index.php?rest_route=\/wp\/v2\/product\/5281","targetHints":{"allow":["GET"]}}],"collection":[{"href":"https:\/\/shop.xn--altmhl-bogensport-52b.de\/index.php?rest_route=\/wp\/v2\/product"}],"about":[{"href":"https:\/\/shop.xn--altmhl-bogensport-52b.de\/index.php?rest_route=\/wp\/v2\/types\/product"}],"replies":[{"embeddable":true,"href":"https:\/\/shop.xn--altmhl-bogensport-52b.de\/index.php?rest_route=%2Fwp%2Fv2%2Fcomments&post=5281"}],"wp:featuredmedia":[{"embeddable":true,"href":"https:\/\/shop.xn--altmhl-bogensport-52b.de\/index.php?rest_route=\/wp\/v2\/media\/5282"}],"wp:attachment":[{"href":"https:\/\/shop.xn--altmhl-bogensport-52b.de\/index.php?rest_route=%2Fwp%2Fv2%2Fmedia&parent=5281"}],"wp:term":[{"taxonomy":"product_brand","embeddable":true,"href":"https:\/\/shop.xn--altmhl-bogensport-52b.de\/index.php?rest_route=%2Fwp%2Fv2%2Fproduct_brand&post=5281"},{"taxonomy":"product_cat","embeddable":true,"href":"https:\/\/shop.xn--altmhl-bogensport-52b.de\/index.php?rest_route=%2Fwp%2Fv2%2Fproduct_cat&post=5281"},{"taxonomy":"product_tag","embeddable":true,"href":"https:\/\/shop.xn--altmhl-bogensport-52b.de\/index.php?rest_route=%2Fwp%2Fv2%2Fproduct_tag&post=5281"}],"curies":[{"name":"wp","href":"https:\/\/api.w.org\/{rel}","templated":true}]}}