{"id":5274,"date":"2024-10-17T07:11:37","date_gmt":"2024-10-17T07:11:37","guid":{"rendered":"https:\/\/shop.xn--altmhl-bogensport-52b.de\/?post_type=product&#038;p=5274"},"modified":"2025-09-15T00:37:30","modified_gmt":"2025-09-15T00:37:30","slug":"zecke-inform3d-ziel","status":"publish","type":"product","link":"https:\/\/shop.xn--altmhl-bogensport-52b.de\/?product=zecke-inform3d-ziel","title":{"rendered":"Zecke InForm3D Ziel"},"content":{"rendered":"<h2 class=\"product-addition-headline\"><\/h2>\n<div class=\"product-addition-content\">\n<p>Der weltweit verbreitete Parasit, der sich ausschlie\u00dflich vom Blut anderer Wirbeltiere ern\u00e4hrt, geh\u00f6rt eigentlich zu den Spinnentieren. Ab sofort ist dieses Wesen in \u00dcbergr\u00f6\u00dfe bei uns erh\u00e4ltlich und freut sich darauf, bald bei euch beschossen zu werden.<\/p>\n<p>Die Zecke hat eine Killzone, die den aktuellen IFAA- und WA-Regeln entspricht. Die Killzone befindet sich oben auf dem R\u00fccken.<\/p>\n<p>1. Ma\u00dfe (LxBxH): 500 mm x 400 mm x 130 mm<\/p>\n<p>2. Gewicht: 1,7 kg<\/p>\n<p>3. IFAA-Kategorie: 4<\/p>\n<p>4. WA-Kategorie: 3<\/p>\n<p>5. Typus: realistisch<\/p>\n<\/div>\n<p>Die 3D Ziele werden zeitnah gefertigt, sollten diese nicht im webshop lieferbar sein.<\/p>\n<p>&nbsp;<\/p>\n<p><strong>Herstellername:<\/strong><br \/>\nGECOM GmbH<br \/>\n<strong>Anschrift:<\/strong><br \/>\nLorenzweg 43, 39124 Magdeburg<br \/>\n<strong>Herkunftsland:<\/strong><br \/>\nDeutschland<br \/>\n<strong>Webseite:<\/strong><br \/>\nhttps:\/\/www.inform3d.de\/<br \/>\n<strong>Kontakt:<\/strong><br \/>\nn.mehlhase@inform3d.de<br \/>\n<strong>Marke:<\/strong><br \/>\nInForm3D<\/p>\n","protected":false},"excerpt":{"rendered":"<p>Der weltweit verbreitete Parasit, der sich ausschlie\u00dflich vom Blut anderer Wirbeltiere ern\u00e4hrt, geh\u00f6rt eigentlich zu den Spinnentieren. Ab sofort ist dieses Wesen in \u00dcbergr\u00f6\u00dfe bei uns erh\u00e4ltlich und freut sich darauf, bald bei euch beschossen zu werden. Die Zecke hat eine Killzone, die den aktuellen IFAA- und WA-Regeln entspricht. Die Killzone befindet sich oben auf [&hellip;]<\/p>\n","protected":false},"featured_media":5279,"comment_status":"open","ping_status":"closed","template":"","meta":[],"product_brand":[],"product_cat":[1504,1395],"product_tag":[1397,177,1396],"class_list":{"0":"post-5274","1":"product","2":"type-product","3":"status-publish","4":"has-post-thumbnail","6":"product_cat-sommerschlussverkauf","7":"product_cat-inform3d","8":"product_tag-parasit","9":"product_tag-3d-ziel","10":"product_tag-zecke","12":"first","13":"instock","14":"taxable","15":"shipping-taxable","16":"purchasable","17":"product-type-variable"},"_links":{"self":[{"href":"https:\/\/shop.xn--altmhl-bogensport-52b.de\/index.php?rest_route=\/wp\/v2\/product\/5274","targetHints":{"allow":["GET"]}}],"collection":[{"href":"https:\/\/shop.xn--altmhl-bogensport-52b.de\/index.php?rest_route=\/wp\/v2\/product"}],"about":[{"href":"https:\/\/shop.xn--altmhl-bogensport-52b.de\/index.php?rest_route=\/wp\/v2\/types\/product"}],"replies":[{"embeddable":true,"href":"https:\/\/shop.xn--altmhl-bogensport-52b.de\/index.php?rest_route=%2Fwp%2Fv2%2Fcomments&post=5274"}],"wp:featuredmedia":[{"embeddable":true,"href":"https:\/\/shop.xn--altmhl-bogensport-52b.de\/index.php?rest_route=\/wp\/v2\/media\/5279"}],"wp:attachment":[{"href":"https:\/\/shop.xn--altmhl-bogensport-52b.de\/index.php?rest_route=%2Fwp%2Fv2%2Fmedia&parent=5274"}],"wp:term":[{"taxonomy":"product_brand","embeddable":true,"href":"https:\/\/shop.xn--altmhl-bogensport-52b.de\/index.php?rest_route=%2Fwp%2Fv2%2Fproduct_brand&post=5274"},{"taxonomy":"product_cat","embeddable":true,"href":"https:\/\/shop.xn--altmhl-bogensport-52b.de\/index.php?rest_route=%2Fwp%2Fv2%2Fproduct_cat&post=5274"},{"taxonomy":"product_tag","embeddable":true,"href":"https:\/\/shop.xn--altmhl-bogensport-52b.de\/index.php?rest_route=%2Fwp%2Fv2%2Fproduct_tag&post=5274"}],"curies":[{"name":"wp","href":"https:\/\/api.w.org\/{rel}","templated":true}]}}