{"id":5257,"date":"2024-10-01T17:49:39","date_gmt":"2024-10-01T17:49:39","guid":{"rendered":"https:\/\/shop.xn--altmhl-bogensport-52b.de\/?post_type=product&#038;p=5257"},"modified":"2025-01-04T12:09:00","modified_gmt":"2025-01-04T12:09:00","slug":"2d-zielscheibenauflage-fasan-paar-mit-trennlinie-leitold","status":"publish","type":"product","link":"https:\/\/shop.xn--altmhl-bogensport-52b.de\/?product=2d-zielscheibenauflage-fasan-paar-mit-trennlinie-leitold","title":{"rendered":"2D-Zielscheibenauflage Fasan-Paar mit Trennlinie Leitold"},"content":{"rendered":"<p>Die Zielscheibenauflagen von L.G. Animals 3D Targets bieten Abwechslung zu einem top Preis-Leistungsverh\u00e4ltnis!<\/p>\n<p>&#8211; 100% wetterbest\u00e4ndig<br \/>\n&#8211; UV-best\u00e4ndig<br \/>\n&#8211; kein Einrei\u00dfen beim Pfeileziehen<\/p>\n<div>&#8211; tolle Farbqualit\u00e4t<\/div>\n<div><\/div>\n<div>Material: Polyester<\/div>\n<div><\/div>\n<div>\n<div>Gewicht: 0,25 kg<\/div>\n<div>H\u00f6he: 50 cm<\/div>\n<div>Breite: 100 cm<\/div>\n<\/div>\n<div><\/div>\n<div><strong>Herstellername:<\/strong><br \/>\nLeitold GmbH<br \/>\n<strong>Anschrift:<\/strong><br \/>\nGewerbepark S\u00fcd, Salzburger Str. 3, 5141 Moosdorf<br \/>\n<strong>Herkunftsland:<\/strong><br \/>\n\u00d6sterreich<br \/>\n<strong>Webseite:<\/strong><br \/>\nhttps:\/\/www.leitold.at\/<br \/>\n<strong>Kontakt:<\/strong><br \/>\ninfo@leitold.at<br \/>\n<strong>Marke:<\/strong><br \/>\nL.G. Animals &#8211; 3D Targets<\/div>\n","protected":false},"excerpt":{"rendered":"<p>Die Zielscheibenauflagen von L.G. Animals 3D Targets bieten Abwechslung zu einem top Preis-Leistungsverh\u00e4ltnis! &#8211; 100% wetterbest\u00e4ndig &#8211; UV-best\u00e4ndig &#8211; kein Einrei\u00dfen beim Pfeileziehen &#8211; tolle Farbqualit\u00e4t Material: Polyester Gewicht: 0,25 kg H\u00f6he: 50 cm Breite: 100 cm Herstellername: Leitold GmbH Anschrift: Gewerbepark S\u00fcd, Salzburger Str. 3, 5141 Moosdorf Herkunftsland: \u00d6sterreich Webseite: https:\/\/www.leitold.at\/ Kontakt: info@leitold.at Marke: [&hellip;]<\/p>\n","protected":false},"featured_media":5258,"comment_status":"open","ping_status":"closed","template":"","meta":[],"product_brand":[],"product_cat":[386],"product_tag":[1143,1392,1393,64,91],"class_list":{"0":"post-5257","1":"product","2":"type-product","3":"status-publish","4":"has-post-thumbnail","6":"product_cat-lg-leitold","7":"product_tag-fasan","8":"product_tag-2d-auflage","9":"product_tag-wetterbestaendig","10":"product_tag-zielscheibe","11":"product_tag-auflage","13":"first","14":"instock","15":"taxable","16":"shipping-taxable","17":"purchasable","18":"product-type-simple"},"_links":{"self":[{"href":"https:\/\/shop.xn--altmhl-bogensport-52b.de\/index.php?rest_route=\/wp\/v2\/product\/5257","targetHints":{"allow":["GET"]}}],"collection":[{"href":"https:\/\/shop.xn--altmhl-bogensport-52b.de\/index.php?rest_route=\/wp\/v2\/product"}],"about":[{"href":"https:\/\/shop.xn--altmhl-bogensport-52b.de\/index.php?rest_route=\/wp\/v2\/types\/product"}],"replies":[{"embeddable":true,"href":"https:\/\/shop.xn--altmhl-bogensport-52b.de\/index.php?rest_route=%2Fwp%2Fv2%2Fcomments&post=5257"}],"wp:featuredmedia":[{"embeddable":true,"href":"https:\/\/shop.xn--altmhl-bogensport-52b.de\/index.php?rest_route=\/wp\/v2\/media\/5258"}],"wp:attachment":[{"href":"https:\/\/shop.xn--altmhl-bogensport-52b.de\/index.php?rest_route=%2Fwp%2Fv2%2Fmedia&parent=5257"}],"wp:term":[{"taxonomy":"product_brand","embeddable":true,"href":"https:\/\/shop.xn--altmhl-bogensport-52b.de\/index.php?rest_route=%2Fwp%2Fv2%2Fproduct_brand&post=5257"},{"taxonomy":"product_cat","embeddable":true,"href":"https:\/\/shop.xn--altmhl-bogensport-52b.de\/index.php?rest_route=%2Fwp%2Fv2%2Fproduct_cat&post=5257"},{"taxonomy":"product_tag","embeddable":true,"href":"https:\/\/shop.xn--altmhl-bogensport-52b.de\/index.php?rest_route=%2Fwp%2Fv2%2Fproduct_tag&post=5257"}],"curies":[{"name":"wp","href":"https:\/\/api.w.org\/{rel}","templated":true}]}}