{"id":5239,"date":"2024-10-01T17:33:44","date_gmt":"2024-10-01T17:33:44","guid":{"rendered":"https:\/\/shop.xn--altmhl-bogensport-52b.de\/?post_type=product&#038;p=5239"},"modified":"2025-12-04T07:29:20","modified_gmt":"2025-12-04T07:29:20","slug":"3d-ziel-ratte-sitzend-von-center-point-bogensport","status":"publish","type":"product","link":"https:\/\/shop.xn--altmhl-bogensport-52b.de\/?product=3d-ziel-ratte-sitzend-von-center-point-bogensport","title":{"rendered":"3D Ziel Ratte sitzend von center-point-bogensport"},"content":{"rendered":"<p style=\"font-weight: 400;\">Die Jagd auf Ratten mit Pfeil und Bogen ist eine ganz besondere Herausforderung. Das kleine Kill und der flache K\u00f6rper fordern vom Sch\u00fctzen h\u00f6chste Pr\u00e4zision. Doch auch mit entsprechendem Backstop l\u00e4sst sich eine spannende Rattenjagd veranstalten.<\/p>\n<p style=\"font-weight: 400;\">Das spezielle PU-Material von center-point-bogensport sorgt daf\u00fcr, dass Pfeile zuverl\u00e4ssig gestoppt werden und sich gut wieder ziehen lassen, zudem bewahrt es auch die sch\u00f6ne Optik f\u00fcr einen erstaunlich langen Zeitraum.<\/p>\n<p>Hinweis: Unsere 3D Tiere werden alle einzeln in Handarbeit gefertigt und lackiert. Daher k\u00f6nnen\u00a0kleinere Abweichungen in der Farbgebung auftreten.<\/p>\n<p style=\"font-weight: 400;\">IFAA-Kategorie: Gruppe 4<\/p>\n<p style=\"font-weight: 400;\">WA-Kategorie: Gruppe 4<\/p>\n<p style=\"font-weight: 400;\">Au\u00dfenkill: 110mm<\/p>\n<p style=\"font-weight: 400;\">Innenkill: 60mm<\/p>\n<p style=\"font-weight: 400;\">Killtiefe: 130mm<\/p>\n<p style=\"font-weight: 400;\">Gr\u00f6\u00dfe: 35cm x 20cm x 13cm<\/p>\n<p style=\"font-weight: 400;\">Gewicht:\u00a01,05\u00a0kg<\/p>\n<p style=\"font-weight: 400;\">Befestigung: 2 L\u00f6cher im Sockel<\/p>\n<p>&nbsp;<\/p>\n<p><strong>Herstellername:<\/strong><br \/>\ncenter-point-bogensport &#8211; Inh. Mario Helbing<br \/>\n<strong>Anschrift:<\/strong><br \/>\nCeller Str. 24, 37281 Wanfried<br \/>\n<strong>Herkunftsland:<\/strong><br \/>\nDeutschland<br \/>\n<strong>Webseite:<\/strong><\/p>\n<blockquote hcb-fetch-image-from=\"https:\/\/cpbogensport.de\/\" class=\"wp-embedded-content\" data-secret=\"yfByJCbnUy\"><p><a href=\"https:\/\/cpbogensport.de\/\">Startseite<\/a><\/p><\/blockquote>\n<p><iframe loading=\"lazy\" class=\"wp-embedded-content\" sandbox=\"allow-scripts\" security=\"restricted\" style=\"position: absolute; visibility: hidden;\" title=\"&#8222;Startseite&#8220; &#8211; Center Point Bogensport\" src=\"https:\/\/cpbogensport.de\/embed\/#?secret=ouDHBXWvU5#?secret=yfByJCbnUy\" data-secret=\"yfByJCbnUy\" width=\"600\" height=\"338\" frameborder=\"0\" marginwidth=\"0\" marginheight=\"0\" scrolling=\"no\"><\/iframe><br \/>\n<strong>Kontakt:<\/strong><br \/>\ninfo@cpbogensport.de<br \/>\n<strong>Marke:<\/strong><br \/>\nCenter-Point<\/p>\n","protected":false},"excerpt":{"rendered":"<p>Die Jagd auf Ratten mit Pfeil und Bogen ist eine ganz besondere Herausforderung. Das kleine Kill und der flache K\u00f6rper fordern vom Sch\u00fctzen h\u00f6chste Pr\u00e4zision. Doch auch mit entsprechendem Backstop l\u00e4sst sich eine spannende Rattenjagd veranstalten. Das spezielle PU-Material von center-point-bogensport sorgt daf\u00fcr, dass Pfeile zuverl\u00e4ssig gestoppt werden und sich gut wieder ziehen lassen, zudem [&hellip;]<\/p>\n","protected":false},"featured_media":5240,"comment_status":"open","ping_status":"closed","template":"","meta":[],"product_brand":[],"product_cat":[1388,1504],"product_tag":[1389,1390,177,220],"class_list":{"0":"post-5239","1":"product","2":"type-product","3":"status-publish","4":"has-post-thumbnail","6":"product_cat-center-point","7":"product_cat-sommerschlussverkauf","8":"product_tag-center-point","9":"product_tag-grinsend","10":"product_tag-3d-ziel","11":"product_tag-ratte","13":"first","14":"outofstock","15":"taxable","16":"shipping-taxable","17":"purchasable","18":"product-type-simple"},"_links":{"self":[{"href":"https:\/\/shop.xn--altmhl-bogensport-52b.de\/index.php?rest_route=\/wp\/v2\/product\/5239","targetHints":{"allow":["GET"]}}],"collection":[{"href":"https:\/\/shop.xn--altmhl-bogensport-52b.de\/index.php?rest_route=\/wp\/v2\/product"}],"about":[{"href":"https:\/\/shop.xn--altmhl-bogensport-52b.de\/index.php?rest_route=\/wp\/v2\/types\/product"}],"replies":[{"embeddable":true,"href":"https:\/\/shop.xn--altmhl-bogensport-52b.de\/index.php?rest_route=%2Fwp%2Fv2%2Fcomments&post=5239"}],"wp:featuredmedia":[{"embeddable":true,"href":"https:\/\/shop.xn--altmhl-bogensport-52b.de\/index.php?rest_route=\/wp\/v2\/media\/5240"}],"wp:attachment":[{"href":"https:\/\/shop.xn--altmhl-bogensport-52b.de\/index.php?rest_route=%2Fwp%2Fv2%2Fmedia&parent=5239"}],"wp:term":[{"taxonomy":"product_brand","embeddable":true,"href":"https:\/\/shop.xn--altmhl-bogensport-52b.de\/index.php?rest_route=%2Fwp%2Fv2%2Fproduct_brand&post=5239"},{"taxonomy":"product_cat","embeddable":true,"href":"https:\/\/shop.xn--altmhl-bogensport-52b.de\/index.php?rest_route=%2Fwp%2Fv2%2Fproduct_cat&post=5239"},{"taxonomy":"product_tag","embeddable":true,"href":"https:\/\/shop.xn--altmhl-bogensport-52b.de\/index.php?rest_route=%2Fwp%2Fv2%2Fproduct_tag&post=5239"}],"curies":[{"name":"wp","href":"https:\/\/api.w.org\/{rel}","templated":true}]}}