{"id":5234,"date":"2024-10-01T17:28:21","date_gmt":"2024-10-01T17:28:21","guid":{"rendered":"https:\/\/shop.xn--altmhl-bogensport-52b.de\/?post_type=product&#038;p=5234"},"modified":"2025-02-10T09:10:24","modified_gmt":"2025-02-10T09:10:24","slug":"3d-ziel-spatz-von-center-point-bogensport","status":"publish","type":"product","link":"https:\/\/shop.xn--altmhl-bogensport-52b.de\/?product=3d-ziel-spatz-von-center-point-bogensport","title":{"rendered":"3D Ziel Spatz von center-point-bogensport"},"content":{"rendered":"<p style=\"font-weight: 400;\">Der absolute Hingucker auch in versteckten Ecken.<\/p>\n<p style=\"font-weight: 400;\">Das spezielle PU-Material von center-point-bogensport sorgt daf\u00fcr, dass Pfeile zuverl\u00e4ssig gestoppt werden und sich gut wieder ziehen lassen, zudem bewahrt es auch die sch\u00f6ne Optik f\u00fcr einen erstaunlich langen Zeitraum.<\/p>\n<p style=\"font-weight: 400;\">Hinweis: Unsere 3D Tiere werden alle einzeln in Handarbeit gefertigt und lackiert. Daher k\u00f6nnen\u00a0kleinere Abweichungen in der Farbgebung auftreten.<\/p>\n<p style=\"font-weight: 400;\">IFAA-Kategorie: Gruppe 4<\/p>\n<p style=\"font-weight: 400;\">WA-Kategorie: Gruppe 4<\/p>\n<p style=\"font-weight: 400;\">Au\u00dfenkill: 130mm<\/p>\n<p style=\"font-weight: 400;\">Innenkill: 65mm<\/p>\n<p style=\"font-weight: 400;\">Killtiefe: 200mm<\/p>\n<p style=\"font-weight: 400;\">Gr\u00f6\u00dfe: 35cm x 42cm x 25cm<\/p>\n<p style=\"font-weight: 400;\">Gewicht:\u00a02,41\u00a0kg<\/p>\n<p style=\"font-weight: 400;\">Befestigung: 2 L\u00f6cher im Sockel<\/p>\n<p>&nbsp;<\/p>\n<p><strong>Herstellername:<\/strong><br \/>\ncenter-point-bogensport &#8211; Inh. Mario Helbing<br \/>\n<strong>Anschrift:<\/strong><br \/>\nCeller Str. 24, 37281 Wanfried<br \/>\n<strong>Herkunftsland:<\/strong><br \/>\nDeutschland<br \/>\n<strong>Webseite:<\/strong><br \/>\nhttps:\/\/cpbogensport.de\/<br \/>\n<strong>Kontakt:<\/strong><br \/>\ninfo@cpbogensport.de<br \/>\n<strong>Marke:<\/strong><br \/>\nCenter-Point<\/p>\n","protected":false},"excerpt":{"rendered":"<p>Der absolute Hingucker auch in versteckten Ecken. Das spezielle PU-Material von center-point-bogensport sorgt daf\u00fcr, dass Pfeile zuverl\u00e4ssig gestoppt werden und sich gut wieder ziehen lassen, zudem bewahrt es auch die sch\u00f6ne Optik f\u00fcr einen erstaunlich langen Zeitraum. Hinweis: Unsere 3D Tiere werden alle einzeln in Handarbeit gefertigt und lackiert. Daher k\u00f6nnen\u00a0kleinere Abweichungen in der Farbgebung [&hellip;]<\/p>\n","protected":false},"featured_media":5235,"comment_status":"open","ping_status":"closed","template":"","meta":[],"product_brand":[],"product_cat":[1388],"product_tag":[1389,177,1341,1343],"class_list":{"0":"post-5234","1":"product","2":"type-product","3":"status-publish","4":"has-post-thumbnail","6":"product_cat-center-point","7":"product_tag-center-point","8":"product_tag-3d-ziel","9":"product_tag-spatz","10":"product_tag-vogel","12":"first","13":"onbackorder","14":"taxable","15":"shipping-taxable","16":"purchasable","17":"product-type-simple"},"_links":{"self":[{"href":"https:\/\/shop.xn--altmhl-bogensport-52b.de\/index.php?rest_route=\/wp\/v2\/product\/5234","targetHints":{"allow":["GET"]}}],"collection":[{"href":"https:\/\/shop.xn--altmhl-bogensport-52b.de\/index.php?rest_route=\/wp\/v2\/product"}],"about":[{"href":"https:\/\/shop.xn--altmhl-bogensport-52b.de\/index.php?rest_route=\/wp\/v2\/types\/product"}],"replies":[{"embeddable":true,"href":"https:\/\/shop.xn--altmhl-bogensport-52b.de\/index.php?rest_route=%2Fwp%2Fv2%2Fcomments&post=5234"}],"wp:featuredmedia":[{"embeddable":true,"href":"https:\/\/shop.xn--altmhl-bogensport-52b.de\/index.php?rest_route=\/wp\/v2\/media\/5235"}],"wp:attachment":[{"href":"https:\/\/shop.xn--altmhl-bogensport-52b.de\/index.php?rest_route=%2Fwp%2Fv2%2Fmedia&parent=5234"}],"wp:term":[{"taxonomy":"product_brand","embeddable":true,"href":"https:\/\/shop.xn--altmhl-bogensport-52b.de\/index.php?rest_route=%2Fwp%2Fv2%2Fproduct_brand&post=5234"},{"taxonomy":"product_cat","embeddable":true,"href":"https:\/\/shop.xn--altmhl-bogensport-52b.de\/index.php?rest_route=%2Fwp%2Fv2%2Fproduct_cat&post=5234"},{"taxonomy":"product_tag","embeddable":true,"href":"https:\/\/shop.xn--altmhl-bogensport-52b.de\/index.php?rest_route=%2Fwp%2Fv2%2Fproduct_tag&post=5234"}],"curies":[{"name":"wp","href":"https:\/\/api.w.org\/{rel}","templated":true}]}}