{"id":5231,"date":"2024-10-01T17:23:31","date_gmt":"2024-10-01T17:23:31","guid":{"rendered":"https:\/\/shop.xn--altmhl-bogensport-52b.de\/?post_type=product&#038;p=5231"},"modified":"2025-06-01T08:44:21","modified_gmt":"2025-06-01T08:44:21","slug":"3d-ziel-apfel-von-center-point-bogensport","status":"publish","type":"product","link":"https:\/\/shop.xn--altmhl-bogensport-52b.de\/?product=3d-ziel-apfel-von-center-point-bogensport","title":{"rendered":"3D Ziel Apfel von center-point-bogensport"},"content":{"rendered":"<p>Unser Apfel\u00a0aus bew\u00e4hrtem center-point Material. Der Spa\u00dfmacher in jedem Verein oder auf Turnieren.<br \/>\nDas spezielle PU-Material von center-point-bogensport sorgt daf\u00fcr, dass Pfeile zuverl\u00e4ssig gestoppt werden und sich gut wieder ziehen lassen, zudem bewahrt es auch die sch\u00f6ne Optik f\u00fcr einen erstaunlich langen Zeitraum.<\/p>\n<p>Hinweis: Unsere 3D\u00a0Ziele werden alle einzeln in Handarbeit gefertigt und lackiert. Daher k\u00f6nnen\u00a0kleinere Abweichungen in der Farbgebung auftreten.<\/p>\n<p class=\"3dziel_daten\">Gr\u00f6\u00dfe: 11x9cm<br \/>\nBefestigung: Magnet und Schlaufe im Stiel<\/p>\n<p class=\"3dziel_daten\">Gewicht: 0,15 kg<\/p>\n<p>&nbsp;<\/p>\n<p><strong>Herstellername:<\/strong><br \/>\ncenter-point-bogensport &#8211; Inh. Mario Helbing<br \/>\n<strong>Anschrift:<\/strong><br \/>\nCeller Str. 24, 37281 Wanfried<br \/>\n<strong>Herkunftsland:<\/strong><br \/>\nDeutschland<br \/>\n<strong>Webseite:<\/strong><\/p>\n<blockquote hcb-fetch-image-from=\"https:\/\/cpbogensport.de\/\" class=\"wp-embedded-content\" data-secret=\"i0BvIQ4mDM\"><p><a href=\"https:\/\/cpbogensport.de\/\">Startseite<\/a><\/p><\/blockquote>\n<p><iframe loading=\"lazy\" class=\"wp-embedded-content\" sandbox=\"allow-scripts\" security=\"restricted\" style=\"position: absolute; visibility: hidden;\" title=\"&#8222;Startseite&#8220; &#8212; Center Point Bogensport\" src=\"https:\/\/cpbogensport.de\/embed\/#?secret=fK8G9hQqfj#?secret=i0BvIQ4mDM\" data-secret=\"i0BvIQ4mDM\" width=\"600\" height=\"338\" frameborder=\"0\" marginwidth=\"0\" marginheight=\"0\" scrolling=\"no\"><\/iframe><br \/>\n<strong>Kontakt:<\/strong><br \/>\ninfo@cpbogensport.de<br \/>\n<strong>Marke:<\/strong><br \/>\nCenter-Point<\/p>\n","protected":false},"excerpt":{"rendered":"<p>Unser Apfel\u00a0aus bew\u00e4hrtem center-point Material. Der Spa\u00dfmacher in jedem Verein oder auf Turnieren. Das spezielle PU-Material von center-point-bogensport sorgt daf\u00fcr, dass Pfeile zuverl\u00e4ssig gestoppt werden und sich gut wieder ziehen lassen, zudem bewahrt es auch die sch\u00f6ne Optik f\u00fcr einen erstaunlich langen Zeitraum. Hinweis: Unsere 3D\u00a0Ziele werden alle einzeln in Handarbeit gefertigt und lackiert. Daher [&hellip;]<\/p>\n","protected":false},"featured_media":5232,"comment_status":"open","ping_status":"closed","template":"","meta":[],"product_brand":[],"product_cat":[1388],"product_tag":[177,712,713,1389],"class_list":{"0":"post-5231","1":"product","2":"type-product","3":"status-publish","4":"has-post-thumbnail","6":"product_cat-center-point","7":"product_tag-3d-ziel","8":"product_tag-apfel","9":"product_tag-spassziel","10":"product_tag-center-point","12":"first","13":"onbackorder","14":"taxable","15":"shipping-taxable","16":"purchasable","17":"product-type-simple"},"_links":{"self":[{"href":"https:\/\/shop.xn--altmhl-bogensport-52b.de\/index.php?rest_route=\/wp\/v2\/product\/5231","targetHints":{"allow":["GET"]}}],"collection":[{"href":"https:\/\/shop.xn--altmhl-bogensport-52b.de\/index.php?rest_route=\/wp\/v2\/product"}],"about":[{"href":"https:\/\/shop.xn--altmhl-bogensport-52b.de\/index.php?rest_route=\/wp\/v2\/types\/product"}],"replies":[{"embeddable":true,"href":"https:\/\/shop.xn--altmhl-bogensport-52b.de\/index.php?rest_route=%2Fwp%2Fv2%2Fcomments&post=5231"}],"wp:featuredmedia":[{"embeddable":true,"href":"https:\/\/shop.xn--altmhl-bogensport-52b.de\/index.php?rest_route=\/wp\/v2\/media\/5232"}],"wp:attachment":[{"href":"https:\/\/shop.xn--altmhl-bogensport-52b.de\/index.php?rest_route=%2Fwp%2Fv2%2Fmedia&parent=5231"}],"wp:term":[{"taxonomy":"product_brand","embeddable":true,"href":"https:\/\/shop.xn--altmhl-bogensport-52b.de\/index.php?rest_route=%2Fwp%2Fv2%2Fproduct_brand&post=5231"},{"taxonomy":"product_cat","embeddable":true,"href":"https:\/\/shop.xn--altmhl-bogensport-52b.de\/index.php?rest_route=%2Fwp%2Fv2%2Fproduct_cat&post=5231"},{"taxonomy":"product_tag","embeddable":true,"href":"https:\/\/shop.xn--altmhl-bogensport-52b.de\/index.php?rest_route=%2Fwp%2Fv2%2Fproduct_tag&post=5231"}],"curies":[{"name":"wp","href":"https:\/\/api.w.org\/{rel}","templated":true}]}}