{"id":5219,"date":"2024-09-28T08:06:04","date_gmt":"2024-09-28T08:06:04","guid":{"rendered":"https:\/\/shop.xn--altmhl-bogensport-52b.de\/?post_type=product&#038;p=5219"},"modified":"2025-11-17T08:49:50","modified_gmt":"2025-11-17T08:49:50","slug":"easton-vector-carbonpfeil-4-shield-befiedert-cresting","status":"publish","type":"product","link":"https:\/\/shop.xn--altmhl-bogensport-52b.de\/?product=easton-vector-carbonpfeil-4-shield-befiedert-cresting","title":{"rendered":"Easton Vector Carbonpfeil 4&#8243; shield befiedert + cresting"},"content":{"rendered":"<div class=\"content--title\">Produktinformationen &#8220;Easton Vector Carbonpfeile 1 St\u00fcck&#8221;<\/div>\n<div><\/div>\n<div>Easton Vector Pfeile sind die Nachfolger des beliebten Inspire Pfeils.<\/div>\n<div><\/div>\n<div class=\"product--description\">\n<p>Diese Easton Vector Pfeile sind fertig zum Schie\u00dfen und werden mit 4 &#8220;Naturfedern, Spitze und Nocken geliefert.<\/p>\n<p>Der Schaft aus Vollcarbon ist sehr fest und ist perfekt f\u00fcr Schie\u00dfen mit leichteren B\u00f6gen von 10 bis 30 LBS und bis Auszugsl\u00e4nge von 29 Zoll geeignet.<\/p>\n<p>Easton Vector Pfeile sind ideal f\u00fcr Anf\u00e4nger und Einsteiger, die einen langlebigen und leichten Pfeil suchen.<\/p>\n<h4>Technische Details:<\/h4>\n<ul>\n<li>Spine: 1000<\/li>\n<li>L\u00e4nge: 29 Zoll<\/li>\n<li>Befiederung: 4 Zoll Naturfeder shield pink, 2x flu gelb<\/li>\n<li>Material: Strapazierf\u00e4hige, ummantelte Carbonkonstruktion<\/li>\n<li>Easton G-Nock pink und 70gr Spitze sind bereits installiert.<\/li>\n<li>Der Pfeil ist somit sofort schussbereit<\/li>\n<li>Cresting in Sonderfarbe Gold<\/li>\n<\/ul>\n<p>Lieferinhalt: Set mit 6 Pfeilen<\/p>\n<\/div>\n<p><strong>Herstellername:<\/strong><br \/>\nJVD Group B.V.<br \/>\n<strong>Anschrift:<\/strong><br \/>\nLooier 9, 5253 RA Nieuwkuijk<br \/>\n<strong>Herkunftsland:<\/strong><br \/>\nNiederlande<br \/>\n<strong>Webseite:<\/strong><br \/>\nhttps:\/\/www.jvd-archery.com\/<br \/>\n<strong>Kontakt:<\/strong><br \/>\ncontact@jvd-group.com<br \/>\n<strong>Marke:<\/strong><br \/>\nJVD<\/p>\n<p>&nbsp;<\/p>\n","protected":false},"excerpt":{"rendered":"<p>Produktinformationen &#8220;Easton Vector Carbonpfeile 1 St\u00fcck&#8221; Easton Vector Pfeile sind die Nachfolger des beliebten Inspire Pfeils. Diese Easton Vector Pfeile sind fertig zum Schie\u00dfen und werden mit 4 &#8220;Naturfedern, Spitze und Nocken geliefert. Der Schaft aus Vollcarbon ist sehr fest und ist perfekt f\u00fcr Schie\u00dfen mit leichteren B\u00f6gen von 10 bis 30 LBS und bis [&hellip;]<\/p>\n","protected":false},"featured_media":5223,"comment_status":"open","ping_status":"closed","template":"","meta":[],"product_brand":[],"product_cat":[86,122,163,805,946],"product_tag":[1254,1372,112,403,711,945,1161],"class_list":{"0":"post-5219","1":"product","2":"type-product","3":"status-publish","4":"has-post-thumbnail","6":"product_cat-carbonpfeil","7":"product_cat-naturfedern-4-zoll-rw","8":"product_cat-sale","9":"product_cat-kinderpfeile","10":"product_cat-custompfeil-sonderanfertigung","11":"product_tag-einsteigerpfeil","12":"product_tag-vector","13":"product_tag-naturfeder","14":"product_tag-easton","15":"product_tag-anfaenger","16":"product_tag-komplettpfeil","17":"product_tag-cresting","18":"pa_spitze-insert-einkleben-nur-beilegen","19":"pa_spitze-insert-einkleben-einkleben","21":"first","22":"outofstock","23":"taxable","24":"shipping-taxable","25":"purchasable","26":"product-type-simple"},"_links":{"self":[{"href":"https:\/\/shop.xn--altmhl-bogensport-52b.de\/index.php?rest_route=\/wp\/v2\/product\/5219","targetHints":{"allow":["GET"]}}],"collection":[{"href":"https:\/\/shop.xn--altmhl-bogensport-52b.de\/index.php?rest_route=\/wp\/v2\/product"}],"about":[{"href":"https:\/\/shop.xn--altmhl-bogensport-52b.de\/index.php?rest_route=\/wp\/v2\/types\/product"}],"replies":[{"embeddable":true,"href":"https:\/\/shop.xn--altmhl-bogensport-52b.de\/index.php?rest_route=%2Fwp%2Fv2%2Fcomments&post=5219"}],"wp:featuredmedia":[{"embeddable":true,"href":"https:\/\/shop.xn--altmhl-bogensport-52b.de\/index.php?rest_route=\/wp\/v2\/media\/5223"}],"wp:attachment":[{"href":"https:\/\/shop.xn--altmhl-bogensport-52b.de\/index.php?rest_route=%2Fwp%2Fv2%2Fmedia&parent=5219"}],"wp:term":[{"taxonomy":"product_brand","embeddable":true,"href":"https:\/\/shop.xn--altmhl-bogensport-52b.de\/index.php?rest_route=%2Fwp%2Fv2%2Fproduct_brand&post=5219"},{"taxonomy":"product_cat","embeddable":true,"href":"https:\/\/shop.xn--altmhl-bogensport-52b.de\/index.php?rest_route=%2Fwp%2Fv2%2Fproduct_cat&post=5219"},{"taxonomy":"product_tag","embeddable":true,"href":"https:\/\/shop.xn--altmhl-bogensport-52b.de\/index.php?rest_route=%2Fwp%2Fv2%2Fproduct_tag&post=5219"}],"curies":[{"name":"wp","href":"https:\/\/api.w.org\/{rel}","templated":true}]}}