{"id":5190,"date":"2024-09-25T15:53:33","date_gmt":"2024-09-25T15:53:33","guid":{"rendered":"https:\/\/shop.xn--altmhl-bogensport-52b.de\/?post_type=product&#038;p=5190"},"modified":"2024-09-26T09:32:54","modified_gmt":"2024-09-26T09:32:54","slug":"gt-rw-shield-3-zoll-einfarbig-gateway","status":"publish","type":"product","link":"https:\/\/shop.xn--altmhl-bogensport-52b.de\/?product=gt-rw-shield-3-zoll-einfarbig-gateway","title":{"rendered":"GT RW Shield 3 Zoll einfarbig Gateway"},"content":{"rendered":"<p>Die qualitativ hochwertigen Naturfedern der Firma Gateway sorgen f\u00fcr einen perfekten Pfeilflug und sind vom Aussehen her sehr edel.<\/p>\n<p>Pfeile mit Federn in der L\u00e4nge von 3 Zoll werden im Bereich des traditionellen Bogenschie\u00dfens wohl am h\u00e4ufigsten f\u00fcr B\u00f6gen mit niedrigerem Zuggewicht und Kinderpfeile verwendet, aber auch erfahrene Sch\u00fctzen nutzen gern diese Federn. So k\u00f6nnen auch bei geringeren Zuggewichten h\u00f6here Pfeilgeschwindigkeiten realisiert werden.<\/p>\n<ul>\n<li>Ausf\u00fchrung: Shield Form<\/li>\n<li>L\u00e4nge: 3 Zoll<\/li>\n<li>Farbstruktur: Einfarbig<\/li>\n<li>Farben: Verschiedene Farben<\/li>\n<\/ul>\n<h2>Key Features der\u00a0Gateway Naturfeder<\/h2>\n<ul>\n<li>Auff\u00e4lliges Design<\/li>\n<li>Pr\u00e4zise geschnittene Naturfedern f\u00fcr schnellen und fehlerverzeihenden Pfeilflug<\/li>\n<li>F\u00fcr den Einsatz auf allen Schaftmaterialien geeignet<\/li>\n<li>Beliebte Gr\u00f6\u00dfe, die f\u00fcr den Einsatz auf allen Sch\u00e4ften geeignet ist<\/li>\n<\/ul>\n<p><b>Im Untermen\u00fc k\u00f6nnen sie ihre ganz pers\u00f6nliche Wunschfarbe ausw\u00e4hlen!<\/b><\/p>\n","protected":false},"excerpt":{"rendered":"<p>3 Zoll shield Feder einfarbig Bearpaw<\/p>\n","protected":false},"featured_media":5205,"comment_status":"open","ping_status":"closed","template":"","meta":[],"product_brand":[],"product_cat":[17,118],"product_tag":[111,112,119,120,195,563],"class_list":{"0":"post-5190","1":"product","2":"type-product","3":"status-publish","4":"has-post-thumbnail","6":"product_cat-pfeilbau","7":"product_cat-naturfedern-3-zoll-rw-pfeilbau","8":"product_tag-feder","9":"product_tag-naturfeder","10":"product_tag-3-zoll","11":"product_tag-einfarbig","12":"product_tag-pfeilbau","13":"product_tag-gateway","15":"first","16":"instock","17":"taxable","18":"shipping-taxable","19":"purchasable","20":"product-type-variable"},"_links":{"self":[{"href":"https:\/\/shop.xn--altmhl-bogensport-52b.de\/index.php?rest_route=\/wp\/v2\/product\/5190","targetHints":{"allow":["GET"]}}],"collection":[{"href":"https:\/\/shop.xn--altmhl-bogensport-52b.de\/index.php?rest_route=\/wp\/v2\/product"}],"about":[{"href":"https:\/\/shop.xn--altmhl-bogensport-52b.de\/index.php?rest_route=\/wp\/v2\/types\/product"}],"replies":[{"embeddable":true,"href":"https:\/\/shop.xn--altmhl-bogensport-52b.de\/index.php?rest_route=%2Fwp%2Fv2%2Fcomments&post=5190"}],"wp:featuredmedia":[{"embeddable":true,"href":"https:\/\/shop.xn--altmhl-bogensport-52b.de\/index.php?rest_route=\/wp\/v2\/media\/5205"}],"wp:attachment":[{"href":"https:\/\/shop.xn--altmhl-bogensport-52b.de\/index.php?rest_route=%2Fwp%2Fv2%2Fmedia&parent=5190"}],"wp:term":[{"taxonomy":"product_brand","embeddable":true,"href":"https:\/\/shop.xn--altmhl-bogensport-52b.de\/index.php?rest_route=%2Fwp%2Fv2%2Fproduct_brand&post=5190"},{"taxonomy":"product_cat","embeddable":true,"href":"https:\/\/shop.xn--altmhl-bogensport-52b.de\/index.php?rest_route=%2Fwp%2Fv2%2Fproduct_cat&post=5190"},{"taxonomy":"product_tag","embeddable":true,"href":"https:\/\/shop.xn--altmhl-bogensport-52b.de\/index.php?rest_route=%2Fwp%2Fv2%2Fproduct_tag&post=5190"}],"curies":[{"name":"wp","href":"https:\/\/api.w.org\/{rel}","templated":true}]}}