{"id":5180,"date":"2024-09-21T10:26:32","date_gmt":"2024-09-21T10:26:32","guid":{"rendered":"https:\/\/shop.xn--altmhl-bogensport-52b.de\/?post_type=product&#038;p=5180"},"modified":"2026-03-05T19:03:22","modified_gmt":"2026-03-05T19:03:22","slug":"3d-ziel-geissbock-poldi-junior-leitold","status":"publish","type":"product","link":"https:\/\/shop.xn--altmhl-bogensport-52b.de\/?product=3d-ziel-geissbock-poldi-junior-leitold","title":{"rendered":"3D-Ziel Gei\u00dfbock &#8220;Poldi junior&#8221; Leitold"},"content":{"rendered":"<p>Den Gei\u00dfbock &#8220;Poldi&#8221; gibt es nun auch in klein!<\/p>\n<div>Die\u00a0Poldi\u00a0Familie\u00a0hat\u00a0Nachwuchs\u00a0bekommen &#8211;\u00a0Poldi\u00a0junior!<\/div>\n<div>Kompaktes\u00a0Fun\u00a0Target\u00a0der\u00a0Gruppe\u00a04.<\/div>\n<div><\/div>\n<div>IFAA Gruppe: 4<\/div>\n<div>Vital\/Au\u00dfenkill: 10 cm<\/div>\n<div>10er-Ring: 6\u00a0cm<\/div>\n<div>Anzahl Wertungszonen: 2<\/div>\n<div><\/div>\n<div>\n<div>Gewicht: 2,1 kg<\/div>\n<div>H\u00f6he: 43 cm<\/div>\n<div>Breite: 14 cm<\/div>\n<div>Tiefe: 45 cm<\/div>\n<\/div>\n<div><\/div>\n<div>&#8211; UV-resistent<\/div>\n<div>&#8211; einteilig und somit extrem witterungsbest\u00e4ndig und langlebig (optimal auch f\u00fcr Ganzjahres-\/Winterparcours!)<\/div>\n<div>&#8211; perfekte Materialabstimmung sorgt f\u00fcr leichtes Pfeile ziehen und selbstverschlie\u00dfende Einschussl\u00f6cher<\/div>\n<div>&#8211; optimale Pfeil-Stoppwirkung \/ f\u00fcr alle Bogenarten geeignet<\/div>\n<div>&#8211; IFAA + WA konform<\/div>\n<div><\/div>\n<div>Leitold-HINWEIS: Bei unseren Produktbildern handelt es sich um Symbol-Fotos. Da alles in Handarbeit bemalt wird, kann es zu Farbabweichungen kommen.<\/div>\n<div><\/div>\n<div><strong>Herstellername:<\/strong><br \/>\nLeitold GmbH<br \/>\n<strong>Anschrift:<\/strong><br \/>\nGewerbepark S\u00fcd, Salzburger Str. 3, 5141 Moosdorf<br \/>\n<strong>Herkunftsland:<\/strong><br \/>\n\u00d6sterreich<br \/>\n<strong>Webseite:<\/strong><br \/>\nhttps:\/\/www.leitold.at\/<br \/>\n<strong>Kontakt:<\/strong><br \/>\ninfo@leitold.at<br \/>\n<strong>Marke:<\/strong><br \/>\nL.G. Animals &#8211; 3D Targets<\/div>\n","protected":false},"excerpt":{"rendered":"<p>Den Gei\u00dfbock &#8220;Poldi&#8221; gibt es nun auch in klein! Die\u00a0Poldi\u00a0Familie\u00a0hat\u00a0Nachwuchs\u00a0bekommen &#8211;\u00a0Poldi\u00a0junior! Kompaktes\u00a0Fun\u00a0Target\u00a0der\u00a0Gruppe\u00a04. IFAA Gruppe: 4 Vital\/Au\u00dfenkill: 10 cm 10er-Ring: 6\u00a0cm Anzahl Wertungszonen: 2 Gewicht: 2,1 kg H\u00f6he: 43 cm Breite: 14 cm Tiefe: 45 cm &#8211; UV-resistent &#8211; einteilig und somit extrem witterungsbest\u00e4ndig und langlebig (optimal auch f\u00fcr Ganzjahres-\/Winterparcours!) &#8211; perfekte Materialabstimmung sorgt f\u00fcr leichtes [&hellip;]<\/p>\n","protected":false},"featured_media":5182,"comment_status":"open","ping_status":"closed","template":"","meta":[],"product_brand":[],"product_cat":[386],"product_tag":[177,388,1385,1386],"class_list":{"0":"post-5180","1":"product","2":"type-product","3":"status-publish","4":"has-post-thumbnail","6":"product_cat-lg-leitold","7":"product_tag-3d-ziel","8":"product_tag-leitold","9":"product_tag-poldi","10":"product_tag-geissbock","12":"first","13":"onbackorder","14":"taxable","15":"shipping-taxable","16":"purchasable","17":"product-type-simple"},"_links":{"self":[{"href":"https:\/\/shop.xn--altmhl-bogensport-52b.de\/index.php?rest_route=\/wp\/v2\/product\/5180","targetHints":{"allow":["GET"]}}],"collection":[{"href":"https:\/\/shop.xn--altmhl-bogensport-52b.de\/index.php?rest_route=\/wp\/v2\/product"}],"about":[{"href":"https:\/\/shop.xn--altmhl-bogensport-52b.de\/index.php?rest_route=\/wp\/v2\/types\/product"}],"replies":[{"embeddable":true,"href":"https:\/\/shop.xn--altmhl-bogensport-52b.de\/index.php?rest_route=%2Fwp%2Fv2%2Fcomments&post=5180"}],"wp:featuredmedia":[{"embeddable":true,"href":"https:\/\/shop.xn--altmhl-bogensport-52b.de\/index.php?rest_route=\/wp\/v2\/media\/5182"}],"wp:attachment":[{"href":"https:\/\/shop.xn--altmhl-bogensport-52b.de\/index.php?rest_route=%2Fwp%2Fv2%2Fmedia&parent=5180"}],"wp:term":[{"taxonomy":"product_brand","embeddable":true,"href":"https:\/\/shop.xn--altmhl-bogensport-52b.de\/index.php?rest_route=%2Fwp%2Fv2%2Fproduct_brand&post=5180"},{"taxonomy":"product_cat","embeddable":true,"href":"https:\/\/shop.xn--altmhl-bogensport-52b.de\/index.php?rest_route=%2Fwp%2Fv2%2Fproduct_cat&post=5180"},{"taxonomy":"product_tag","embeddable":true,"href":"https:\/\/shop.xn--altmhl-bogensport-52b.de\/index.php?rest_route=%2Fwp%2Fv2%2Fproduct_tag&post=5180"}],"curies":[{"name":"wp","href":"https:\/\/api.w.org\/{rel}","templated":true}]}}