{"id":5168,"date":"2024-09-13T16:16:03","date_gmt":"2024-09-13T16:16:03","guid":{"rendered":"https:\/\/shop.xn--altmhl-bogensport-52b.de\/?post_type=product&#038;p=5168"},"modified":"2024-12-29T16:03:08","modified_gmt":"2024-12-29T16:03:08","slug":"rinehart-portable-target-3d-x-bow-bag-18-armbrustziel","status":"publish","type":"product","link":"https:\/\/shop.xn--altmhl-bogensport-52b.de\/?product=rinehart-portable-target-3d-x-bow-bag-18-armbrustziel","title":{"rendered":"Rinehart Portable Target 3D X-Bow Bag 18&#8243; Armbrustziel"},"content":{"rendered":"<pre id=\"tw-target-text\" class=\"tw-data-text tw-text-large tw-ta\" dir=\"ltr\" data-placeholder=\"\u00dcbersetzung\" aria-label=\"\u00dcbersetzter Text\" data-ved=\"2ahUKEwjlhJrVp8CIAxX3h_0HHS2fNHgQ3ewLegQICBAU\"><span class=\"Y2IQFc\" lang=\"de\">Schiessack geeignet f\u00fcr die Verwendung mit Armbr\u00fcsten und anderen B\u00f6gen mit hohem Gewicht\r\nExtreme Bremskraft\r\nStoppt Bolzen mit bis zu 400 fps\r\nEine Seite verf\u00fcgt \u00fcber ein aufgedrucktes Gitterdesign, das sich ideal zum Visieren mit einer Armbrust eignet\r\noben Tragegriff f\u00fcr einfachen Transport oder 2 \u00d6sen zum Aufh\u00e4ngen. <\/span><\/pre>\n<p>&nbsp;<\/p>\n<p><strong>Herstellername:<\/strong><br \/>\nJVD Group B.V.<br \/>\n<strong>Anschrift:<\/strong><br \/>\nLooier 9, 5253 RA Nieuwkuijk<br \/>\n<strong>Herkunftsland:<\/strong><br \/>\nNiederlande<br \/>\n<strong>Webseite:<\/strong><br \/>\nhttps:\/\/www.jvd-archery.com\/<br \/>\n<strong>Kontakt:<\/strong><br \/>\ncontact@jvd-group.com<br \/>\n<strong>Marke:<\/strong><br \/>\nJVD<\/p>\n","protected":false},"excerpt":{"rendered":"<p>Schiessack geeignet f\u00fcr die Verwendung mit Armbr\u00fcsten und anderen B\u00f6gen mit hohem Gewicht Extreme Bremskraft Stoppt Bolzen mit bis zu 400 fps Eine Seite verf\u00fcgt \u00fcber ein aufgedrucktes Gitterdesign, das sich ideal zum Visieren mit einer Armbrust eignet oben Tragegriff f\u00fcr einfachen Transport oder 2 \u00d6sen zum Aufh\u00e4ngen. &nbsp; Herstellername: JVD Group B.V. Anschrift: Looier [&hellip;]<\/p>\n","protected":false},"featured_media":5169,"comment_status":"open","ping_status":"closed","template":"","meta":[],"product_brand":[],"product_cat":[243,663],"product_tag":[571,832,1381,1382,1383,1384,64],"class_list":{"0":"post-5168","1":"product","2":"type-product","3":"status-publish","4":"has-post-thumbnail","6":"product_cat-wuerfel-saecke","7":"product_cat-schiesswuerfel","8":"product_tag-armbrust","9":"product_tag-schiessack","10":"product_tag-rinehart","11":"product_tag-tragbar","12":"product_tag-portable","13":"product_tag-crossbows","14":"product_tag-zielscheibe","16":"first","17":"instock","18":"taxable","19":"shipping-taxable","20":"purchasable","21":"product-type-simple"},"_links":{"self":[{"href":"https:\/\/shop.xn--altmhl-bogensport-52b.de\/index.php?rest_route=\/wp\/v2\/product\/5168","targetHints":{"allow":["GET"]}}],"collection":[{"href":"https:\/\/shop.xn--altmhl-bogensport-52b.de\/index.php?rest_route=\/wp\/v2\/product"}],"about":[{"href":"https:\/\/shop.xn--altmhl-bogensport-52b.de\/index.php?rest_route=\/wp\/v2\/types\/product"}],"replies":[{"embeddable":true,"href":"https:\/\/shop.xn--altmhl-bogensport-52b.de\/index.php?rest_route=%2Fwp%2Fv2%2Fcomments&post=5168"}],"wp:featuredmedia":[{"embeddable":true,"href":"https:\/\/shop.xn--altmhl-bogensport-52b.de\/index.php?rest_route=\/wp\/v2\/media\/5169"}],"wp:attachment":[{"href":"https:\/\/shop.xn--altmhl-bogensport-52b.de\/index.php?rest_route=%2Fwp%2Fv2%2Fmedia&parent=5168"}],"wp:term":[{"taxonomy":"product_brand","embeddable":true,"href":"https:\/\/shop.xn--altmhl-bogensport-52b.de\/index.php?rest_route=%2Fwp%2Fv2%2Fproduct_brand&post=5168"},{"taxonomy":"product_cat","embeddable":true,"href":"https:\/\/shop.xn--altmhl-bogensport-52b.de\/index.php?rest_route=%2Fwp%2Fv2%2Fproduct_cat&post=5168"},{"taxonomy":"product_tag","embeddable":true,"href":"https:\/\/shop.xn--altmhl-bogensport-52b.de\/index.php?rest_route=%2Fwp%2Fv2%2Fproduct_tag&post=5168"}],"curies":[{"name":"wp","href":"https:\/\/api.w.org\/{rel}","templated":true}]}}