{"id":5106,"date":"2024-07-28T17:26:21","date_gmt":"2024-07-28T17:26:21","guid":{"rendered":"https:\/\/shop.xn--altmhl-bogensport-52b.de\/?post_type=product&#038;p=5106"},"modified":"2025-09-15T00:37:12","modified_gmt":"2025-09-15T00:37:12","slug":"mehrzwecktasche-us-tactical-modular-munitiontasche-gross-molle-koppeltasche-schwarz","status":"publish","type":"product","link":"https:\/\/shop.xn--altmhl-bogensport-52b.de\/?product=mehrzwecktasche-us-tactical-modular-munitiontasche-gross-molle-koppeltasche-schwarz","title":{"rendered":"Mehrzwecktasche US Tactical Modular Munitiontasche Gro\u00df MOLLE Koppeltasche schwarz"},"content":{"rendered":"<p>Fach mit 2-Wege Rei\u00dfverschluss<br \/>\ninnen mit diversen, elastischen<br \/>\nSchlaufen an 2 L\u00e4ngsseiten<br \/>\nMolle-Aufnahmeschlaufen hinten<br \/>\n4 Molle-Befestigungsschlaufen<br \/>\nmit Druckknopf hinten<br \/>\nMa\u00dfe: ca. 25 x 13,5 x 9 cm (B x H x T)<br \/>\nGewicht: ca. 190 g<\/p>\n<p>Material:<br \/>\n100 % Polyester<\/p>\n<p>Farbe: schwarz<\/p>\n<p>&nbsp;<\/p>\n<p><strong>Herstellername:<\/strong><br \/>\nMax Fuchs AG<br \/>\n<strong>Anschrift:<\/strong><br \/>\nIndustriestrasse 1, 94078 Freyung<br \/>\n<strong>Herkunftsland:<\/strong><br \/>\nDeutschland<br \/>\n<strong>Webseite:<\/strong><br \/>\nhttps:\/\/max-fuchs.de\/<br \/>\n<strong>Kontakt:<\/strong><br \/>\ninfo@max-fuchs.de<br \/>\n<strong>Marke:<\/strong><br \/>\nMFH<\/p>\n","protected":false},"excerpt":{"rendered":"<p>Fach mit 2-Wege Rei\u00dfverschluss innen mit diversen, elastischen Schlaufen an 2 L\u00e4ngsseiten Molle-Aufnahmeschlaufen hinten 4 Molle-Befestigungsschlaufen mit Druckknopf hinten Ma\u00dfe: ca. 25 x 13,5 x 9 cm (B x H x T) Gewicht: ca. 190 g Material: 100 % Polyester Farbe: schwarz &nbsp; Herstellername: Max Fuchs AG Anschrift: Industriestrasse 1, 94078 Freyung Herkunftsland: Deutschland Webseite: [&hellip;]<\/p>\n","protected":false},"featured_media":5107,"comment_status":"open","ping_status":"closed","template":"","meta":[],"product_brand":[],"product_cat":[548,570,1504,75,461],"product_tag":[469,939,1374,414],"class_list":{"0":"post-5106","1":"product","2":"type-product","3":"status-publish","4":"has-post-thumbnail","6":"product_cat-outdoor-artikel","7":"product_cat-taschen-koffer","8":"product_cat-sommerschlussverkauf","9":"product_cat-guerteltaschen","10":"product_cat-taschen","11":"product_tag-mfh","12":"product_tag-molle","13":"product_tag-mehrzwecktasche","14":"product_tag-schwarz","16":"first","17":"instock","18":"taxable","19":"shipping-taxable","20":"purchasable","21":"product-type-simple"},"_links":{"self":[{"href":"https:\/\/shop.xn--altmhl-bogensport-52b.de\/index.php?rest_route=\/wp\/v2\/product\/5106","targetHints":{"allow":["GET"]}}],"collection":[{"href":"https:\/\/shop.xn--altmhl-bogensport-52b.de\/index.php?rest_route=\/wp\/v2\/product"}],"about":[{"href":"https:\/\/shop.xn--altmhl-bogensport-52b.de\/index.php?rest_route=\/wp\/v2\/types\/product"}],"replies":[{"embeddable":true,"href":"https:\/\/shop.xn--altmhl-bogensport-52b.de\/index.php?rest_route=%2Fwp%2Fv2%2Fcomments&post=5106"}],"wp:featuredmedia":[{"embeddable":true,"href":"https:\/\/shop.xn--altmhl-bogensport-52b.de\/index.php?rest_route=\/wp\/v2\/media\/5107"}],"wp:attachment":[{"href":"https:\/\/shop.xn--altmhl-bogensport-52b.de\/index.php?rest_route=%2Fwp%2Fv2%2Fmedia&parent=5106"}],"wp:term":[{"taxonomy":"product_brand","embeddable":true,"href":"https:\/\/shop.xn--altmhl-bogensport-52b.de\/index.php?rest_route=%2Fwp%2Fv2%2Fproduct_brand&post=5106"},{"taxonomy":"product_cat","embeddable":true,"href":"https:\/\/shop.xn--altmhl-bogensport-52b.de\/index.php?rest_route=%2Fwp%2Fv2%2Fproduct_cat&post=5106"},{"taxonomy":"product_tag","embeddable":true,"href":"https:\/\/shop.xn--altmhl-bogensport-52b.de\/index.php?rest_route=%2Fwp%2Fv2%2Fproduct_tag&post=5106"}],"curies":[{"name":"wp","href":"https:\/\/api.w.org\/{rel}","templated":true}]}}