{"id":5088,"date":"2024-07-28T11:02:39","date_gmt":"2024-07-28T11:02:39","guid":{"rendered":"https:\/\/shop.xn--altmhl-bogensport-52b.de\/?post_type=product&#038;p=5088"},"modified":"2025-07-22T17:42:13","modified_gmt":"2025-07-22T17:42:13","slug":"carbonschaft-sphere-lumos-4-2-carbon-pink","status":"publish","type":"product","link":"https:\/\/shop.xn--altmhl-bogensport-52b.de\/?product=carbonschaft-sphere-lumos-4-2-carbon-pink","title":{"rendered":"Carbonschaft | SPHERE Lumos 4.2 &#8211; Carbon pink"},"content":{"rendered":"<p><strong>Schaft | SPHERE Lumos 4.2 &#8211; Carbon<\/strong><\/p>\n<p>Die Lumos Pfeilserie von SPHERE kommt mit auff\u00e4lligem Design, das sich perfekt f\u00fcr den 3D Bogensport eignet.\u00a0In der Gestaltung schlicht gehalten, sind die\u00a0ausw\u00e4hlbaren Farben der Sch\u00e4fte um so dominanter. Egal ob in Neon-Pink, Neon-Gelb oder Neon-Orange, die Sch\u00e4fte fallen auf. Netter Nebeneffekt: Sollte mal ein Pfeil daneben gehen und im Gel\u00e4nde &#8220;verschwinden&#8221;, ist das Auffinden deutlich einfacher.<\/p>\n<p>Mit einem\u00a0Innendurchmesser\u00a0von 4,2 mm \/ 0.165 Zoll ist der Carbonschaft besonders f\u00fcr\u00a0Bogensch\u00fctzen gedacht, die\u00a0einen d\u00fcnnen Pfeil\u00a0bevorzugen. Der\u00a0Schaft weist eine Geradheit von\u00a0\u00b1 0.006 Zoll\u00a0und\u00a0ein moderates Gewicht\u00a0bei\u00a0einer maximalen L\u00e4nge von 31 Zoll auf. Dies garantiert pr\u00e4zise Sch\u00fcsse mit flacher\u00a0Flugbahn auch auf lange Entfernungen.<\/p>\n<p>Der\u00a0SPHERE Lumos\u00a0ist in Spines von\u00a0500 bis 1200 erh\u00e4ltlich und eignet sich f\u00fcr alle Pfeilkomponenten,\u00a0wie Spitzen, Bushings und Pins, mit einem (Schaft-)Durchmesser von\u00a04,2 mm \/ 0,165 Zoll.<\/p>\n<p>&nbsp;<\/p>\n<p><strong>Technische Daten:<\/strong><\/p>\n<ul>\n<li>Spine 500\n<ul>\n<li>\u00d8 innen:\u00a00.165 Zoll \/\u00a04,20 mm<\/li>\n<li>\u00d8 au\u00dfen:\u00a05,91 mm<\/li>\n<li>Schaftgewicht (in Grain pro Zoll):\u00a08,10 gr<\/li>\n<li>Geradheit (in Zoll): \u00b10.006<\/li>\n<li>max. L\u00e4nge:\u00a031,0 Zoll<\/li>\n<\/ul>\n<\/li>\n<li>Spine 600\n<ul>\n<li>\u00d8 innen:\u00a00.165 Zoll \/\u00a04,20 mm<\/li>\n<li>\u00d8 au\u00dfen:\u00a05,75 mm<\/li>\n<li>Schaftgewicht (in Grain pro Zoll):\u00a07,20 gr<\/li>\n<li>Geradheit (in Zoll): \u00b10.006<\/li>\n<li>max. L\u00e4nge:\u00a031,0 Zoll<\/li>\n<\/ul>\n<\/li>\n<li>Spine 700\n<ul>\n<li>\u00d8 innen:\u00a00.165 Zoll \/\u00a04,20 mm<\/li>\n<li>\u00d8 au\u00dfen:\u00a05,62 mm<\/li>\n<li>Schaftgewicht (in Grain pro Zoll):\u00a06,60 gr<\/li>\n<li>Geradheit (in Zoll): \u00b10.006<\/li>\n<li>max. L\u00e4nge:\u00a031,0 Zoll<\/li>\n<\/ul>\n<\/li>\n<li>Spine 800\n<ul>\n<li>\u00d8 innen:\u00a00.165 Zoll \/\u00a04,20 mm<\/li>\n<li>\u00d8 au\u00dfen:\u00a05,55 mm<\/li>\n<li>Schaftgewicht (in Grain pro Zoll):\u00a06,15 gr<\/li>\n<li>Geradheit (in Zoll): \u00b10.006<\/li>\n<li>max. L\u00e4nge:\u00a031,0 Zoll<\/li>\n<\/ul>\n<\/li>\n<li>Spine 900\n<ul>\n<li>\u00d8 innen:\u00a00.165 Zoll \/\u00a04,20 mm<\/li>\n<li>\u00d8 au\u00dfen:\u00a05,50 mm<\/li>\n<li>Schaftgewicht (in Grain pro Zoll):\u00a06,00 gr<\/li>\n<li>Geradheit (in Zoll): \u00b10.006<\/li>\n<li>max. L\u00e4nge:\u00a031,0 Zoll<\/li>\n<\/ul>\n<\/li>\n<li>Spine 1000\n<ul>\n<li>\u00d8 innen:\u00a00.165 Zoll \/\u00a04,20 mm<\/li>\n<li>\u00d8 au\u00dfen:\u00a05,44 mm<\/li>\n<li>Schaftgewicht (in Grain pro Zoll):\u00a05,56 gr<\/li>\n<li>Geradheit (in Zoll): \u00b10.006<\/li>\n<li>max. L\u00e4nge:\u00a031,0 Zoll<\/li>\n<\/ul>\n<\/li>\n<li>Spine 1200\n<ul>\n<li>\u00d8 innen:\u00a00.165 Zoll \/\u00a04,20 mm<\/li>\n<li>\u00d8 au\u00dfen:\u00a05,34 mm<\/li>\n<li>Schaftgewicht (in Grain pro Zoll):\u00a04,30 gr<\/li>\n<li>Geradheit (in Zoll): \u00b10.006<\/li>\n<li>max. L\u00e4nge:\u00a031,0 Zoll<\/li>\n<\/ul>\n<\/li>\n<\/ul>\n<p>&nbsp;<\/p>\n<p><strong>Lieferumfang:<\/strong><br \/>\n1x Schaft<\/p>\n<p>&nbsp;<\/p>\n<p><strong>Herstellername:<\/strong><br \/>\nBSW Handels GmbH<br \/>\n<strong>Anschrift:<\/strong><br \/>\nDemminer Strasse 32, 17389 Anklam<br \/>\n<strong>Herkunftsland:<\/strong><br \/>\nDeutschland<br \/>\n<strong>Webseite:<\/strong><br \/>\nhttps:\/\/www.bogensportwelt.de\/<br \/>\n<strong>Kontakt:<\/strong><br \/>\nhttps:\/\/www.bogensportwelt.de\/Kontakt<br \/>\n<strong>Marke:<\/strong><br \/>\nSPHERE<\/p>\n<p>&nbsp;<\/p>\n","protected":false},"excerpt":{"rendered":"<h6 class=\"product--title\">Penthalon Slim Line black<\/h6>\n","protected":false},"featured_media":5095,"comment_status":"open","ping_status":"closed","template":"","meta":[],"product_brand":[],"product_cat":[19],"product_tag":[72,775,1061,1361,1373],"class_list":{"0":"post-5088","1":"product","2":"type-product","3":"status-publish","4":"has-post-thumbnail","6":"product_cat-carbonschaefte","7":"product_tag-carbonschaft","8":"product_tag-pink","9":"product_tag-einsteiger","10":"product_tag-lumos","11":"product_tag-schaft","13":"first","14":"instock","15":"taxable","16":"shipping-taxable","17":"purchasable","18":"product-type-variable"},"_links":{"self":[{"href":"https:\/\/shop.xn--altmhl-bogensport-52b.de\/index.php?rest_route=\/wp\/v2\/product\/5088","targetHints":{"allow":["GET"]}}],"collection":[{"href":"https:\/\/shop.xn--altmhl-bogensport-52b.de\/index.php?rest_route=\/wp\/v2\/product"}],"about":[{"href":"https:\/\/shop.xn--altmhl-bogensport-52b.de\/index.php?rest_route=\/wp\/v2\/types\/product"}],"replies":[{"embeddable":true,"href":"https:\/\/shop.xn--altmhl-bogensport-52b.de\/index.php?rest_route=%2Fwp%2Fv2%2Fcomments&post=5088"}],"wp:featuredmedia":[{"embeddable":true,"href":"https:\/\/shop.xn--altmhl-bogensport-52b.de\/index.php?rest_route=\/wp\/v2\/media\/5095"}],"wp:attachment":[{"href":"https:\/\/shop.xn--altmhl-bogensport-52b.de\/index.php?rest_route=%2Fwp%2Fv2%2Fmedia&parent=5088"}],"wp:term":[{"taxonomy":"product_brand","embeddable":true,"href":"https:\/\/shop.xn--altmhl-bogensport-52b.de\/index.php?rest_route=%2Fwp%2Fv2%2Fproduct_brand&post=5088"},{"taxonomy":"product_cat","embeddable":true,"href":"https:\/\/shop.xn--altmhl-bogensport-52b.de\/index.php?rest_route=%2Fwp%2Fv2%2Fproduct_cat&post=5088"},{"taxonomy":"product_tag","embeddable":true,"href":"https:\/\/shop.xn--altmhl-bogensport-52b.de\/index.php?rest_route=%2Fwp%2Fv2%2Fproduct_tag&post=5088"}],"curies":[{"name":"wp","href":"https:\/\/api.w.org\/{rel}","templated":true}]}}