{"id":5059,"date":"2024-07-27T07:25:53","date_gmt":"2024-07-27T07:25:53","guid":{"rendered":"https:\/\/shop.xn--altmhl-bogensport-52b.de\/?post_type=product&#038;p=5059"},"modified":"2025-08-15T17:22:53","modified_gmt":"2025-08-15T17:22:53","slug":"easton-shaft-carbon-vector","status":"publish","type":"product","link":"https:\/\/shop.xn--altmhl-bogensport-52b.de\/?product=easton-shaft-carbon-vector","title":{"rendered":"Easton Shaft Carbon Vector"},"content":{"rendered":"<table border=\"0\">\n<tbody>\n<tr>\n<td><u><b>Easton &#8211; Vector<\/b><\/u><\/td>\n<\/tr>\n<tr>\n<td>Der neue Vector von Easton ist ein 4 mm Pfeil aus 100 % Kohlefaser, der mit denselben Hochleistungsprozessen entwickelt wurde, die auch bei fortschrittlichen Turnierpfeilen zum Einsatz kommen. Der Vector ist jedoch preislich auf den preisbewussten Verbraucher ausgerichtet und somit ideal f\u00fcr Bogensch\u00fctzen, die mit dem Bogenschie\u00dfen beginnen.<\/td>\n<\/tr>\n<tr>\n<td>\n<table border=\"0\" cellspacing=\"5\" cellpadding=\"5\">\n<tbody>\n<tr>\n<td><b>Spine<\/b><\/td>\n<td><b>Innendurchmesser<\/b><\/td>\n<td><strong>4mm Spitze<\/strong><\/td>\n<td><b>Gewicht<\/b><\/td>\n<td><b>L\u00e4nge<\/b><\/td>\n<\/tr>\n<tr>\n<td>2000<\/td>\n<td>4,22mm\/.166&#8243;<\/td>\n<td>#1<\/td>\n<td>3,4gpi<\/td>\n<td>26,5&#8243;<\/td>\n<\/tr>\n<tr>\n<td>1800<\/td>\n<td>4,22mm\/.166&#8243;<\/td>\n<td>#1<\/td>\n<td>3,6gpi<\/td>\n<td>27&#8243;<\/td>\n<\/tr>\n<tr>\n<td>1600<\/td>\n<td>4,22mm\/.166&#8243;<\/td>\n<td>#1<\/td>\n<td>3,8gpi<\/td>\n<td>27,5&#8243;<\/td>\n<\/tr>\n<tr>\n<td>1400<\/td>\n<td>4,22mm\/.166&#8243;<\/td>\n<td>#1<\/td>\n<td>4,2gpi<\/td>\n<td>28&#8243;<\/td>\n<\/tr>\n<tr>\n<td>1200<\/td>\n<td>4,22mm\/.166&#8243;<\/td>\n<td>#1<\/td>\n<td>5,1gpi<\/td>\n<td>29&#8243;<\/td>\n<\/tr>\n<tr>\n<td>1000<\/td>\n<td>4,22mm\/.166&#8243;<\/td>\n<td>#2<\/td>\n<td>5,4gpi<\/td>\n<td>30&#8243;<\/td>\n<\/tr>\n<tr>\n<td>800<\/td>\n<td>4,22mm\/.166&#8243;<\/td>\n<td>#2<\/td>\n<td>6,2gpi<\/td>\n<td>31&#8243;<\/td>\n<\/tr>\n<tr>\n<td>600<\/td>\n<td>4,22mm\/.166&#8243;<\/td>\n<td>#2<\/td>\n<td>7,6gpi<\/td>\n<td>32&#8243;<\/td>\n<\/tr>\n<\/tbody>\n<\/table>\n<\/td>\n<\/tr>\n<tr>\n<td>&#8211; Verpackungseinheit: 1 St\u00fcck<\/p>\n<p>Passende Komponenten:<\/p>\n<p>&#8211; Easton G-Nock<br \/>\n&#8211; Easton Klebespitze aus Zink 70grain<\/p>\n<p><strong>F\u00fcr Schaftk\u00fcrzungen nur reine Schaftl\u00e4nge angeben!<\/strong><\/p>\n<table border=\"0\">\n<tbody>\n<tr>\n<td><strong>Lieferzeit:<\/strong><\/p>\n<div>Dieses Produkt wird mit Lagerbestand gef\u00fchrt, alle Artikel mit \u00fcber 7 Tagen Lieferzeit werden ab Gro\u00dfhandel bzw. Hersteller f\u00fcr Sie geordert. Leider haben wir auf diese Lagerbest\u00e4nde keinen Einfluss und k\u00f6nnen Ihnen diese auch nicht transparent in Echtzeit wiedergeben. Sollten Artikel nicht lieferbar sein und l\u00e4ngere Wartezeiten entstehen, informieren wir Sie nat\u00fcrlich umgehend.<\/div>\n<p>Per Mail geben wir Ihnen gern eine pr\u00e4zisere Auskunft dar\u00fcber, was die Lieferzeiten Ihres Wunschartikels sind. Wir bitten um Ihr Verst\u00e4ndnis.<\/td>\n<\/tr>\n<tr>\n<td>Bitte beachten Sie, dass es bei Schaftk\u00fcrzungen zu Toleranzen bis zu +\/-2mm kommen kann (von den\u00a0\u00a0Ihnen angegebenen Ma\u00dfen), daf\u00fcr \u00dcbernehmen wir keine Haftung.<\/td>\n<\/tr>\n<\/tbody>\n<\/table>\n<\/td>\n<\/tr>\n<\/tbody>\n<\/table>\n<table class=\"table table-sm\">\n<tbody>\n<tr class=\"attr-custom\">\n<td><b>Herstellerangaben<\/b>:<\/td>\n<td class=\"attr-value\"><strong>Herstellername:<\/strong><br \/>\nEaston Technical Products, Inc.<br \/>\n<strong>Anschrift:<\/strong><br \/>\n5040 Harold Gatty Dr, Salt Lake City, UTAH, USA<br \/>\n<strong>Herkunftsland:<\/strong><br \/>\nUSA<br \/>\n<strong>Webseite:<\/strong><\/p>\n<blockquote hcb-fetch-image-from=\"https:\/\/eastonarchery.com\/\" class=\"wp-embedded-content\" data-secret=\"QooriCeGnt\"><p><a href=\"https:\/\/eastonarchery.com\/\">Easton Archery &#8211; Best Target &amp; Hunting Arrows<\/a><\/p><\/blockquote>\n<p><iframe loading=\"lazy\" class=\"wp-embedded-content\" sandbox=\"allow-scripts\" security=\"restricted\" style=\"position: absolute; visibility: hidden;\" title=\"&#8220;Easton Archery &#8211; Best Target &amp; Hunting Arrows&#8221; &#8212; Easton Archery\" src=\"https:\/\/eastonarchery.com\/embed\/#?secret=L5QEt3580Y#?secret=QooriCeGnt\" data-secret=\"QooriCeGnt\" width=\"600\" height=\"338\" frameborder=\"0\" marginwidth=\"0\" marginheight=\"0\" scrolling=\"no\"><\/iframe><br \/>\n<strong>Kontakt:<\/strong><\/p>\n<blockquote hcb-fetch-image-from=\"https:\/\/eastonarchery.com\/privacy\/\" class=\"wp-embedded-content\" data-secret=\"aTYdLnJKw4\"><p><a href=\"https:\/\/eastonarchery.com\/privacy\/\">Privacy Policy<\/a><\/p><\/blockquote>\n<p><iframe loading=\"lazy\" class=\"wp-embedded-content\" sandbox=\"allow-scripts\" security=\"restricted\" style=\"position: absolute; visibility: hidden;\" title=\"&#8220;Privacy Policy&#8221; &#8212; Easton Archery\" src=\"https:\/\/eastonarchery.com\/privacy\/embed\/#?secret=mXiIqtXSFA#?secret=aTYdLnJKw4\" data-secret=\"aTYdLnJKw4\" width=\"600\" height=\"338\" frameborder=\"0\" marginwidth=\"0\" marginheight=\"0\" scrolling=\"no\"><\/iframe><br \/>\n<strong>Marke:<\/strong><br \/>\nEASTON<\/td>\n<\/tr>\n<tr class=\"attr-custom\">\n<td><b>Verantwortliche Person<\/b>:<\/td>\n<td class=\"attr-value\"><strong>verantwortliche Person:<\/strong><br \/>\nJVD Group B.V.<br \/>\n<strong>Anschrift:<\/strong><br \/>\nLooier 9, 5253 RA Nieuwkuijk<br \/>\n<strong>Herkunftsland:<\/strong><br \/>\nNiederlande<br \/>\n<strong>Kontakt:<\/strong><br \/>\ncontact@jvd-group.com<\/td>\n<\/tr>\n<\/tbody>\n<\/table>\n","protected":false},"excerpt":{"rendered":"<h6 class=\"product--title\">Penthalon Slim Line black<\/h6>\n","protected":false},"featured_media":5070,"comment_status":"open","ping_status":"closed","template":"","meta":[],"product_brand":[],"product_cat":[19],"product_tag":[72,403,1061,1372],"class_list":{"0":"post-5059","1":"product","2":"type-product","3":"status-publish","4":"has-post-thumbnail","6":"product_cat-carbonschaefte","7":"product_tag-carbonschaft","8":"product_tag-easton","9":"product_tag-einsteiger","10":"product_tag-vector","12":"first","13":"instock","14":"taxable","15":"shipping-taxable","16":"purchasable","17":"product-type-variable"},"_links":{"self":[{"href":"https:\/\/shop.xn--altmhl-bogensport-52b.de\/index.php?rest_route=\/wp\/v2\/product\/5059","targetHints":{"allow":["GET"]}}],"collection":[{"href":"https:\/\/shop.xn--altmhl-bogensport-52b.de\/index.php?rest_route=\/wp\/v2\/product"}],"about":[{"href":"https:\/\/shop.xn--altmhl-bogensport-52b.de\/index.php?rest_route=\/wp\/v2\/types\/product"}],"replies":[{"embeddable":true,"href":"https:\/\/shop.xn--altmhl-bogensport-52b.de\/index.php?rest_route=%2Fwp%2Fv2%2Fcomments&post=5059"}],"wp:featuredmedia":[{"embeddable":true,"href":"https:\/\/shop.xn--altmhl-bogensport-52b.de\/index.php?rest_route=\/wp\/v2\/media\/5070"}],"wp:attachment":[{"href":"https:\/\/shop.xn--altmhl-bogensport-52b.de\/index.php?rest_route=%2Fwp%2Fv2%2Fmedia&parent=5059"}],"wp:term":[{"taxonomy":"product_brand","embeddable":true,"href":"https:\/\/shop.xn--altmhl-bogensport-52b.de\/index.php?rest_route=%2Fwp%2Fv2%2Fproduct_brand&post=5059"},{"taxonomy":"product_cat","embeddable":true,"href":"https:\/\/shop.xn--altmhl-bogensport-52b.de\/index.php?rest_route=%2Fwp%2Fv2%2Fproduct_cat&post=5059"},{"taxonomy":"product_tag","embeddable":true,"href":"https:\/\/shop.xn--altmhl-bogensport-52b.de\/index.php?rest_route=%2Fwp%2Fv2%2Fproduct_tag&post=5059"}],"curies":[{"name":"wp","href":"https:\/\/api.w.org\/{rel}","templated":true}]}}