{"id":505,"date":"2020-01-17T12:04:35","date_gmt":"2020-01-17T12:04:35","guid":{"rendered":"http:\/\/shop.xn--altmhl-bogensport-52b.de\/?post_type=product&#038;p=505"},"modified":"2025-12-17T16:03:25","modified_gmt":"2025-12-17T16:03:25","slug":"feder-rw-shield-4-zoll-einfarbig-bearpaw","status":"publish","type":"product","link":"https:\/\/shop.xn--altmhl-bogensport-52b.de\/?product=feder-rw-shield-4-zoll-einfarbig-bearpaw","title":{"rendered":"Bearpaw 4 Zoll einfarbig  Feder RW Shield"},"content":{"rendered":"<p>Wir verwenden bei der Herstellung unserer Bearpaw Naturfedern nur echte Truthahnfedern. Bearpaw Federn werden von Bogensch\u00fctzen auf der ganzen Welt f\u00fcr den Bau ihrer Pfeile benutzt. Insbesondere im traditionellen Bogensport sind Naturfedern wegen ihrer Sch\u00f6nheit und den tollen Eigenschaften nicht wegzudenken.<\/p>\n<p>Federn in der L\u00e4nge von 4 Zoll werden im Bereich des traditionellen Bogenschie\u00dfens wohl am h\u00e4ufigsten verwendet. Von niedrigen bis hohen Zuggewichten bevorzugen Bogensch\u00fctzen die k\u00fcrzeren Federn um eine h\u00f6here Pfeilgeschwindigkeit zu erreichen. Bei der Shield Form haben wir auf ein flacheres Profil zur\u00fcckgegriffen, um Stabilisierung und Pfeilgeschwindigkeit perfekt zu kombinieren.<\/p>\n<ul>\n<li>Ausf\u00fchrung: Shield Form<\/li>\n<li>L\u00e4nge: 4 Zoll<\/li>\n<li>Farbstruktur: Einfarbig<\/li>\n<li>Farben: Verschiedene Farben<\/li>\n<\/ul>\n<p><b>Im Untermen\u00fc k\u00f6nnen sie ihre ganz pers\u00f6nliche Wunschfarbe ausw\u00e4hlen!<\/b><\/p>\n","protected":false},"excerpt":{"rendered":"<p>4 Zoll shield Feder einfarbig Bearpaw<\/p>\n","protected":false},"featured_media":445,"comment_status":"open","ping_status":"closed","template":"","meta":[],"product_brand":[],"product_cat":[122,17],"product_tag":[30,111,112,120,123,195,564],"class_list":{"0":"post-505","1":"product","2":"type-product","3":"status-publish","4":"has-post-thumbnail","6":"product_cat-naturfedern-4-zoll-rw","7":"product_cat-pfeilbau","8":"product_tag-bearpaw","9":"product_tag-feder","10":"product_tag-naturfeder","11":"product_tag-einfarbig","12":"product_tag-4-zoll","13":"product_tag-pfeilbau","14":"product_tag-shield","16":"first","17":"instock","18":"taxable","19":"shipping-taxable","20":"purchasable","21":"product-type-variable"},"_links":{"self":[{"href":"https:\/\/shop.xn--altmhl-bogensport-52b.de\/index.php?rest_route=\/wp\/v2\/product\/505","targetHints":{"allow":["GET"]}}],"collection":[{"href":"https:\/\/shop.xn--altmhl-bogensport-52b.de\/index.php?rest_route=\/wp\/v2\/product"}],"about":[{"href":"https:\/\/shop.xn--altmhl-bogensport-52b.de\/index.php?rest_route=\/wp\/v2\/types\/product"}],"replies":[{"embeddable":true,"href":"https:\/\/shop.xn--altmhl-bogensport-52b.de\/index.php?rest_route=%2Fwp%2Fv2%2Fcomments&post=505"}],"wp:featuredmedia":[{"embeddable":true,"href":"https:\/\/shop.xn--altmhl-bogensport-52b.de\/index.php?rest_route=\/wp\/v2\/media\/445"}],"wp:attachment":[{"href":"https:\/\/shop.xn--altmhl-bogensport-52b.de\/index.php?rest_route=%2Fwp%2Fv2%2Fmedia&parent=505"}],"wp:term":[{"taxonomy":"product_brand","embeddable":true,"href":"https:\/\/shop.xn--altmhl-bogensport-52b.de\/index.php?rest_route=%2Fwp%2Fv2%2Fproduct_brand&post=505"},{"taxonomy":"product_cat","embeddable":true,"href":"https:\/\/shop.xn--altmhl-bogensport-52b.de\/index.php?rest_route=%2Fwp%2Fv2%2Fproduct_cat&post=505"},{"taxonomy":"product_tag","embeddable":true,"href":"https:\/\/shop.xn--altmhl-bogensport-52b.de\/index.php?rest_route=%2Fwp%2Fv2%2Fproduct_tag&post=505"}],"curies":[{"name":"wp","href":"https:\/\/api.w.org\/{rel}","templated":true}]}}