{"id":4992,"date":"2024-07-02T14:19:37","date_gmt":"2024-07-02T14:19:37","guid":{"rendered":"https:\/\/shop.xn--altmhl-bogensport-52b.de\/?post_type=product&#038;p=4992"},"modified":"2026-03-24T18:15:19","modified_gmt":"2026-03-24T18:15:19","slug":"ibb-3d-tier-moskito","status":"publish","type":"product","link":"https:\/\/shop.xn--altmhl-bogensport-52b.de\/?product=ibb-3d-tier-moskito","title":{"rendered":"IBB 3D Tier Moskito"},"content":{"rendered":"<h2>IBB 3D Tier Moskito<\/h2>\n<p>Wer mag schon gerne Moskitos? Auf den\u00a0<strong>3D<\/strong>\u00a0Parcours damit und den K\u00f6cher leer geschossen. Ein\u00a0<strong>3D Tier Moskito<\/strong>\u00a0ist mal was anderes und es macht gro\u00dfen Spa\u00df es zu beschie\u00dfen. Zudem ist es noch extrem lange haltbar, da es aus unserem speziellem\u00a0<em>3D Tier<\/em>\u00a0Schaum hergestellt ist.<\/p>\n<ul>\n<li>Ma\u00dfe: 40 x 50 x 20 cm<\/li>\n<li>Gewicht: 3,25 kg<\/li>\n<\/ul>\n<p>Dein Vorteil \u2013 Made in Germany \u2013 Best m\u00f6glichste Qualit\u00e4t mit den Premiumschaum von By Beier Germany.<\/p>\n<p>&nbsp;<\/p>\n<p><strong>Herstellername:<\/strong><br \/>\nBeier Distribution GmbH<br \/>\n<strong>Anschrift:<\/strong><br \/>\nPyramidenweg 20, 96253 Untersiemau<br \/>\n<strong>Herkunftsland:<\/strong><br \/>\nDeutschland<br \/>\n<strong>Webseite:<\/strong><br \/>\nhttps:\/\/www.bogensport-beier.de\/<br \/>\n<strong>Kontakt:<\/strong><br \/>\ncontact@bogensport-beier.de<br \/>\n<strong>Marke:<\/strong><br \/>\nBeier<\/p>\n","protected":false},"excerpt":{"rendered":"<p>IBB 3D Tier Moskito Wer mag schon gerne Moskitos? Auf den\u00a03D\u00a0Parcours damit und den K\u00f6cher leer geschossen. Ein\u00a03D Tier Moskito\u00a0ist mal was anderes und es macht gro\u00dfen Spa\u00df es zu beschie\u00dfen. Zudem ist es noch extrem lange haltbar, da es aus unserem speziellem\u00a03D Tier\u00a0Schaum hergestellt ist. Ma\u00dfe: 40 x 50 x 20 cm Gewicht: 3,25 [&hellip;]<\/p>\n","protected":false},"featured_media":4993,"comment_status":"open","ping_status":"closed","template":"","meta":[],"product_brand":[],"product_cat":[506,1504],"product_tag":[594,1364,1365,177],"class_list":{"0":"post-4992","1":"product","2":"type-product","3":"status-publish","4":"has-post-thumbnail","6":"product_cat-ibb-by-beier-3d-ziele","7":"product_cat-sommerschlussverkauf","8":"product_tag-bybeier","9":"product_tag-beier","10":"product_tag-moskito","11":"product_tag-3d-ziel","13":"first","14":"onbackorder","15":"taxable","16":"shipping-taxable","17":"purchasable","18":"product-type-simple"},"_links":{"self":[{"href":"https:\/\/shop.xn--altmhl-bogensport-52b.de\/index.php?rest_route=\/wp\/v2\/product\/4992","targetHints":{"allow":["GET"]}}],"collection":[{"href":"https:\/\/shop.xn--altmhl-bogensport-52b.de\/index.php?rest_route=\/wp\/v2\/product"}],"about":[{"href":"https:\/\/shop.xn--altmhl-bogensport-52b.de\/index.php?rest_route=\/wp\/v2\/types\/product"}],"replies":[{"embeddable":true,"href":"https:\/\/shop.xn--altmhl-bogensport-52b.de\/index.php?rest_route=%2Fwp%2Fv2%2Fcomments&post=4992"}],"wp:featuredmedia":[{"embeddable":true,"href":"https:\/\/shop.xn--altmhl-bogensport-52b.de\/index.php?rest_route=\/wp\/v2\/media\/4993"}],"wp:attachment":[{"href":"https:\/\/shop.xn--altmhl-bogensport-52b.de\/index.php?rest_route=%2Fwp%2Fv2%2Fmedia&parent=4992"}],"wp:term":[{"taxonomy":"product_brand","embeddable":true,"href":"https:\/\/shop.xn--altmhl-bogensport-52b.de\/index.php?rest_route=%2Fwp%2Fv2%2Fproduct_brand&post=4992"},{"taxonomy":"product_cat","embeddable":true,"href":"https:\/\/shop.xn--altmhl-bogensport-52b.de\/index.php?rest_route=%2Fwp%2Fv2%2Fproduct_cat&post=4992"},{"taxonomy":"product_tag","embeddable":true,"href":"https:\/\/shop.xn--altmhl-bogensport-52b.de\/index.php?rest_route=%2Fwp%2Fv2%2Fproduct_tag&post=4992"}],"curies":[{"name":"wp","href":"https:\/\/api.w.org\/{rel}","templated":true}]}}