{"id":4972,"date":"2024-06-30T09:15:42","date_gmt":"2024-06-30T09:15:42","guid":{"rendered":"https:\/\/shop.xn--altmhl-bogensport-52b.de\/?post_type=product&#038;p=4972"},"modified":"2025-01-22T11:53:14","modified_gmt":"2025-01-22T11:53:14","slug":"komplettpfeil-sphere-lumos-4-2-neon-gelb-carbon-naturfedern-ab-werk-befiedert-spine-800","status":"publish","type":"product","link":"https:\/\/shop.xn--altmhl-bogensport-52b.de\/?product=komplettpfeil-sphere-lumos-4-2-neon-gelb-carbon-naturfedern-ab-werk-befiedert-spine-800","title":{"rendered":"Komplettpfeil | SPHERE Lumos 4.2 &#8211; Neon Gelb &#8211; Carbon &#8211; Naturfedern | Spine 800"},"content":{"rendered":"<p><strong>Komplettpfeil | SPHERE Lumos 4.2 &#8211; Carbon<\/strong><\/p>\n<p>Die Lumos Pfeilserie von SPHERE kommt mit auff\u00e4lligem Design, das sich perfekt f\u00fcr den 3D Bogensport eignet.\u00a0In der Gestaltung schlicht gehalten, sind die\u00a0ausw\u00e4hlbaren Farben der Sch\u00e4fte um so dominanter. Egal ob in Neon-Pink, Neon-Gelb oder Neon-Orange, die Sch\u00e4fte fallen auf. Netter Nebeneffekt: Sollte mal ein Pfeil daneben gehen und im Gel\u00e4nde &#8220;verschwinden&#8221;, ist das Auffinden deutlich einfacher.<\/p>\n<p>Mit einem\u00a0Innendurchmesser\u00a0von 4,2 mm \/ 0.165 Zoll ist der Carbonschaft besonders f\u00fcr\u00a0Bogensch\u00fctzen gedacht, die\u00a0einen d\u00fcnnen Pfeil\u00a0bevorzugen. Der\u00a0Schaft weist eine Geradheit von\u00a0\u00b1 0.006 Zoll\u00a0und\u00a0ein moderates Gewicht\u00a0bei\u00a0einer maximalen L\u00e4nge von 31 Zoll auf. Dies garantiert pr\u00e4zise Sch\u00fcsse mit flacher\u00a0Flugbahn auch auf lange Entfernungen.<\/p>\n<p>Der\u00a0SPHERE Lumos\u00a0ist in Spines von\u00a0500 bis 1200 erh\u00e4ltlich und eignet sich f\u00fcr alle Pfeilkomponenten,\u00a0wie Spitzen, Bushings und Pins, mit einem (Schaft-)Durchmesser von\u00a04,2 mm \/ 0,165 Zoll.<\/p>\n<p>&nbsp;<\/p>\n<p>Hier angeboten:<\/p>\n<p>Schaftl\u00e4nge 30&#8243;<\/p>\n<p>90gr Spitze eingeklebt<\/p>\n<p>Nock weis<\/p>\n<p>Federn: 3&#8243; shield weis , 2x flu gelb<\/p>\n<p><strong>Spine 800<\/strong><\/p>\n<ul>\n<li>\u00d8 innen:\u00a00.165 Zoll \/\u00a04,20 mm<\/li>\n<li>\u00d8 au\u00dfen:\u00a05,55 mm<\/li>\n<li>Schaftgewicht (in Grain pro Zoll):\u00a06,15 gr<\/li>\n<li>Geradheit (in Zoll): \u00b10.006<\/li>\n<li>Passende Gr\u00f6\u00dfe TOPHAT Protector Ring \/ SPHERE Nock Collar:\u00a05,60 mm<\/li>\n<\/ul>\n<p><strong>Herstellername:<\/strong><br \/>\nBSW Handels GmbH<br \/>\n<strong>Anschrift:<\/strong><br \/>\nDemminer Strasse 32, 17389 Anklam<br \/>\n<strong>Herkunftsland:<\/strong><br \/>\nDeutschland<br \/>\n<strong>Webseite:<\/strong><br \/>\nhttps:\/\/www.bogensportwelt.de\/<br \/>\n<strong>Kontakt:<\/strong><br \/>\nhttps:\/\/www.bogensportwelt.de\/Kontakt<br \/>\n<strong>Marke:<\/strong><br \/>\nSPHERE<\/p>\n","protected":false},"excerpt":{"rendered":"<p>Komplettpfeil | SPHERE Lumos 4.2 &#8211; Carbon Die Lumos Pfeilserie von SPHERE kommt mit auff\u00e4lligem Design, das sich perfekt f\u00fcr den 3D Bogensport eignet.\u00a0In der Gestaltung schlicht gehalten, sind die\u00a0ausw\u00e4hlbaren Farben der Sch\u00e4fte um so dominanter. Egal ob in Neon-Pink, Neon-Gelb oder Neon-Orange, die Sch\u00e4fte fallen auf. Netter Nebeneffekt: Sollte mal ein Pfeil daneben gehen [&hellip;]<\/p>\n","protected":false},"featured_media":4973,"comment_status":"open","ping_status":"closed","template":"","meta":[],"product_brand":[],"product_cat":[805,86],"product_tag":[711,945,1013,1061,1360,1361],"class_list":{"0":"post-4972","1":"product","2":"type-product","3":"status-publish","4":"has-post-thumbnail","6":"product_cat-kinderpfeile","7":"product_cat-carbonpfeil","8":"product_tag-anfaenger","9":"product_tag-komplettpfeil","10":"product_tag-carbonpfeil","11":"product_tag-einsteiger","12":"product_tag-sphere","13":"product_tag-lumos","15":"first","16":"onbackorder","17":"taxable","18":"shipping-taxable","19":"purchasable","20":"product-type-simple"},"_links":{"self":[{"href":"https:\/\/shop.xn--altmhl-bogensport-52b.de\/index.php?rest_route=\/wp\/v2\/product\/4972","targetHints":{"allow":["GET"]}}],"collection":[{"href":"https:\/\/shop.xn--altmhl-bogensport-52b.de\/index.php?rest_route=\/wp\/v2\/product"}],"about":[{"href":"https:\/\/shop.xn--altmhl-bogensport-52b.de\/index.php?rest_route=\/wp\/v2\/types\/product"}],"replies":[{"embeddable":true,"href":"https:\/\/shop.xn--altmhl-bogensport-52b.de\/index.php?rest_route=%2Fwp%2Fv2%2Fcomments&post=4972"}],"wp:featuredmedia":[{"embeddable":true,"href":"https:\/\/shop.xn--altmhl-bogensport-52b.de\/index.php?rest_route=\/wp\/v2\/media\/4973"}],"wp:attachment":[{"href":"https:\/\/shop.xn--altmhl-bogensport-52b.de\/index.php?rest_route=%2Fwp%2Fv2%2Fmedia&parent=4972"}],"wp:term":[{"taxonomy":"product_brand","embeddable":true,"href":"https:\/\/shop.xn--altmhl-bogensport-52b.de\/index.php?rest_route=%2Fwp%2Fv2%2Fproduct_brand&post=4972"},{"taxonomy":"product_cat","embeddable":true,"href":"https:\/\/shop.xn--altmhl-bogensport-52b.de\/index.php?rest_route=%2Fwp%2Fv2%2Fproduct_cat&post=4972"},{"taxonomy":"product_tag","embeddable":true,"href":"https:\/\/shop.xn--altmhl-bogensport-52b.de\/index.php?rest_route=%2Fwp%2Fv2%2Fproduct_tag&post=4972"}],"curies":[{"name":"wp","href":"https:\/\/api.w.org\/{rel}","templated":true}]}}