{"id":497,"date":"2020-01-17T11:53:15","date_gmt":"2020-01-17T11:53:15","guid":{"rendered":"http:\/\/shop.xn--altmhl-bogensport-52b.de\/?post_type=product&#038;p=497"},"modified":"2025-01-11T15:02:28","modified_gmt":"2025-01-11T15:02:28","slug":"feder-rw-shield-3-zoll-naturgestreift-bearpaw","status":"publish","type":"product","link":"https:\/\/shop.xn--altmhl-bogensport-52b.de\/?product=feder-rw-shield-3-zoll-naturgestreift-bearpaw","title":{"rendered":"Feder RW Shield 3 Zoll naturgestreift Bearpaw"},"content":{"rendered":"<p><b>Naturgestreifte Truthahnfedern sind etwas ganz besonderes! Keine Feder gleicht der anderen!<\/b><\/p>\n<p>Die nat\u00fcrlichen Farben und Strukturen jeder einzelnen dieser Naturfedern sind einzigartig. Zudem haben wir die urspr\u00fcnglichen barred Federn aus den guten alten Tagen zur\u00fcckgebracht. Wir colorieren die echten naturgestreiften Truthahnfedern mit zarten Farben und verleihen ihnen ein ganz besonderes Aussehen!<\/p>\n<p>Pfeile mit Federn in der L\u00e4nge von 3 Zoll werden im Bereich des traditionellen Bogenschie\u00dfens wohl am h\u00e4ufigsten f\u00fcr B\u00f6gen mit niedrigerem Zuggewicht und Kinderpfeile verwendet. So k\u00f6nnen auch bei geringeren Zuggewichten h\u00f6here Pfeilgeschwindigkeiten realisiert werden. Bei der Shield Form haben wir auf ein flacheres Profil zur\u00fcckgegriffen, um Stabilisierung und Pfeilgeschwindigkeit perfekt zu kombinieren..<\/p>\n<p><b>Bitte beachten sie die abweichenden Preise bei den colorierten Truthahnfedern naturgestreift!<\/b><\/p>\n<ul>\n<li>Ausf\u00fchrung: Shield Form<\/li>\n<li>L\u00e4nge: 3 Zoll<\/li>\n<li>Farbstruktur: Naturgestreift<\/li>\n<li>Farben: Verschiedene Natural barred Farbt\u00f6ne<\/li>\n<\/ul>\n<p><b>Im Untermen\u00fc k\u00f6nnen sie ihre ganz pers\u00f6nliche Wunschfarbe ausw\u00e4hlen!<\/b><\/p>\n<p>&nbsp;<\/p>\n<table class=\"table table-sm\">\n<tbody>\n<tr class=\"attr-custom\">\n<td class=\"attr-value\"><strong>Herstellername:<\/strong><br \/>\nBEARPAW GmbH<br \/>\n<strong>Anschrift:<\/strong><br \/>\nHannebach 30, 96269 Rossach<br \/>\n<strong>Herkunftsland:<\/strong><br \/>\nDeutschland<br \/>\n<strong>Webseite:<\/strong><br \/>\nhttps:\/\/www.bearpaw-products.de\/<br \/>\n<strong>Kontakt:<\/strong><br \/>\ninfo@bearpaw-products.com<br \/>\n<strong>Marke:<\/strong><br \/>\nBearpaw Products<\/td>\n<\/tr>\n<\/tbody>\n<\/table>\n","protected":false},"excerpt":{"rendered":"<p>3 Zoll shield Feder naturgestreift Bearpaw<\/p>\n","protected":false},"featured_media":504,"comment_status":"open","ping_status":"closed","template":"","meta":[],"product_brand":[],"product_cat":[17,118],"product_tag":[30,111,119,121],"class_list":{"0":"post-497","1":"product","2":"type-product","3":"status-publish","4":"has-post-thumbnail","6":"product_cat-pfeilbau","7":"product_cat-naturfedern-3-zoll-rw-pfeilbau","8":"product_tag-bearpaw","9":"product_tag-feder","10":"product_tag-3-zoll","11":"product_tag-natur","13":"first","14":"onbackorder","15":"taxable","16":"shipping-taxable","17":"purchasable","18":"product-type-variable"},"_links":{"self":[{"href":"https:\/\/shop.xn--altmhl-bogensport-52b.de\/index.php?rest_route=\/wp\/v2\/product\/497","targetHints":{"allow":["GET"]}}],"collection":[{"href":"https:\/\/shop.xn--altmhl-bogensport-52b.de\/index.php?rest_route=\/wp\/v2\/product"}],"about":[{"href":"https:\/\/shop.xn--altmhl-bogensport-52b.de\/index.php?rest_route=\/wp\/v2\/types\/product"}],"replies":[{"embeddable":true,"href":"https:\/\/shop.xn--altmhl-bogensport-52b.de\/index.php?rest_route=%2Fwp%2Fv2%2Fcomments&post=497"}],"wp:featuredmedia":[{"embeddable":true,"href":"https:\/\/shop.xn--altmhl-bogensport-52b.de\/index.php?rest_route=\/wp\/v2\/media\/504"}],"wp:attachment":[{"href":"https:\/\/shop.xn--altmhl-bogensport-52b.de\/index.php?rest_route=%2Fwp%2Fv2%2Fmedia&parent=497"}],"wp:term":[{"taxonomy":"product_brand","embeddable":true,"href":"https:\/\/shop.xn--altmhl-bogensport-52b.de\/index.php?rest_route=%2Fwp%2Fv2%2Fproduct_brand&post=497"},{"taxonomy":"product_cat","embeddable":true,"href":"https:\/\/shop.xn--altmhl-bogensport-52b.de\/index.php?rest_route=%2Fwp%2Fv2%2Fproduct_cat&post=497"},{"taxonomy":"product_tag","embeddable":true,"href":"https:\/\/shop.xn--altmhl-bogensport-52b.de\/index.php?rest_route=%2Fwp%2Fv2%2Fproduct_tag&post=497"}],"curies":[{"name":"wp","href":"https:\/\/api.w.org\/{rel}","templated":true}]}}