{"id":4877,"date":"2024-02-10T09:36:34","date_gmt":"2024-02-10T09:36:34","guid":{"rendered":"https:\/\/shop.xn--altmhl-bogensport-52b.de\/?post_type=product&#038;p=4877"},"modified":"2025-08-15T11:12:08","modified_gmt":"2025-08-15T11:12:08","slug":"gateway-naturfeder-tre-camo-rechtsgewunden-volle-laenge","status":"publish","type":"product","link":"https:\/\/shop.xn--altmhl-bogensport-52b.de\/?product=gateway-naturfeder-tre-camo-rechtsgewunden-volle-laenge","title":{"rendered":"GATEWAY Naturfeder &#8211; Tre Camo &#8211; Rechtsgewunden &#8211; volle L\u00e4nge"},"content":{"rendered":"<h1 class=\"line-height-150\">Gateway Tre Camo Rechtsgewunden Volle L\u00e4nge<\/h1>\n<p class=\"line-height-150\">Es handelt sich um echte Truthahnfedern.<\/p>\n<p class=\"line-height-150\">Au\u00dfergew\u00f6hnliche Federn mit Tre Camo Muster von Gateway.<\/p>\n<p class=\"line-height-150\">Federn von Gateway sind meist ein deutliches St\u00fcck l\u00e4nger als vergleichbare Federn in voller L\u00e4nge von anderen Herstellern.<\/p>\n<p class=\"line-height-150\">Daf\u00fcr ist der Kiel vorne und hinten nicht perfekt abgeschliffen und bietet oft Schwierigkeiten beim Kleben. Wir k\u00f6nnten diesen Bereich direkt k\u00fcrzen,\u00a0 Schneidet man den schlechteren Bereich ab, weil man ihn nicht nutzen m\u00f6chte, dann bleibt immernoch genug Feder \u00fcbrig, in der L\u00e4nge, die man von anderen Herstellern gewohnt ist.<\/p>\n","protected":false},"excerpt":{"rendered":"<p>Gateway Tre Camo Rechtsgewunden Volle L\u00e4nge Es handelt sich um echte Truthahnfedern. Au\u00dfergew\u00f6hnliche Federn mit Tre Camo Muster von Gateway. Federn von Gateway sind meist ein deutliches St\u00fcck l\u00e4nger als vergleichbare Federn in voller L\u00e4nge von anderen Herstellern. Daf\u00fcr ist der Kiel vorne und hinten nicht perfekt abgeschliffen und bietet oft Schwierigkeiten beim Kleben. Wir [&hellip;]<\/p>\n","protected":false},"featured_media":4878,"comment_status":"open","ping_status":"closed","template":"","meta":[],"product_brand":[],"product_cat":[110],"product_tag":[112,114,195,233,563,565,1344,1345],"class_list":{"0":"post-4877","1":"product","2":"type-product","3":"status-publish","4":"has-post-thumbnail","6":"product_cat-naturfedern-volle-laenge","7":"product_tag-naturfeder","8":"product_tag-volle-laenge","9":"product_tag-pfeilbau","10":"product_tag-camo","11":"product_tag-gateway","12":"product_tag-rechtsgewunden","13":"product_tag-tree-camo","14":"product_tag-selberbauen","16":"first","17":"instock","18":"taxable","19":"shipping-taxable","20":"purchasable","21":"product-type-variable"},"_links":{"self":[{"href":"https:\/\/shop.xn--altmhl-bogensport-52b.de\/index.php?rest_route=\/wp\/v2\/product\/4877","targetHints":{"allow":["GET"]}}],"collection":[{"href":"https:\/\/shop.xn--altmhl-bogensport-52b.de\/index.php?rest_route=\/wp\/v2\/product"}],"about":[{"href":"https:\/\/shop.xn--altmhl-bogensport-52b.de\/index.php?rest_route=\/wp\/v2\/types\/product"}],"replies":[{"embeddable":true,"href":"https:\/\/shop.xn--altmhl-bogensport-52b.de\/index.php?rest_route=%2Fwp%2Fv2%2Fcomments&post=4877"}],"wp:featuredmedia":[{"embeddable":true,"href":"https:\/\/shop.xn--altmhl-bogensport-52b.de\/index.php?rest_route=\/wp\/v2\/media\/4878"}],"wp:attachment":[{"href":"https:\/\/shop.xn--altmhl-bogensport-52b.de\/index.php?rest_route=%2Fwp%2Fv2%2Fmedia&parent=4877"}],"wp:term":[{"taxonomy":"product_brand","embeddable":true,"href":"https:\/\/shop.xn--altmhl-bogensport-52b.de\/index.php?rest_route=%2Fwp%2Fv2%2Fproduct_brand&post=4877"},{"taxonomy":"product_cat","embeddable":true,"href":"https:\/\/shop.xn--altmhl-bogensport-52b.de\/index.php?rest_route=%2Fwp%2Fv2%2Fproduct_cat&post=4877"},{"taxonomy":"product_tag","embeddable":true,"href":"https:\/\/shop.xn--altmhl-bogensport-52b.de\/index.php?rest_route=%2Fwp%2Fv2%2Fproduct_tag&post=4877"}],"curies":[{"name":"wp","href":"https:\/\/api.w.org\/{rel}","templated":true}]}}