{"id":4847,"date":"2023-11-23T14:11:22","date_gmt":"2023-11-23T14:11:22","guid":{"rendered":"https:\/\/shop.xn--altmhl-bogensport-52b.de\/?post_type=product&#038;p=4847"},"modified":"2025-01-05T09:12:33","modified_gmt":"2025-01-05T09:12:33","slug":"ibb-3d-tier-vogel-jumbo-sperling","status":"publish","type":"product","link":"https:\/\/shop.xn--altmhl-bogensport-52b.de\/?product=ibb-3d-tier-vogel-jumbo-sperling","title":{"rendered":"IBB 3D Tier Vogel Jumbo Sperling"},"content":{"rendered":"<h2>IBB 3D Tier Vogel Jumbo Sperling<\/h2>\n<p>Das\u00a0<strong><em>IBB 3D Tier Vogel<\/em>\u00a0<em>Jumbo<\/em>\u00a0<\/strong>Sperling ist v\u00f6llig aufgebl\u00e4ht und bereit die Pfeile zu fangen.<\/p>\n<p>Er ist nat\u00fcrlich mit unserem Spezial\u00a0<em>3D Tier Schaum<\/em>\u00a0hergestellt, der f\u00fcr seine hervorragenen Eigenschaften, wie leichtes Pfeilziehen und Selbstheilung Welt bekannt ist.<\/p>\n<p>Ein\u00a0<em>3D Tier<\/em>\u00a0Made in Germany.<\/p>\n<ul>\n<li>Gruppe: IFAA 4<\/li>\n<li>Ma\u00dfe: 34 x 34 x 24 cm<\/li>\n<\/ul>\n<p><strong>Herstellername:<\/strong><br \/>\nBeier Distribution GmbH<br \/>\n<strong>Anschrift:<\/strong><br \/>\nPyramidenweg 20, 96253 Untersiemau<br \/>\n<strong>Herkunftsland:<\/strong><br \/>\nDeutschland<br \/>\n<strong>Webseite:<\/strong><br \/>\nhttps:\/\/www.bogensport-beier.de\/<br \/>\n<strong>Kontakt:<\/strong><br \/>\ncontact@bogensport-beier.de<br \/>\n<strong>Marke:<\/strong><br \/>\nBeier<\/p>\n","protected":false},"excerpt":{"rendered":"<p>IBB 3D Tier Vogel Jumbo Sperling Das\u00a0IBB 3D Tier Vogel\u00a0Jumbo\u00a0Sperling ist v\u00f6llig aufgebl\u00e4ht und bereit die Pfeile zu fangen. Er ist nat\u00fcrlich mit unserem Spezial\u00a03D Tier Schaum\u00a0hergestellt, der f\u00fcr seine hervorragenen Eigenschaften, wie leichtes Pfeilziehen und Selbstheilung Welt bekannt ist. Ein\u00a03D Tier\u00a0Made in Germany. Gruppe: IFAA 4 Ma\u00dfe: 34 x 34 x 24 cm Herstellername: [&hellip;]<\/p>\n","protected":false},"featured_media":4848,"comment_status":"open","ping_status":"closed","template":"","meta":[],"product_brand":[],"product_cat":[506],"product_tag":[177,507,1341,1342,1343],"class_list":{"0":"post-4847","1":"product","2":"type-product","3":"status-publish","4":"has-post-thumbnail","6":"product_cat-ibb-by-beier-3d-ziele","7":"product_tag-3d-ziel","8":"product_tag-ibb","9":"product_tag-spatz","10":"product_tag-sperling","11":"product_tag-vogel","13":"first","14":"onbackorder","15":"sale","16":"taxable","17":"shipping-taxable","18":"purchasable","19":"product-type-simple"},"_links":{"self":[{"href":"https:\/\/shop.xn--altmhl-bogensport-52b.de\/index.php?rest_route=\/wp\/v2\/product\/4847","targetHints":{"allow":["GET"]}}],"collection":[{"href":"https:\/\/shop.xn--altmhl-bogensport-52b.de\/index.php?rest_route=\/wp\/v2\/product"}],"about":[{"href":"https:\/\/shop.xn--altmhl-bogensport-52b.de\/index.php?rest_route=\/wp\/v2\/types\/product"}],"replies":[{"embeddable":true,"href":"https:\/\/shop.xn--altmhl-bogensport-52b.de\/index.php?rest_route=%2Fwp%2Fv2%2Fcomments&post=4847"}],"wp:featuredmedia":[{"embeddable":true,"href":"https:\/\/shop.xn--altmhl-bogensport-52b.de\/index.php?rest_route=\/wp\/v2\/media\/4848"}],"wp:attachment":[{"href":"https:\/\/shop.xn--altmhl-bogensport-52b.de\/index.php?rest_route=%2Fwp%2Fv2%2Fmedia&parent=4847"}],"wp:term":[{"taxonomy":"product_brand","embeddable":true,"href":"https:\/\/shop.xn--altmhl-bogensport-52b.de\/index.php?rest_route=%2Fwp%2Fv2%2Fproduct_brand&post=4847"},{"taxonomy":"product_cat","embeddable":true,"href":"https:\/\/shop.xn--altmhl-bogensport-52b.de\/index.php?rest_route=%2Fwp%2Fv2%2Fproduct_cat&post=4847"},{"taxonomy":"product_tag","embeddable":true,"href":"https:\/\/shop.xn--altmhl-bogensport-52b.de\/index.php?rest_route=%2Fwp%2Fv2%2Fproduct_tag&post=4847"}],"curies":[{"name":"wp","href":"https:\/\/api.w.org\/{rel}","templated":true}]}}