{"id":4839,"date":"2023-11-06T15:58:34","date_gmt":"2023-11-06T15:58:34","guid":{"rendered":"https:\/\/shop.xn--altmhl-bogensport-52b.de\/?post_type=product&#038;p=4839"},"modified":"2025-01-04T12:12:13","modified_gmt":"2025-01-04T12:12:13","slug":"leitold-3d-tier-kleine-vogelspinne","status":"publish","type":"product","link":"https:\/\/shop.xn--altmhl-bogensport-52b.de\/?product=leitold-3d-tier-kleine-vogelspinne","title":{"rendered":"Leitold 3D Tier kleine Vogelspinne"},"content":{"rendered":"<div>Die\u00a0<em><strong>Leitold 3D Tier Vogelspinne<\/strong><\/em>\u00a0in klein! Jetzt erh\u00e4ltlich f\u00fcr jeden Bogenparcours oder f\u00fcr den heimischen Garten!<\/div>\n<div><\/div>\n<div>Die farbenpr\u00e4chtige, \u00fcbergro\u00dfe\u00a0<em>Vogelspinne<\/em>\u00a0von\u00a0<em>Leitold\u00a0<\/em>ist ein einteiliges\u00a0<em>3D Tier\u00a0<\/em>und verf\u00fcgt \u00fcber\u00a04\u00a0eingesch\u00e4umte\u00a0Schlaufen\u00a0zum einfachen Aufbau.<\/div>\n<div><\/div>\n<div>&#8211; UV-resistent<\/div>\n<div>&#8211; einteilig und somit extrem witterungsbest\u00e4ndig und langlebig (optimal auch f\u00fcr Ganzjahres-\/Winterparcours!)<\/div>\n<div>&#8211; perfekte Materialabstimmung sorgt f\u00fcr leichtes Pfeile ziehen und selbstverschlie\u00dfende Einschussl\u00f6cher<\/div>\n<div>&#8211; optimale Pfeil-Stoppwirkung \/ f\u00fcr alle Bogenarten geeignet<\/div>\n<div>&#8211; IFAA + WA konform<\/div>\n<div><\/div>\n<div>HINWEIS: Bei den Produktbildern handelt es sich um Symbol-Fotos.<\/div>\n<div>Da alles in Handarbeit bemalt wird, kann es zu Farbabweichungen kommen.<\/div>\n<div><\/div>\n<div>Wertungszone:<\/div>\n<ul>\n<li>1 Kill<\/li>\n<li>IFAA Gr. 4<\/li>\n<li>WA Gr. 4<\/li>\n<li>Au\u00dfenkill 10,5 cm<\/li>\n<li>10 Ring \u00d8 6 cm<\/li>\n<li>11 Ring \u00d8 2,5 cm<\/li>\n<\/ul>\n<div>\u00a0Gewicht:<\/div>\n<div>\n<ul>\n<li>2 KG<\/li>\n<\/ul>\n<\/div>\n<div>\u00a0Abmessung:<\/div>\n<ul>\n<li>T: 37 cm, B: 48 cm, H: 15,5 cm<\/li>\n<li>Schulterh\u00f6he: 13 cm<\/li>\n<\/ul>\n<p><strong>Herstellername:<\/strong><br \/>\nLeitold GmbH<br \/>\n<strong>Anschrift:<\/strong><br \/>\nGewerbepark S\u00fcd, Salzburger Str. 3, 5141 Moosdorf<br \/>\n<strong>Herkunftsland:<\/strong><br \/>\n\u00d6sterreich<br \/>\n<strong>Webseite:<\/strong><br \/>\nhttps:\/\/www.leitold.at\/<br \/>\n<strong>Kontakt:<\/strong><br \/>\ninfo@leitold.at<br \/>\n<strong>Marke:<\/strong><br \/>\nL.G. Animals &#8211; 3D Targets<\/p>\n","protected":false},"excerpt":{"rendered":"<p>Die\u00a0Leitold 3D Tier Vogelspinne\u00a0in klein! Jetzt erh\u00e4ltlich f\u00fcr jeden Bogenparcours oder f\u00fcr den heimischen Garten! Die farbenpr\u00e4chtige, \u00fcbergro\u00dfe\u00a0Vogelspinne\u00a0von\u00a0Leitold\u00a0ist ein einteiliges\u00a03D Tier\u00a0und verf\u00fcgt \u00fcber\u00a04\u00a0eingesch\u00e4umte\u00a0Schlaufen\u00a0zum einfachen Aufbau. &#8211; UV-resistent &#8211; einteilig und somit extrem witterungsbest\u00e4ndig und langlebig (optimal auch f\u00fcr Ganzjahres-\/Winterparcours!) &#8211; perfekte Materialabstimmung sorgt f\u00fcr leichtes Pfeile ziehen und selbstverschlie\u00dfende Einschussl\u00f6cher &#8211; optimale Pfeil-Stoppwirkung \/ f\u00fcr [&hellip;]<\/p>\n","protected":false},"featured_media":4840,"comment_status":"open","ping_status":"closed","template":"","meta":[],"product_brand":[],"product_cat":[386],"product_tag":[237,388,1339,1340],"class_list":{"0":"post-4839","1":"product","2":"type-product","3":"status-publish","4":"has-post-thumbnail","6":"product_cat-lg-leitold","7":"product_tag-3d-target","8":"product_tag-leitold","9":"product_tag-spinne","10":"product_tag-vogelspinne","12":"first","13":"onbackorder","14":"taxable","15":"shipping-taxable","16":"purchasable","17":"product-type-simple"},"_links":{"self":[{"href":"https:\/\/shop.xn--altmhl-bogensport-52b.de\/index.php?rest_route=\/wp\/v2\/product\/4839","targetHints":{"allow":["GET"]}}],"collection":[{"href":"https:\/\/shop.xn--altmhl-bogensport-52b.de\/index.php?rest_route=\/wp\/v2\/product"}],"about":[{"href":"https:\/\/shop.xn--altmhl-bogensport-52b.de\/index.php?rest_route=\/wp\/v2\/types\/product"}],"replies":[{"embeddable":true,"href":"https:\/\/shop.xn--altmhl-bogensport-52b.de\/index.php?rest_route=%2Fwp%2Fv2%2Fcomments&post=4839"}],"wp:featuredmedia":[{"embeddable":true,"href":"https:\/\/shop.xn--altmhl-bogensport-52b.de\/index.php?rest_route=\/wp\/v2\/media\/4840"}],"wp:attachment":[{"href":"https:\/\/shop.xn--altmhl-bogensport-52b.de\/index.php?rest_route=%2Fwp%2Fv2%2Fmedia&parent=4839"}],"wp:term":[{"taxonomy":"product_brand","embeddable":true,"href":"https:\/\/shop.xn--altmhl-bogensport-52b.de\/index.php?rest_route=%2Fwp%2Fv2%2Fproduct_brand&post=4839"},{"taxonomy":"product_cat","embeddable":true,"href":"https:\/\/shop.xn--altmhl-bogensport-52b.de\/index.php?rest_route=%2Fwp%2Fv2%2Fproduct_cat&post=4839"},{"taxonomy":"product_tag","embeddable":true,"href":"https:\/\/shop.xn--altmhl-bogensport-52b.de\/index.php?rest_route=%2Fwp%2Fv2%2Fproduct_tag&post=4839"}],"curies":[{"name":"wp","href":"https:\/\/api.w.org\/{rel}","templated":true}]}}