{"id":4808,"date":"2023-10-09T17:05:24","date_gmt":"2023-10-09T17:05:24","guid":{"rendered":"https:\/\/shop.xn--altmhl-bogensport-52b.de\/?post_type=product&#038;p=4808"},"modified":"2025-01-04T12:13:24","modified_gmt":"2025-01-04T12:13:24","slug":"leitold-3d-tier-ufox-fuchs-mit-beute","status":"publish","type":"product","link":"https:\/\/shop.xn--altmhl-bogensport-52b.de\/?product=leitold-3d-tier-ufox-fuchs-mit-beute","title":{"rendered":"Leitold 3D Tier UFOX Fuchs mit Beute"},"content":{"rendered":"<p>Der tollw\u00fctige\u00a0<em><strong>3D UFOX Fuchs<\/strong><\/em>\u00a0von\u00a0<em><strong>Leitold<\/strong>\u00a0<\/em>ist ab sofort bei uns erh\u00e4ltlich.<\/p>\n<p>Das\u00a0<em>3D<strong>\u00a0Tier<\/strong>\u00a0<\/em>wird mit seiner erlegten Beute eindrucksvoll in Szene gesetzt, ein Blickfang f\u00fcr jeden Parcours.<\/p>\n<p>Entworfen von\u00a0<em>Ghostpack Archery<\/em>, hergestellt und handbemalt von\u00a0<em>Leitold<\/em>\u00a0f\u00fcr lange Haltbarkeit und hervorragender Qualit\u00e4t.<\/p>\n<p>Wertungszone:<\/p>\n<ul>\n<li>4 Kills<\/li>\n<li>IFAA Gr. 4<\/li>\n<li>WA Gr. 3 + 4<\/li>\n<li>Au\u00dfenkill 11 cm + 7,5 cm<\/li>\n<li>10 Ring \u00d8 7,2 cm + 4,8 cm<\/li>\n<li>11 Ring \u00d8 3,5 cm + 2,2 cm<\/li>\n<\/ul>\n<p>Gewicht: 5,2 kg<\/p>\n<p>Abmessung:\u00a0T: 63 cm, B: 35 cm, H: 50,5 cm<\/p>\n<p><strong>Herstellername:<\/strong><br \/>\nLeitold GmbH<br \/>\n<strong>Anschrift:<\/strong><br \/>\nGewerbepark S\u00fcd, Salzburger Str. 3, 5141 Moosdorf<br \/>\n<strong>Herkunftsland:<\/strong><br \/>\n\u00d6sterreich<br \/>\n<strong>Webseite:<\/strong><br \/>\nhttps:\/\/www.leitold.at\/<br \/>\n<strong>Kontakt:<\/strong><br \/>\ninfo@leitold.at<br \/>\n<strong>Marke:<\/strong><br \/>\nL.G. Animals &#8211; 3D Targets<\/p>\n","protected":false},"excerpt":{"rendered":"<p>Der tollw\u00fctige\u00a03D UFOX Fuchs\u00a0von\u00a0Leitold\u00a0ist ab sofort bei uns erh\u00e4ltlich. Das\u00a03D\u00a0Tier\u00a0wird mit seiner erlegten Beute eindrucksvoll in Szene gesetzt, ein Blickfang f\u00fcr jeden Parcours. Entworfen von\u00a0Ghostpack Archery, hergestellt und handbemalt von\u00a0Leitold\u00a0f\u00fcr lange Haltbarkeit und hervorragender Qualit\u00e4t. Wertungszone: 4 Kills IFAA Gr. 4 WA Gr. 3 + 4 Au\u00dfenkill 11 cm + 7,5 cm 10 Ring \u00d8 [&hellip;]<\/p>\n","protected":false},"featured_media":4809,"comment_status":"open","ping_status":"closed","template":"","meta":[],"product_brand":[],"product_cat":[386],"product_tag":[237,388,797,1334,1335],"class_list":{"0":"post-4808","1":"product","2":"type-product","3":"status-publish","4":"has-post-thumbnail","6":"product_cat-lg-leitold","7":"product_tag-3d-target","8":"product_tag-leitold","9":"product_tag-3d-parcours","10":"product_tag-ufox","11":"product_tag-ghostpack-archery","13":"first","14":"onbackorder","15":"taxable","16":"shipping-taxable","17":"purchasable","18":"product-type-simple"},"_links":{"self":[{"href":"https:\/\/shop.xn--altmhl-bogensport-52b.de\/index.php?rest_route=\/wp\/v2\/product\/4808","targetHints":{"allow":["GET"]}}],"collection":[{"href":"https:\/\/shop.xn--altmhl-bogensport-52b.de\/index.php?rest_route=\/wp\/v2\/product"}],"about":[{"href":"https:\/\/shop.xn--altmhl-bogensport-52b.de\/index.php?rest_route=\/wp\/v2\/types\/product"}],"replies":[{"embeddable":true,"href":"https:\/\/shop.xn--altmhl-bogensport-52b.de\/index.php?rest_route=%2Fwp%2Fv2%2Fcomments&post=4808"}],"wp:featuredmedia":[{"embeddable":true,"href":"https:\/\/shop.xn--altmhl-bogensport-52b.de\/index.php?rest_route=\/wp\/v2\/media\/4809"}],"wp:attachment":[{"href":"https:\/\/shop.xn--altmhl-bogensport-52b.de\/index.php?rest_route=%2Fwp%2Fv2%2Fmedia&parent=4808"}],"wp:term":[{"taxonomy":"product_brand","embeddable":true,"href":"https:\/\/shop.xn--altmhl-bogensport-52b.de\/index.php?rest_route=%2Fwp%2Fv2%2Fproduct_brand&post=4808"},{"taxonomy":"product_cat","embeddable":true,"href":"https:\/\/shop.xn--altmhl-bogensport-52b.de\/index.php?rest_route=%2Fwp%2Fv2%2Fproduct_cat&post=4808"},{"taxonomy":"product_tag","embeddable":true,"href":"https:\/\/shop.xn--altmhl-bogensport-52b.de\/index.php?rest_route=%2Fwp%2Fv2%2Fproduct_tag&post=4808"}],"curies":[{"name":"wp","href":"https:\/\/api.w.org\/{rel}","templated":true}]}}