{"id":4804,"date":"2023-10-09T16:54:46","date_gmt":"2023-10-09T16:54:46","guid":{"rendered":"https:\/\/shop.xn--altmhl-bogensport-52b.de\/?post_type=product&#038;p=4804"},"modified":"2024-12-29T16:12:18","modified_gmt":"2024-12-29T16:12:18","slug":"fb-stehender-schwarzbaer","status":"publish","type":"product","link":"https:\/\/shop.xn--altmhl-bogensport-52b.de\/?product=fb-stehender-schwarzbaer","title":{"rendered":"FB Stehender Schwarzb\u00e4r"},"content":{"rendered":"<p>3 D Tiere von Franzbogen haben ein gutes Preis-Leistungs-Verh\u00e4ltnis. Der deutsche Hersteller \u00fcberzeugt durch eine breite Produktpalette mit vielen 3D Tieren.<\/p>\n<ul>\n<li>Gr\u00f6\u00dfe: 45 x 160 x 36 cm<\/li>\n<li>Gewicht: 14,30 kg<\/li>\n<li>\n<div class=\"row\">\n<div class=\"product-item__details\">\n<p><strong>Killzone 1\u00a0<\/strong><br \/>\nVorne Oval<br \/>\nKill H\u00f6he: 310 mm<br \/>\nKill Breite: 200 mm<\/p>\n<\/div>\n<div class=\"product-item__details\">Spot: 100 mm<\/div>\n<\/div>\n<p>Teile: 2-teilig, Steckverbindung<\/li>\n<\/ul>\n<p>Der B\u00e4r ist 2-teilig und kann daher mit DHL versendet werden.<\/p>\n<p>&nbsp;<\/p>\n<p><strong>Herstellername:<\/strong><br \/>\nFranzbogen GmbH<br \/>\n<strong>Anschrift:<\/strong><br \/>\nAm Lerchenb\u00fchl 2, 68789 St.Leon-Rot<br \/>\n<strong>Herkunftsland:<\/strong><br \/>\nDeutschland<br \/>\n<strong>Webseite:<\/strong><br \/>\nhttps:\/\/www.franzbogen.de\/<br \/>\n<strong>Kontakt:<\/strong><br \/>\ninfo@franzbogen.de<br \/>\n<strong>Marke:<\/strong><br \/>\nFranzbogen<\/p>\n","protected":false},"excerpt":{"rendered":"<p>3 D Tiere von Franzbogen haben ein gutes Preis-Leistungs-Verh\u00e4ltnis. Der deutsche Hersteller \u00fcberzeugt durch eine breite Produktpalette mit vielen 3D Tieren. Gr\u00f6\u00dfe: 45 x 160 x 36 cm Gewicht: 14,30 kg Killzone 1\u00a0 Vorne Oval Kill H\u00f6he: 310 mm Kill Breite: 200 mm Spot: 100 mm Teile: 2-teilig, Steckverbindung Der B\u00e4r ist 2-teilig und kann [&hellip;]<\/p>\n","protected":false},"featured_media":4806,"comment_status":"open","ping_status":"closed","template":"","meta":[],"product_brand":[],"product_cat":[672],"product_tag":[673,674,1333,177],"class_list":{"0":"post-4804","1":"product","2":"type-product","3":"status-publish","4":"has-post-thumbnail","6":"product_cat-franzbogen","7":"product_tag-franzbogen","8":"product_tag-baer","9":"product_tag-stehender-baer","10":"product_tag-3d-ziel","12":"first","13":"onbackorder","14":"taxable","15":"shipping-taxable","16":"purchasable","17":"product-type-simple"},"_links":{"self":[{"href":"https:\/\/shop.xn--altmhl-bogensport-52b.de\/index.php?rest_route=\/wp\/v2\/product\/4804","targetHints":{"allow":["GET"]}}],"collection":[{"href":"https:\/\/shop.xn--altmhl-bogensport-52b.de\/index.php?rest_route=\/wp\/v2\/product"}],"about":[{"href":"https:\/\/shop.xn--altmhl-bogensport-52b.de\/index.php?rest_route=\/wp\/v2\/types\/product"}],"replies":[{"embeddable":true,"href":"https:\/\/shop.xn--altmhl-bogensport-52b.de\/index.php?rest_route=%2Fwp%2Fv2%2Fcomments&post=4804"}],"wp:featuredmedia":[{"embeddable":true,"href":"https:\/\/shop.xn--altmhl-bogensport-52b.de\/index.php?rest_route=\/wp\/v2\/media\/4806"}],"wp:attachment":[{"href":"https:\/\/shop.xn--altmhl-bogensport-52b.de\/index.php?rest_route=%2Fwp%2Fv2%2Fmedia&parent=4804"}],"wp:term":[{"taxonomy":"product_brand","embeddable":true,"href":"https:\/\/shop.xn--altmhl-bogensport-52b.de\/index.php?rest_route=%2Fwp%2Fv2%2Fproduct_brand&post=4804"},{"taxonomy":"product_cat","embeddable":true,"href":"https:\/\/shop.xn--altmhl-bogensport-52b.de\/index.php?rest_route=%2Fwp%2Fv2%2Fproduct_cat&post=4804"},{"taxonomy":"product_tag","embeddable":true,"href":"https:\/\/shop.xn--altmhl-bogensport-52b.de\/index.php?rest_route=%2Fwp%2Fv2%2Fproduct_tag&post=4804"}],"curies":[{"name":"wp","href":"https:\/\/api.w.org\/{rel}","templated":true}]}}