{"id":4701,"date":"2023-07-25T11:44:25","date_gmt":"2023-07-25T11:44:25","guid":{"rendered":"https:\/\/shop.xn--altmhl-bogensport-52b.de\/?post_type=product&#038;p=4701"},"modified":"2025-09-15T00:37:31","modified_gmt":"2025-09-15T00:37:31","slug":"franzbogen-3d-target-gummibaer","status":"publish","type":"product","link":"https:\/\/shop.xn--altmhl-bogensport-52b.de\/?product=franzbogen-3d-target-gummibaer","title":{"rendered":"Franzbogen 3D Target Gummib\u00e4r"},"content":{"rendered":"<p>Neuheit von Franzbogen<\/p>\n<p>Der Gummib\u00e4r im Premium Schaum<\/p>\n<p>H\u00f6he 60 cm<\/p>\n<p>&nbsp;<\/p>\n<p><strong>Herstellername:<\/strong><br \/>\nFranzbogen GmbH<br \/>\n<strong>Anschrift:<\/strong><br \/>\nAm Lerchenb\u00fchl 2, 68789 St.Leon-Rot<br \/>\n<strong>Herkunftsland:<\/strong><br \/>\nDeutschland<br \/>\n<strong>Webseite:<\/strong><br \/>\nhttps:\/\/www.franzbogen.de\/<br \/>\n<strong>Kontakt:<\/strong><br \/>\ninfo@franzbogen.de<br \/>\n<strong>Marke:<\/strong><br \/>\nFranzbogen<\/p>\n","protected":false},"excerpt":{"rendered":"<p>Neuheit von Franzbogen Der Gummib\u00e4r im Premium Schaum H\u00f6he 60 cm &nbsp; Herstellername: Franzbogen GmbH Anschrift: Am Lerchenb\u00fchl 2, 68789 St.Leon-Rot Herkunftsland: Deutschland Webseite: https:\/\/www.franzbogen.de\/ Kontakt: info@franzbogen.de Marke: Franzbogen<\/p>\n","protected":false},"featured_media":4702,"comment_status":"open","ping_status":"closed","template":"","meta":[],"product_brand":[],"product_cat":[163,672,1504],"product_tag":[673,713,964,1322],"class_list":{"0":"post-4701","1":"product","2":"type-product","3":"status-publish","4":"has-post-thumbnail","6":"product_cat-sale","7":"product_cat-franzbogen","8":"product_cat-sommerschlussverkauf","9":"product_tag-franzbogen","10":"product_tag-spassziel","11":"product_tag-premium","12":"product_tag-gummibaer","14":"first","15":"instock","16":"taxable","17":"shipping-taxable","18":"purchasable","19":"product-type-variable"},"_links":{"self":[{"href":"https:\/\/shop.xn--altmhl-bogensport-52b.de\/index.php?rest_route=\/wp\/v2\/product\/4701","targetHints":{"allow":["GET"]}}],"collection":[{"href":"https:\/\/shop.xn--altmhl-bogensport-52b.de\/index.php?rest_route=\/wp\/v2\/product"}],"about":[{"href":"https:\/\/shop.xn--altmhl-bogensport-52b.de\/index.php?rest_route=\/wp\/v2\/types\/product"}],"replies":[{"embeddable":true,"href":"https:\/\/shop.xn--altmhl-bogensport-52b.de\/index.php?rest_route=%2Fwp%2Fv2%2Fcomments&post=4701"}],"wp:featuredmedia":[{"embeddable":true,"href":"https:\/\/shop.xn--altmhl-bogensport-52b.de\/index.php?rest_route=\/wp\/v2\/media\/4702"}],"wp:attachment":[{"href":"https:\/\/shop.xn--altmhl-bogensport-52b.de\/index.php?rest_route=%2Fwp%2Fv2%2Fmedia&parent=4701"}],"wp:term":[{"taxonomy":"product_brand","embeddable":true,"href":"https:\/\/shop.xn--altmhl-bogensport-52b.de\/index.php?rest_route=%2Fwp%2Fv2%2Fproduct_brand&post=4701"},{"taxonomy":"product_cat","embeddable":true,"href":"https:\/\/shop.xn--altmhl-bogensport-52b.de\/index.php?rest_route=%2Fwp%2Fv2%2Fproduct_cat&post=4701"},{"taxonomy":"product_tag","embeddable":true,"href":"https:\/\/shop.xn--altmhl-bogensport-52b.de\/index.php?rest_route=%2Fwp%2Fv2%2Fproduct_tag&post=4701"}],"curies":[{"name":"wp","href":"https:\/\/api.w.org\/{rel}","templated":true}]}}