{"id":4697,"date":"2023-07-25T11:31:47","date_gmt":"2023-07-25T11:31:47","guid":{"rendered":"https:\/\/shop.xn--altmhl-bogensport-52b.de\/?post_type=product&#038;p=4697"},"modified":"2024-12-29T16:14:46","modified_gmt":"2024-12-29T16:14:46","slug":"franzbogen-3d-target-landschildkroete","status":"publish","type":"product","link":"https:\/\/shop.xn--altmhl-bogensport-52b.de\/?product=franzbogen-3d-target-landschildkroete","title":{"rendered":"Franzbogen 3D Target Landschildkr\u00f6te"},"content":{"rendered":"<p><strong>Landschildkr\u00f6te<\/strong><\/p>\n<p><strong>In Normal und Premiumschaum<\/strong><\/p>\n<p>Bestellnummer: T-375-S\u00a0 T-375-P<\/p>\n<p>Gruppe 4 IFAA<\/p>\n<p>Gr\u00f6\u00dfe: L 45 x B 37 x H 24 cm<\/p>\n<div class=\"row\">\n<div class=\"product-item__details\">\n<p><strong>Killzone<\/strong><\/p>\n<p>Oval<br \/>\nKill H\u00f6he: 100 mm<br \/>\nKill Breite: 120 mm<\/p>\n<\/div>\n<div class=\"product-item__details\">\n<p>Spot: 35 mm<\/p>\n<\/div>\n<\/div>\n<p>Gesamtgewicht: 2,5 kg<br \/>\n<strong>Premiumgewicht: 3,8 kg<\/strong><\/p>\n<p>Teile: 1-teilig, Komplett<\/p>\n<p>&nbsp;<\/p>\n<p><strong>Herstellername:<\/strong><br \/>\nFranzbogen GmbH<br \/>\n<strong>Anschrift:<\/strong><br \/>\nAm Lerchenb\u00fchl 2, 68789 St.Leon-Rot<br \/>\n<strong>Herkunftsland:<\/strong><br \/>\nDeutschland<br \/>\n<strong>Webseite:<\/strong><br \/>\nhttps:\/\/www.franzbogen.de\/<br \/>\n<strong>Kontakt:<\/strong><br \/>\ninfo@franzbogen.de<br \/>\n<strong>Marke:<\/strong><br \/>\nFranzbogen<\/p>\n","protected":false},"excerpt":{"rendered":"<p>Landschildkr\u00f6te In Normal und Premiumschaum Bestellnummer: T-375-S\u00a0 T-375-P Gruppe 4 IFAA Gr\u00f6\u00dfe: L 45 x B 37 x H 24 cm Killzone Oval Kill H\u00f6he: 100 mm Kill Breite: 120 mm Spot: 35 mm Gesamtgewicht: 2,5 kg Premiumgewicht: 3,8 kg Teile: 1-teilig, Komplett &nbsp; Herstellername: Franzbogen GmbH Anschrift: Am Lerchenb\u00fchl 2, 68789 St.Leon-Rot Herkunftsland: Deutschland [&hellip;]<\/p>\n","protected":false},"featured_media":4698,"comment_status":"open","ping_status":"closed","template":"","meta":[],"product_brand":[],"product_cat":[672],"product_tag":[673,964,1320,1321],"class_list":{"0":"post-4697","1":"product","2":"type-product","3":"status-publish","4":"has-post-thumbnail","6":"product_cat-franzbogen","7":"product_tag-franzbogen","8":"product_tag-premium","9":"product_tag-schlidkroete","10":"product_tag-landschildkroete","12":"first","13":"onbackorder","14":"taxable","15":"shipping-taxable","16":"purchasable","17":"product-type-variable"},"_links":{"self":[{"href":"https:\/\/shop.xn--altmhl-bogensport-52b.de\/index.php?rest_route=\/wp\/v2\/product\/4697","targetHints":{"allow":["GET"]}}],"collection":[{"href":"https:\/\/shop.xn--altmhl-bogensport-52b.de\/index.php?rest_route=\/wp\/v2\/product"}],"about":[{"href":"https:\/\/shop.xn--altmhl-bogensport-52b.de\/index.php?rest_route=\/wp\/v2\/types\/product"}],"replies":[{"embeddable":true,"href":"https:\/\/shop.xn--altmhl-bogensport-52b.de\/index.php?rest_route=%2Fwp%2Fv2%2Fcomments&post=4697"}],"wp:featuredmedia":[{"embeddable":true,"href":"https:\/\/shop.xn--altmhl-bogensport-52b.de\/index.php?rest_route=\/wp\/v2\/media\/4698"}],"wp:attachment":[{"href":"https:\/\/shop.xn--altmhl-bogensport-52b.de\/index.php?rest_route=%2Fwp%2Fv2%2Fmedia&parent=4697"}],"wp:term":[{"taxonomy":"product_brand","embeddable":true,"href":"https:\/\/shop.xn--altmhl-bogensport-52b.de\/index.php?rest_route=%2Fwp%2Fv2%2Fproduct_brand&post=4697"},{"taxonomy":"product_cat","embeddable":true,"href":"https:\/\/shop.xn--altmhl-bogensport-52b.de\/index.php?rest_route=%2Fwp%2Fv2%2Fproduct_cat&post=4697"},{"taxonomy":"product_tag","embeddable":true,"href":"https:\/\/shop.xn--altmhl-bogensport-52b.de\/index.php?rest_route=%2Fwp%2Fv2%2Fproduct_tag&post=4697"}],"curies":[{"name":"wp","href":"https:\/\/api.w.org\/{rel}","templated":true}]}}