{"id":4687,"date":"2023-07-25T11:11:32","date_gmt":"2023-07-25T11:11:32","guid":{"rendered":"https:\/\/shop.xn--altmhl-bogensport-52b.de\/?post_type=product&#038;p=4687"},"modified":"2024-12-29T16:17:27","modified_gmt":"2024-12-29T16:17:27","slug":"franzbogen-krokodil-3d-ziel","status":"publish","type":"product","link":"https:\/\/shop.xn--altmhl-bogensport-52b.de\/?product=franzbogen-krokodil-3d-ziel","title":{"rendered":"FRANZBOGEN &#8211; Krokodil 3D Ziel"},"content":{"rendered":"<p>Neu seit 2013: alle Tiere werden ab sofort mit einem etwas weicheren und elastischeren Schaum gefertigt. Die Tiere werden im Schnitt 30% schwerer, die Pfeile stoppen besser und lassen sich leichter ziehen. Auch das Abbrechen von empfindlichen Stellen an einigen Tieren wird dadurch vermindert.<\/p>\n<p>Als zweite Aktion wurden alle Killzonen an den Internationalen Standard angepasst. Jetzt haben auch alle Franzbogen 3-D Animals Au\u00dfen- und Innenkill und einen Spot. Auch die Einteilung der Klassen wurde \u00fcberarbeitet und ist jetzt stimmig. Die Tiere k\u00f6nnen jetzt bei allen nationalen und internationalen Wettbewerben verwendet werden.<\/p>\n<p>3 D Tiere Made in Germany<\/p>\n<p>Ma\u00dfe:<br \/>\nGr\u00f6\u00dfe: 24 x 16 x 115 cm<br \/>\nGewicht: 1,95 kg<br \/>\nTeile: 1-teilig<\/p>\n<p>Killzone:<br \/>\n2\u00a0Kill oval<br \/>\nKill H\u00f6he: 9,5cm<br \/>\nKill Breite: 10,5cm<br \/>\nSpot: 3,0cm<\/p>\n<p>IFAA-Gruppe: 4<\/p>\n<p>&nbsp;<\/p>\n<p>Achtung, Farben k\u00f6nnen leicht abweichen.<\/p>\n<p>&nbsp;<\/p>\n<p><strong>Herstellername:<\/strong><br \/>\nFranzbogen GmbH<br \/>\n<strong>Anschrift:<\/strong><br \/>\nAm Lerchenb\u00fchl 2, 68789 St.Leon-Rot<br \/>\n<strong>Herkunftsland:<\/strong><br \/>\nDeutschland<br \/>\n<strong>Webseite:<\/strong><br \/>\nhttps:\/\/www.franzbogen.de\/<br \/>\n<strong>Kontakt:<\/strong><br \/>\ninfo@franzbogen.de<br \/>\n<strong>Marke:<\/strong><br \/>\nFranzbogen<\/p>\n","protected":false},"excerpt":{"rendered":"<p>Neu seit 2013: alle Tiere werden ab sofort mit einem etwas weicheren und elastischeren Schaum gefertigt. Die Tiere werden im Schnitt 30% schwerer, die Pfeile stoppen besser und lassen sich leichter ziehen. Auch das Abbrechen von empfindlichen Stellen an einigen Tieren wird dadurch vermindert. Als zweite Aktion wurden alle Killzonen an den Internationalen Standard angepasst. [&hellip;]<\/p>\n","protected":false},"featured_media":4688,"comment_status":"open","ping_status":"closed","template":"","meta":[],"product_brand":[],"product_cat":[672],"product_tag":[177,673,1318],"class_list":{"0":"post-4687","1":"product","2":"type-product","3":"status-publish","4":"has-post-thumbnail","6":"product_cat-franzbogen","7":"product_tag-3d-ziel","8":"product_tag-franzbogen","9":"product_tag-krokodil","11":"first","12":"onbackorder","13":"taxable","14":"shipping-taxable","15":"purchasable","16":"product-type-simple"},"_links":{"self":[{"href":"https:\/\/shop.xn--altmhl-bogensport-52b.de\/index.php?rest_route=\/wp\/v2\/product\/4687","targetHints":{"allow":["GET"]}}],"collection":[{"href":"https:\/\/shop.xn--altmhl-bogensport-52b.de\/index.php?rest_route=\/wp\/v2\/product"}],"about":[{"href":"https:\/\/shop.xn--altmhl-bogensport-52b.de\/index.php?rest_route=\/wp\/v2\/types\/product"}],"replies":[{"embeddable":true,"href":"https:\/\/shop.xn--altmhl-bogensport-52b.de\/index.php?rest_route=%2Fwp%2Fv2%2Fcomments&post=4687"}],"wp:featuredmedia":[{"embeddable":true,"href":"https:\/\/shop.xn--altmhl-bogensport-52b.de\/index.php?rest_route=\/wp\/v2\/media\/4688"}],"wp:attachment":[{"href":"https:\/\/shop.xn--altmhl-bogensport-52b.de\/index.php?rest_route=%2Fwp%2Fv2%2Fmedia&parent=4687"}],"wp:term":[{"taxonomy":"product_brand","embeddable":true,"href":"https:\/\/shop.xn--altmhl-bogensport-52b.de\/index.php?rest_route=%2Fwp%2Fv2%2Fproduct_brand&post=4687"},{"taxonomy":"product_cat","embeddable":true,"href":"https:\/\/shop.xn--altmhl-bogensport-52b.de\/index.php?rest_route=%2Fwp%2Fv2%2Fproduct_cat&post=4687"},{"taxonomy":"product_tag","embeddable":true,"href":"https:\/\/shop.xn--altmhl-bogensport-52b.de\/index.php?rest_route=%2Fwp%2Fv2%2Fproduct_tag&post=4687"}],"curies":[{"name":"wp","href":"https:\/\/api.w.org\/{rel}","templated":true}]}}