{"id":4680,"date":"2023-07-21T16:13:44","date_gmt":"2023-07-21T16:13:44","guid":{"rendered":"https:\/\/shop.xn--altmhl-bogensport-52b.de\/?post_type=product&#038;p=4680"},"modified":"2025-09-15T00:37:14","modified_gmt":"2025-09-15T00:37:14","slug":"srt-targets-onetwotree","status":"publish","type":"product","link":"https:\/\/shop.xn--altmhl-bogensport-52b.de\/?product=srt-targets-onetwotree","title":{"rendered":"SRT Targets  OneTwoTree"},"content":{"rendered":"<p>SRT OneTwoTree<\/p>\n<p>Die Firma SRT wurde 1994 gegr\u00fcndet und ist seitdem bekannt f\u00fcr seine detaillierten und naturgetreuen 3D Nachbildungen europ\u00e4ischer\u00a0Tiere, deren Qualit\u00e4t ihresgleichen sucht. SRT bietet eine Vielzahl verschiedener\u00a0Tiere an, deren Gestaltung der Killzonen sich nach den IBO Regeln richten. Nicht nur deshalb ist SRT\u00a0die am h\u00e4ufigsten verwendete Marke bei nationalen und internationalen IFAA, FITA und FIARC Wettbewerben, sondern auch europ\u00e4ischer Marktf\u00fchrer.<\/p>\n<p>Bei der\u00a0Produktion der 3D-Ziele denkt SRT auch an die Umwelt. So ist der verwendete Polyurethan-Schaum (PU) FCKW-frei und die verwendeten, wasserbasierten Farben l\u00f6sungsmittelfrei.<\/p>\n<p>Dieses Ziel bietet verschiedene Zielkreise, es hat 3 Tierziele, Kauz und 2 Eichh\u00f6rnchen, auf dem Stumpf sind oben und seitlich weiterhin Zielringe. Somit kann immer wieder gewechselt werden und man hat eine gro\u00dfe Vielfalt in einem Ziel.<\/p>\n<p>Technische Daten:<br \/>\nBreite: 43cm<br \/>\nH\u00f6he: 63cm<br \/>\nAnzahl der Einzelteile: 1<\/p>\n<p>FITA-Gruppe: 4<br \/>\nAnzahl der Ringe: 4<\/p>\n<p>&nbsp;<\/p>\n<p><strong>Herstellername:<\/strong><br \/>\nSRT-Targets srl<br \/>\n<strong>Anschrift:<\/strong><br \/>\nVia Milano 129, 22063 Cantu<br \/>\n<strong>Herkunftsland:<\/strong><br \/>\nItalien<br \/>\n<strong>Webseite:<\/strong><br \/>\nhttps:\/\/www.srt-targets.com\/<br \/>\n<strong>Kontakt:<\/strong><br \/>\nandrea@srt-targets.com<br \/>\n<strong>Marke:<\/strong><br \/>\nSRT Targets<\/p>\n","protected":false},"excerpt":{"rendered":"<p>SRT OneTwoTree Die Firma SRT wurde 1994 gegr\u00fcndet und ist seitdem bekannt f\u00fcr seine detaillierten und naturgetreuen 3D Nachbildungen europ\u00e4ischer\u00a0Tiere, deren Qualit\u00e4t ihresgleichen sucht. SRT bietet eine Vielzahl verschiedener\u00a0Tiere an, deren Gestaltung der Killzonen sich nach den IBO Regeln richten. Nicht nur deshalb ist SRT\u00a0die am h\u00e4ufigsten verwendete Marke bei nationalen und internationalen IFAA, FITA [&hellip;]<\/p>\n","protected":false},"featured_media":4681,"comment_status":"open","ping_status":"closed","template":"","meta":[],"product_brand":[],"product_cat":[224,1504],"product_tag":[221,226,1315,1316],"class_list":{"0":"post-4680","1":"product","2":"type-product","3":"status-publish","4":"has-post-thumbnail","6":"product_cat-srt-targets","7":"product_cat-sommerschlussverkauf","8":"product_tag-kauz","9":"product_tag-srt","10":"product_tag-baumstamm","11":"product_tag-eichhoernchen","13":"first","14":"instock","15":"taxable","16":"shipping-taxable","17":"purchasable","18":"product-type-simple"},"_links":{"self":[{"href":"https:\/\/shop.xn--altmhl-bogensport-52b.de\/index.php?rest_route=\/wp\/v2\/product\/4680","targetHints":{"allow":["GET"]}}],"collection":[{"href":"https:\/\/shop.xn--altmhl-bogensport-52b.de\/index.php?rest_route=\/wp\/v2\/product"}],"about":[{"href":"https:\/\/shop.xn--altmhl-bogensport-52b.de\/index.php?rest_route=\/wp\/v2\/types\/product"}],"replies":[{"embeddable":true,"href":"https:\/\/shop.xn--altmhl-bogensport-52b.de\/index.php?rest_route=%2Fwp%2Fv2%2Fcomments&post=4680"}],"wp:featuredmedia":[{"embeddable":true,"href":"https:\/\/shop.xn--altmhl-bogensport-52b.de\/index.php?rest_route=\/wp\/v2\/media\/4681"}],"wp:attachment":[{"href":"https:\/\/shop.xn--altmhl-bogensport-52b.de\/index.php?rest_route=%2Fwp%2Fv2%2Fmedia&parent=4680"}],"wp:term":[{"taxonomy":"product_brand","embeddable":true,"href":"https:\/\/shop.xn--altmhl-bogensport-52b.de\/index.php?rest_route=%2Fwp%2Fv2%2Fproduct_brand&post=4680"},{"taxonomy":"product_cat","embeddable":true,"href":"https:\/\/shop.xn--altmhl-bogensport-52b.de\/index.php?rest_route=%2Fwp%2Fv2%2Fproduct_cat&post=4680"},{"taxonomy":"product_tag","embeddable":true,"href":"https:\/\/shop.xn--altmhl-bogensport-52b.de\/index.php?rest_route=%2Fwp%2Fv2%2Fproduct_tag&post=4680"}],"curies":[{"name":"wp","href":"https:\/\/api.w.org\/{rel}","templated":true}]}}