{"id":4665,"date":"2024-07-21T10:44:06","date_gmt":"2024-07-21T10:44:06","guid":{"rendered":"https:\/\/shop.xn--altmhl-bogensport-52b.de\/?post_type=product&#038;p=4665"},"modified":"2026-03-30T15:58:46","modified_gmt":"2026-03-30T15:58:46","slug":"ambiorix-handschuh-twister","status":"publish","type":"product","link":"https:\/\/shop.xn--altmhl-bogensport-52b.de\/?product=ambiorix-handschuh-twister","title":{"rendered":"AmbioriX Handschuh &#8220;TWISTER&#8221;"},"content":{"rendered":"<p>Ein moderner Handschuh mit Fingerkuppenverst\u00e4rkung aus hochwertigem Leder.<\/p>\n<p>Maximaler Komfort wird erreicht durch eine Kombination aus Lycra und einem Hybridgarn.<\/p>\n<p>Durch den &#8220;Stoff&#8221; Anteil tr\u00e4gt sich dieser Handschuh sehr geschmeidig und f\u00fchlt sich gegen\u00fcber Leder sehr weich an.<\/p>\n<p>Verschlu\u00df am Handgelenk mit Klett.<\/p>\n<p>Handschuh kann beidseitig ( linke oder rechte Hand ) verwendet werden.<\/p>\n<p>&nbsp;<\/p>\n<p>In 5 Farben lieferbar.<\/p>\n<p>&nbsp;<\/p>\n<p>Herstellerangaben:<\/p>\n<p><strong>Dream Bow Factory Distribution GmbH,<\/strong><\/p>\n<p><strong> Saarstr. 100, 55765 Birkenfeld,<\/strong><\/p>\n<p><strong> Germany<\/strong><\/p>\n<p>info@dreambowfactory.eu<\/p>\n","protected":false},"excerpt":{"rendered":"<p>Ein moderner Handschuh mit Fingerkuppenverst\u00e4rkung aus hochwertigem Leder. Maximaler Komfort wird erreicht durch eine Kombination aus Lycra und einem Hybridgarn. Durch den &#8220;Stoff&#8221; Anteil tr\u00e4gt sich dieser Handschuh sehr geschmeidig und f\u00fchlt sich gegen\u00fcber Leder sehr weich an. Verschlu\u00df am Handgelenk mit Klett. Handschuh kann beidseitig ( linke oder rechte Hand ) verwendet werden. &nbsp; [&hellip;]<\/p>\n","protected":false},"featured_media":5008,"comment_status":"open","ping_status":"closed","template":"","meta":[],"product_brand":[],"product_cat":[100],"product_tag":[1071,1072,1166,1367,1368,1550,101,711,1061],"class_list":{"0":"post-4665","1":"product","2":"type-product","3":"status-publish","4":"has-post-thumbnail","6":"product_cat-handschuhe","7":"product_tag-rot","8":"product_tag-gruen","9":"product_tag-gelb","10":"product_tag-twister","11":"product_tag-3-finger","12":"product_tag-stoffhandschuh","13":"product_tag-handschuh","14":"product_tag-anfaenger","15":"product_tag-einsteiger","17":"first","18":"instock","19":"taxable","20":"shipping-taxable","21":"purchasable","22":"product-type-variable"},"_links":{"self":[{"href":"https:\/\/shop.xn--altmhl-bogensport-52b.de\/index.php?rest_route=\/wp\/v2\/product\/4665","targetHints":{"allow":["GET"]}}],"collection":[{"href":"https:\/\/shop.xn--altmhl-bogensport-52b.de\/index.php?rest_route=\/wp\/v2\/product"}],"about":[{"href":"https:\/\/shop.xn--altmhl-bogensport-52b.de\/index.php?rest_route=\/wp\/v2\/types\/product"}],"replies":[{"embeddable":true,"href":"https:\/\/shop.xn--altmhl-bogensport-52b.de\/index.php?rest_route=%2Fwp%2Fv2%2Fcomments&post=4665"}],"wp:featuredmedia":[{"embeddable":true,"href":"https:\/\/shop.xn--altmhl-bogensport-52b.de\/index.php?rest_route=\/wp\/v2\/media\/5008"}],"wp:attachment":[{"href":"https:\/\/shop.xn--altmhl-bogensport-52b.de\/index.php?rest_route=%2Fwp%2Fv2%2Fmedia&parent=4665"}],"wp:term":[{"taxonomy":"product_brand","embeddable":true,"href":"https:\/\/shop.xn--altmhl-bogensport-52b.de\/index.php?rest_route=%2Fwp%2Fv2%2Fproduct_brand&post=4665"},{"taxonomy":"product_cat","embeddable":true,"href":"https:\/\/shop.xn--altmhl-bogensport-52b.de\/index.php?rest_route=%2Fwp%2Fv2%2Fproduct_cat&post=4665"},{"taxonomy":"product_tag","embeddable":true,"href":"https:\/\/shop.xn--altmhl-bogensport-52b.de\/index.php?rest_route=%2Fwp%2Fv2%2Fproduct_tag&post=4665"}],"curies":[{"name":"wp","href":"https:\/\/api.w.org\/{rel}","templated":true}]}}