{"id":462,"date":"2020-01-17T11:25:53","date_gmt":"2020-01-17T11:25:53","guid":{"rendered":"http:\/\/shop.xn--altmhl-bogensport-52b.de\/?post_type=product&#038;p=462"},"modified":"2025-09-05T19:00:59","modified_gmt":"2025-09-05T19:00:59","slug":"feder-rw-parabol-3-zoll-einfarbig-bearpaw","status":"publish","type":"product","link":"https:\/\/shop.xn--altmhl-bogensport-52b.de\/?product=feder-rw-parabol-3-zoll-einfarbig-bearpaw","title":{"rendered":"Feder RW Parabol 3 Zoll einfarbig Bearpaw"},"content":{"rendered":"<p>Wir verwenden bei der Herstellung unserer Bearpaw Naturfedern nur echte Truthahnfedern. Bearpaw Federn werden von Bogensch\u00fctzen auf der ganzen Welt f\u00fcr den Bau ihrer Pfeile benutzt. Insbesondere im traditionellen Bogensport sind Naturfedern wegen ihrer Sch\u00f6nheit und den tollen Eigenschaften nicht wegzudenken.<\/p>\n<p>Pfeile mit Federn in der L\u00e4nge von 3 Zoll werden im Bereich des traditionellen Bogenschie\u00dfens wohl am h\u00e4ufigsten f\u00fcr B\u00f6gen mit niedrigerem Zuggewicht und Kinderpfeile verwendet. So k\u00f6nnen auch bei geringeren Zuggewichten h\u00f6here Pfeilgeschwindigkeiten realisiert werden. Bei der Shield Form haben wir auf ein flacheres Profil zur\u00fcckgegriffen, um Stabilisierung und Pfeilgeschwindigkeit perfekt zu kombinieren.<\/p>\n<ul>\n<li>Ausf\u00fchrung: Parabol Form<\/li>\n<li>L\u00e4nge: 3 Zoll<\/li>\n<li>Farbstruktur: Einfarbig<\/li>\n<li>Farben: Verschiedene Farben<\/li>\n<\/ul>\n<p><b>Im Untermen\u00fc k\u00f6nnen sie ihre ganz pers\u00f6nliche Wunschfarbe ausw\u00e4hlen!<\/b><\/p>\n<p>&nbsp;<\/p>\n<table class=\"table table-sm\">\n<tbody>\n<tr class=\"attr-custom\">\n<td class=\"attr-value\"><strong>Herstellername:<\/strong><br \/>\nBEARPAW GmbH<br \/>\n<strong>Anschrift:<\/strong><br \/>\nHannebach 30, 96269 Rossach<br \/>\n<strong>Herkunftsland:<\/strong><br \/>\nDeutschland<br \/>\n<strong>Webseite:<\/strong><br \/>\nhttps:\/\/www.bearpaw-products.de\/<br \/>\n<strong>Kontakt:<\/strong><br \/>\ninfo@bearpaw-products.com<br \/>\n<strong>Marke:<\/strong><br \/>\nBearpaw Products<\/td>\n<\/tr>\n<\/tbody>\n<\/table>\n","protected":false},"excerpt":{"rendered":"<p>3 Zoll parabol Feder einfarbig Bearpaw<\/p>\n","protected":false},"featured_media":478,"comment_status":"open","ping_status":"closed","template":"","meta":[],"product_brand":[],"product_cat":[17,118],"product_tag":[30,111,119,120],"class_list":{"0":"post-462","1":"product","2":"type-product","3":"status-publish","4":"has-post-thumbnail","6":"product_cat-pfeilbau","7":"product_cat-naturfedern-3-zoll-rw-pfeilbau","8":"product_tag-bearpaw","9":"product_tag-feder","10":"product_tag-3-zoll","11":"product_tag-einfarbig","13":"first","14":"instock","15":"taxable","16":"shipping-taxable","17":"purchasable","18":"product-type-variable"},"_links":{"self":[{"href":"https:\/\/shop.xn--altmhl-bogensport-52b.de\/index.php?rest_route=\/wp\/v2\/product\/462","targetHints":{"allow":["GET"]}}],"collection":[{"href":"https:\/\/shop.xn--altmhl-bogensport-52b.de\/index.php?rest_route=\/wp\/v2\/product"}],"about":[{"href":"https:\/\/shop.xn--altmhl-bogensport-52b.de\/index.php?rest_route=\/wp\/v2\/types\/product"}],"replies":[{"embeddable":true,"href":"https:\/\/shop.xn--altmhl-bogensport-52b.de\/index.php?rest_route=%2Fwp%2Fv2%2Fcomments&post=462"}],"wp:featuredmedia":[{"embeddable":true,"href":"https:\/\/shop.xn--altmhl-bogensport-52b.de\/index.php?rest_route=\/wp\/v2\/media\/478"}],"wp:attachment":[{"href":"https:\/\/shop.xn--altmhl-bogensport-52b.de\/index.php?rest_route=%2Fwp%2Fv2%2Fmedia&parent=462"}],"wp:term":[{"taxonomy":"product_brand","embeddable":true,"href":"https:\/\/shop.xn--altmhl-bogensport-52b.de\/index.php?rest_route=%2Fwp%2Fv2%2Fproduct_brand&post=462"},{"taxonomy":"product_cat","embeddable":true,"href":"https:\/\/shop.xn--altmhl-bogensport-52b.de\/index.php?rest_route=%2Fwp%2Fv2%2Fproduct_cat&post=462"},{"taxonomy":"product_tag","embeddable":true,"href":"https:\/\/shop.xn--altmhl-bogensport-52b.de\/index.php?rest_route=%2Fwp%2Fv2%2Fproduct_tag&post=462"}],"curies":[{"name":"wp","href":"https:\/\/api.w.org\/{rel}","templated":true}]}}