{"id":4612,"date":"2023-03-29T17:25:12","date_gmt":"2023-03-29T17:25:12","guid":{"rendered":"https:\/\/shop.xn--altmhl-bogensport-52b.de\/?post_type=product&#038;p=4612"},"modified":"2025-01-08T17:33:48","modified_gmt":"2025-01-08T17:33:48","slug":"bearpaw-limb-recurve-long-olive-25lbs","status":"publish","type":"product","link":"https:\/\/shop.xn--altmhl-bogensport-52b.de\/?product=bearpaw-limb-recurve-long-olive-25lbs","title":{"rendered":"Bearpaw Limb Recurve long olive 25lbs"},"content":{"rendered":"<p>Hier angeboten:<\/p>\n<p>Wurfarme f\u00fcr 62&#8243; Mohawk in Ausf\u00fchrung olive long 25lbs<\/p>\n<p>&nbsp;<\/p>\n<p>Leistungsf\u00e4higes Bambuslaminat und Bearpaw Power Glas Crystal Clear sind die Grundmaterialien unserer Mohawk Wurfarme! Eine unschlagbare Kombination und der Garant f\u00fcr Leistung und Stabilit\u00e4t. Unsere Mohawk Wurfarme spiegeln die hervorragende Arbeit unserer Bogenbauer wieder &#8211; Schuss f\u00fcr Schuss rund um die Welt. Die Feinarbeit unserer Bogenbauer w\u00e4hrend der Fertigung der einzelnen Wurfarmpaare macht den gro\u00dfen Unterschied aus! Das sp\u00fcrt man bei jedem Schuss!<\/p>\n<p>Alle Recurve- und Hybridwurfarme unserer Mohawk Serie lassen sich problemlos mit den angebotenen Mohawk, Mohawk Hunter und Mohawk Chief Mittelteilen kombinieren, ohne dass sich die Zuggewichte \u00e4ndern. So k\u00f6nnen sie ihren ganz pers\u00f6nlichen Mohawk zusammenstellen! Selbstverst\u00e4ndlich k\u00f6nnen alle B\u00f6gen aus unserer Mohawk Serie mit jeder handels\u00fcblichen Hochleistungssehne geschossen werden. Wir empfehlen f\u00fcr unsere Mohawk B\u00f6gen unsere Bearpaw Whisper String um die Leistung auch perfekt realisieren zu k\u00f6nnen. Zudem ist der Bogen dann noch &#8220;fl\u00fcster-leise&#8221;!<\/p>\n<p>Recurve Wurfarme haben eine lange Tradition und sind aus dem Bereich des traditionellen Bogensports und der Bogenjagd nicht wegzudenken. Die enorme Leistungsf\u00e4higkeit und Dynamik dieser Wurfarme wird von unz\u00e4hligen Bogensch\u00fctzen gesch\u00e4tzt und geliebt.<\/p>\n<ul>\n<li>Zuggewicht: 20 &#8211; 60 lbs in 5 lbs Stufen<\/li>\n<li>Wurfarme: Bambuskern, Stabil Core, mit Olive Furnier oder Schwarzglas und Bearpaw Power Glas<\/li>\n<li>Gewicht:<br \/>\n&#8211; Recurve Short, schwarz: 350 Gramm<br \/>\n&#8211; Recurve Short, olive: 360 Gramm<br \/>\n&#8211; Recurve Long, schwarz: 380 Gramm<br \/>\n&#8211; Recurve Long, olive: 380 Gramm<\/li>\n<li>Wurfarmzusatz: eine Lage Stabil Core<\/li>\n<li>Tips: mehrschichtiges Mycarta<\/li>\n<li>Bogenl\u00e4nge 13 Zoll Hunter Mittelteil mit Recurve Limbs Short: 56 Zoll<\/li>\n<li>Bogenl\u00e4nge 17 Zoll Mohawk Mittelteil mit Recurve Limbs Short: 60 Zoll<\/li>\n<li>Bogenl\u00e4nge 13 Zoll Hunter Mittelteil mit Recurve Limbs Long: 58 Zoll<\/li>\n<li>Bogenl\u00e4nge 17 Zoll Mohawk Mittelteil mit Recurve Limbs Long: 62 Zoll<\/li>\n<li>Sehne: Whisper String (oder jede andere Hochleistungssehne)<\/li>\n<li>Qualit\u00e4t: German Quality<\/li>\n<li>Garantie: 30 Jahre Bodnik Bows Garantie*<\/li>\n<\/ul>\n<p><strong>*Jeder einzelne Wurfarm des BLS wird in aufwendiger Handarbeit in der Bodnik Bows Manufaktur gebaut. Die ber\u00fchmte 30 Jahre Bodnik Bows Garantie beweist, dass Bodnik Bows mit ihrem Engagement f\u00fcr die Qualit\u00e4t eines jeden einzelnen ihrer handgefertigten Wurfarme stehen. Die Qualit\u00e4t und Leistungsf\u00e4higkeit der Bodnik Bows \u00fcberzeugt seit Jahren zu 100 %. Aus diesem Grund gew\u00e4hrt Bodnik Bows 30 Jahre Garantie.<\/strong><\/p>\n<p><strong>Garantieinhalt:<\/strong><\/p>\n<ul>\n<li><strong>F\u00fcr alle Bodnik Bows Wurfarme gew\u00e4hrt Bodnik Bows 30 Jahre Garantie auf Br\u00fcche, Risse und Delaminierungen.<\/strong><\/li>\n<li><strong>Von der Garantie ausgeschlossen sind Verschlei\u00dfspuren, Sch\u00e4den durch grob fahrl\u00e4ssiges oder vors\u00e4tzliches Verhalten oder verdrehte Wurfarme<\/strong><\/li>\n<li><strong>Die Garantieleistung erfolgt durch Austausch oder Reparatur der Wurfarme. Die gesetzlichen Gew\u00e4hrleistungsrechte bleiben von dieser Garantie unber\u00fchrt und gelten unabh\u00e4ngig von dieser<\/strong><\/li>\n<\/ul>\n<p><strong>Details zur Garantie\u00a0findest Du\u00a0<a href=\"https:\/\/www.bearpaw-shop.com\/garantie\" target=\"_blank\" rel=\"noreferrer noopener\">hier<\/a>.<\/strong><\/p>\n<p>Abbildung kann vom Original abweichen.<\/p>\n<p>&nbsp;<\/p>\n<table class=\"table table-sm\">\n<tbody>\n<tr class=\"attr-custom\">\n<td class=\"attr-value\"><strong>Herstellername:<\/strong><br \/>\nBEARPAW GmbH<br \/>\n<strong>Anschrift:<\/strong><br \/>\nHannebach 30, 96269 Rossach<br \/>\n<strong>Herkunftsland:<\/strong><br \/>\nDeutschland<br \/>\n<strong>Webseite:<\/strong><br \/>\nhttps:\/\/www.bearpaw-products.de\/<br \/>\n<strong>Kontakt:<\/strong><br \/>\ninfo@bearpaw-products.com<br \/>\n<strong>Marke:<\/strong><br \/>\nBearpaw Products<\/td>\n<\/tr>\n<\/tbody>\n<\/table>\n","protected":false},"excerpt":{"rendered":"<p>Hier angeboten: Wurfarme f\u00fcr 62&#8243; Mohawk in Ausf\u00fchrung olive long 25lbs &nbsp; Leistungsf\u00e4higes Bambuslaminat und Bearpaw Power Glas Crystal Clear sind die Grundmaterialien unserer Mohawk Wurfarme! Eine unschlagbare Kombination und der Garant f\u00fcr Leistung und Stabilit\u00e4t. Unsere Mohawk Wurfarme spiegeln die hervorragende Arbeit unserer Bogenbauer wieder &#8211; Schuss f\u00fcr Schuss rund um die Welt. Die [&hellip;]<\/p>\n","protected":false},"featured_media":4613,"comment_status":"open","ping_status":"closed","template":"","meta":[],"product_brand":[],"product_cat":[391,178],"product_tag":[589,1309,1310,1311,30,46,179],"class_list":{"0":"post-4612","1":"product","2":"type-product","3":"status-publish","4":"has-post-thumbnail","6":"product_cat-jagdbogen","7":"product_cat-wurfarme","8":"product_tag-mohawk","9":"product_tag-olive","10":"product_tag-25lbs","11":"product_tag-limbs","12":"product_tag-bearpaw","13":"product_tag-recurve","14":"product_tag-wurfarme","16":"first","17":"outofstock","18":"taxable","19":"shipping-taxable","20":"purchasable","21":"product-type-simple"},"_links":{"self":[{"href":"https:\/\/shop.xn--altmhl-bogensport-52b.de\/index.php?rest_route=\/wp\/v2\/product\/4612","targetHints":{"allow":["GET"]}}],"collection":[{"href":"https:\/\/shop.xn--altmhl-bogensport-52b.de\/index.php?rest_route=\/wp\/v2\/product"}],"about":[{"href":"https:\/\/shop.xn--altmhl-bogensport-52b.de\/index.php?rest_route=\/wp\/v2\/types\/product"}],"replies":[{"embeddable":true,"href":"https:\/\/shop.xn--altmhl-bogensport-52b.de\/index.php?rest_route=%2Fwp%2Fv2%2Fcomments&post=4612"}],"wp:featuredmedia":[{"embeddable":true,"href":"https:\/\/shop.xn--altmhl-bogensport-52b.de\/index.php?rest_route=\/wp\/v2\/media\/4613"}],"wp:attachment":[{"href":"https:\/\/shop.xn--altmhl-bogensport-52b.de\/index.php?rest_route=%2Fwp%2Fv2%2Fmedia&parent=4612"}],"wp:term":[{"taxonomy":"product_brand","embeddable":true,"href":"https:\/\/shop.xn--altmhl-bogensport-52b.de\/index.php?rest_route=%2Fwp%2Fv2%2Fproduct_brand&post=4612"},{"taxonomy":"product_cat","embeddable":true,"href":"https:\/\/shop.xn--altmhl-bogensport-52b.de\/index.php?rest_route=%2Fwp%2Fv2%2Fproduct_cat&post=4612"},{"taxonomy":"product_tag","embeddable":true,"href":"https:\/\/shop.xn--altmhl-bogensport-52b.de\/index.php?rest_route=%2Fwp%2Fv2%2Fproduct_tag&post=4612"}],"curies":[{"name":"wp","href":"https:\/\/api.w.org\/{rel}","templated":true}]}}