{"id":4584,"date":"2023-02-27T17:35:35","date_gmt":"2023-02-27T17:35:35","guid":{"rendered":"https:\/\/shop.xn--altmhl-bogensport-52b.de\/?post_type=product&#038;p=4584"},"modified":"2025-09-15T00:37:31","modified_gmt":"2025-09-15T00:37:31","slug":"penthalon-heavy-hunter-carbonschaft","status":"publish","type":"product","link":"https:\/\/shop.xn--altmhl-bogensport-52b.de\/?product=penthalon-heavy-hunter-carbonschaft","title":{"rendered":"Penthalon Heavy Hunter Carbonschaft"},"content":{"rendered":"<p>Zusammen mit Byron Ferguson haben wir einen unwahrscheinlich robusten Carbonpfeil entwickelt. Zudem konnten wir f\u00fcr den Heavy Hunter noch die einzigartige Optik eines gesplei\u00dften Holzschaftes verwirklichen. Durch sein hohes Eigengewicht hat der pers\u00f6nliche Carbonschaft von Byron Ferguson noch tolle Eigenschaften f\u00fcr die Sch\u00fcsse in freier Wildbahn!<\/p>\n<p><b>Einfach ein rundum gelungener Pfeilschaft!<\/b><\/p>\n<p>Der Pfeil ist f\u00fcr den Einsatz im traditionellen Bereich hervorragend geeignet, da er das Flugverhalten eines Holzpfeils perfekt simuliert. Kein Wunder! Er hat ja auch das gleiche Gewicht.<\/p>\n<p>Nicht umsonst hat der wohl bekannteste Bogensch\u00fctze der Welt seinen Namen auf diesen Carbonpfeil geschrieben.<\/p>\n<p><b>\u201eUnbelievably tough!\u201c (Byron Ferguson)<\/b><\/p>\n<ul>\n<li>Verf\u00fcgbare Spinewerte: 320, 400, 500 und 600<\/li>\n<li>Rundlauf: +\/- 006<\/li>\n<li>Qualit\u00e4t: 100% Carbon<\/li>\n<li>Optik: Gesplei\u00dfte Timber Optik (Siebdruck)<\/li>\n<\/ul>\n<p><strong>F\u00fcr genaue technische Daten unserer Penthalon Extreme Line Sch\u00e4fte dr\u00fccken Sie bitte den nachfolgenden Button.<\/strong><\/p>\n<p><b><a href=\"https:\/\/www.bearpaw-shop.com\/media\/pdf\/d1\/94\/86\/spinetable_carbon_shafts_2022.pdf\" target=\"_blank\" rel=\"noreferrer noopener\"><u>\u200b\u200b\u200b\u200b\u200b\u200bHier<\/u><\/a>\u00a0findest Du die Spinetabelle mit allen notwendigen Informationen.<\/b><\/p>\n<p><a href=\"https:\/\/www.bearpaw-shop.com\/media\/pdf\/1d\/84\/36\/data_file_carbon_shafts_2022.pdf\" target=\"_blank\" rel=\"noreferrer noopener\"><u>Hier<\/u><\/a>\u00a0findest Du alle technischen Daten zu unseren Carbon Sch\u00e4ften.<\/p>\n<ul>\n<li>Lieferumfang: Nur Carbonschaft (Nocken, Insert und Spitzen m\u00fcssen extra bestellt werden)<\/li>\n<\/ul>\n<table class=\"table table-sm\">\n<tbody>\n<tr class=\"attr-custom\">\n<td class=\"attr-value\"><strong>Herstellername:<\/strong><br \/>\nBEARPAW GmbH<br \/>\n<strong>Anschrift:<\/strong><br \/>\nHannebach 30, 96269 Rossach<br \/>\n<strong>Herkunftsland:<\/strong><br \/>\nDeutschland<br \/>\n<strong>Webseite:<\/strong><br \/>\nhttps:\/\/www.bearpaw-products.de\/<br \/>\n<strong>Kontakt:<\/strong><br \/>\ninfo@bearpaw-products.com<br \/>\n<strong>Marke:<\/strong><br \/>\nBearpaw Products<\/td>\n<\/tr>\n<\/tbody>\n<\/table>\n","protected":false},"excerpt":{"rendered":"<p>Zusammen mit Byron Ferguson haben wir einen unwahrscheinlich robusten Carbonpfeil entwickelt. Zudem konnten wir f\u00fcr den Heavy Hunter noch die einzigartige Optik eines gesplei\u00dften Holzschaftes verwirklichen. Durch sein hohes Eigengewicht hat der pers\u00f6nliche Carbonschaft von Byron Ferguson noch tolle Eigenschaften f\u00fcr die Sch\u00fcsse in freier Wildbahn! Einfach ein rundum gelungener Pfeilschaft! Der Pfeil ist f\u00fcr [&hellip;]<\/p>\n","protected":false},"featured_media":4585,"comment_status":"open","ping_status":"closed","template":"","meta":[],"product_brand":[],"product_cat":[1504,19],"product_tag":[72,87,89,1304,1305],"class_list":{"0":"post-4584","1":"product","2":"type-product","3":"status-publish","4":"has-post-thumbnail","6":"product_cat-sommerschlussverkauf","7":"product_cat-carbonschaefte","8":"product_tag-carbonschaft","9":"product_tag-hunter","10":"product_tag-penthalon","11":"product_tag-heavy-hunter","12":"product_tag-byron-ferguson","14":"first","15":"instock","16":"taxable","17":"shipping-taxable","18":"purchasable","19":"product-type-variable"},"_links":{"self":[{"href":"https:\/\/shop.xn--altmhl-bogensport-52b.de\/index.php?rest_route=\/wp\/v2\/product\/4584","targetHints":{"allow":["GET"]}}],"collection":[{"href":"https:\/\/shop.xn--altmhl-bogensport-52b.de\/index.php?rest_route=\/wp\/v2\/product"}],"about":[{"href":"https:\/\/shop.xn--altmhl-bogensport-52b.de\/index.php?rest_route=\/wp\/v2\/types\/product"}],"replies":[{"embeddable":true,"href":"https:\/\/shop.xn--altmhl-bogensport-52b.de\/index.php?rest_route=%2Fwp%2Fv2%2Fcomments&post=4584"}],"wp:featuredmedia":[{"embeddable":true,"href":"https:\/\/shop.xn--altmhl-bogensport-52b.de\/index.php?rest_route=\/wp\/v2\/media\/4585"}],"wp:attachment":[{"href":"https:\/\/shop.xn--altmhl-bogensport-52b.de\/index.php?rest_route=%2Fwp%2Fv2%2Fmedia&parent=4584"}],"wp:term":[{"taxonomy":"product_brand","embeddable":true,"href":"https:\/\/shop.xn--altmhl-bogensport-52b.de\/index.php?rest_route=%2Fwp%2Fv2%2Fproduct_brand&post=4584"},{"taxonomy":"product_cat","embeddable":true,"href":"https:\/\/shop.xn--altmhl-bogensport-52b.de\/index.php?rest_route=%2Fwp%2Fv2%2Fproduct_cat&post=4584"},{"taxonomy":"product_tag","embeddable":true,"href":"https:\/\/shop.xn--altmhl-bogensport-52b.de\/index.php?rest_route=%2Fwp%2Fv2%2Fproduct_tag&post=4584"}],"curies":[{"name":"wp","href":"https:\/\/api.w.org\/{rel}","templated":true}]}}