{"id":4579,"date":"2023-02-23T12:19:09","date_gmt":"2023-02-23T12:19:09","guid":{"rendered":"https:\/\/shop.xn--altmhl-bogensport-52b.de\/?post_type=product&#038;p=4579"},"modified":"2024-12-29T15:57:55","modified_gmt":"2024-12-29T15:57:55","slug":"eltoro-wild-colorz-traditional-armschutz","status":"publish","type":"product","link":"https:\/\/shop.xn--altmhl-bogensport-52b.de\/?product=eltoro-wild-colorz-traditional-armschutz","title":{"rendered":"elTORO Wild Colorz Traditional &#8211; Armschutz"},"content":{"rendered":"<p><strong>elTORO Wild Colorz Traditional &#8211; Armschutz<\/strong><\/p>\n<p>Der doppellagige Armschutz Traditional sch\u00fctzt den Unterarm zuverl\u00e4ssig vor Ber\u00fchrungen und Verletzungen durch die zur\u00fcckschnellende Sehne beim Abschuss. Der Verschluss des Armschutzes durch eine Schn\u00fcrung erm\u00f6glicht einen optimalen Sitz am Arm und ist f\u00fcr alle Gr\u00f6\u00dfen geeignet.<\/p>\n<p><strong>Wild Colorz &#8211; Die neue Produktlinie von elTORO<\/strong><\/p>\n<p>Robustes\u00a0Wildleder und\u00a0attraktive Farben bringen frischen Wind in die neuen K\u00f6cher, Handschuhe und Armschutze von elTORO. In der Wild Colorz Serie werden alle Zubeh\u00f6rartikel aus hochwertigen Wildleder hergestellt, das trotz aller Robustheit besonders mit seiner optisch rauen aber dennoch weichen Oberfl\u00e4che gef\u00e4llt. Hinzu kommen bei einigen Produkten sch\u00f6ne Punzierungen in Form von Ornamenten und dem elTORO Schriftzug. Die attraktiven Farben verleihen den Wild Colorz Produkten schlie\u00dflich ihre zweite Besonderheit, denn wo sonst sieht man bei Zubeh\u00f6r f\u00fcr den Bogensport so eine Vielfalt an ansprechenden\u00a0Farben?<\/p>\n<p>&nbsp;<\/p>\n<p><strong>Technische Daten:<\/strong><br \/>\nL\u00e4nge: ca. 19cm<br \/>\nBreite: ca. 13,5 &#8211; 15cm<br \/>\nGewicht: ca. 105g<\/p>\n<p><strong>Farbe:<\/strong><br \/>\nderzeitig nur Schwarz<\/p>\n<p>andere Farben auf Anfrage<\/p>\n<p>&nbsp;<\/p>\n<p><strong>Lieferumfang:<\/strong><br \/>\n1 St\u00fcck<\/p>\n<p>&nbsp;<\/p>\n<p><strong>Herstellername:<\/strong><br \/>\nBSW Handels GmbH<br \/>\n<strong>Anschrift:<\/strong><br \/>\nDemminer Strasse 32, 17389 Anklam<br \/>\n<strong>Herkunftsland:<\/strong><br \/>\nDeutschland<br \/>\n<strong>Webseite:<\/strong><br \/>\nhttps:\/\/eltoro-archery.com\/<br \/>\n<strong>Kontakt:<\/strong><br \/>\nhttps:\/\/www.bogensportwelt.de\/Kontakt<br \/>\n<strong>Marke:<\/strong><br \/>\nelToro<\/p>\n","protected":false},"excerpt":{"rendered":"<p>elTORO Wild Colorz Traditional &#8211; Armschutz Der doppellagige Armschutz Traditional sch\u00fctzt den Unterarm zuverl\u00e4ssig vor Ber\u00fchrungen und Verletzungen durch die zur\u00fcckschnellende Sehne beim Abschuss. Der Verschluss des Armschutzes durch eine Schn\u00fcrung erm\u00f6glicht einen optimalen Sitz am Arm und ist f\u00fcr alle Gr\u00f6\u00dfen geeignet. Wild Colorz &#8211; Die neue Produktlinie von elTORO Robustes\u00a0Wildleder und\u00a0attraktive Farben bringen [&hellip;]<\/p>\n","protected":false},"featured_media":4580,"comment_status":"open","ping_status":"closed","template":"","meta":[],"product_brand":[],"product_cat":[40],"product_tag":[263,414,1303,41,73],"class_list":{"0":"post-4579","1":"product","2":"type-product","3":"status-publish","4":"has-post-thumbnail","6":"product_cat-armschutz","7":"product_tag-black","8":"product_tag-schwarz","9":"product_tag-wild-colorz","10":"product_tag-armschutz","11":"product_tag-traditional","13":"first","14":"onbackorder","15":"sale","16":"taxable","17":"shipping-taxable","18":"purchasable","19":"product-type-simple"},"_links":{"self":[{"href":"https:\/\/shop.xn--altmhl-bogensport-52b.de\/index.php?rest_route=\/wp\/v2\/product\/4579","targetHints":{"allow":["GET"]}}],"collection":[{"href":"https:\/\/shop.xn--altmhl-bogensport-52b.de\/index.php?rest_route=\/wp\/v2\/product"}],"about":[{"href":"https:\/\/shop.xn--altmhl-bogensport-52b.de\/index.php?rest_route=\/wp\/v2\/types\/product"}],"replies":[{"embeddable":true,"href":"https:\/\/shop.xn--altmhl-bogensport-52b.de\/index.php?rest_route=%2Fwp%2Fv2%2Fcomments&post=4579"}],"wp:featuredmedia":[{"embeddable":true,"href":"https:\/\/shop.xn--altmhl-bogensport-52b.de\/index.php?rest_route=\/wp\/v2\/media\/4580"}],"wp:attachment":[{"href":"https:\/\/shop.xn--altmhl-bogensport-52b.de\/index.php?rest_route=%2Fwp%2Fv2%2Fmedia&parent=4579"}],"wp:term":[{"taxonomy":"product_brand","embeddable":true,"href":"https:\/\/shop.xn--altmhl-bogensport-52b.de\/index.php?rest_route=%2Fwp%2Fv2%2Fproduct_brand&post=4579"},{"taxonomy":"product_cat","embeddable":true,"href":"https:\/\/shop.xn--altmhl-bogensport-52b.de\/index.php?rest_route=%2Fwp%2Fv2%2Fproduct_cat&post=4579"},{"taxonomy":"product_tag","embeddable":true,"href":"https:\/\/shop.xn--altmhl-bogensport-52b.de\/index.php?rest_route=%2Fwp%2Fv2%2Fproduct_tag&post=4579"}],"curies":[{"name":"wp","href":"https:\/\/api.w.org\/{rel}","templated":true}]}}