{"id":4572,"date":"2023-02-12T16:13:57","date_gmt":"2023-02-12T16:13:57","guid":{"rendered":"https:\/\/shop.xn--altmhl-bogensport-52b.de\/?post_type=product&#038;p=4572"},"modified":"2025-01-05T09:05:50","modified_gmt":"2025-01-05T09:05:50","slug":"3d-ziel-kleiner-schwarzbaer-laufend","status":"publish","type":"product","link":"https:\/\/shop.xn--altmhl-bogensport-52b.de\/?product=3d-ziel-kleiner-schwarzbaer-laufend","title":{"rendered":"3D-Ziel Kleiner Schwarzb\u00e4r laufend Leitold"},"content":{"rendered":"<p>IFAA Gruppe: 3<br \/>\nAu\u00dfenkill: 16,5 cm<\/p>\n<p>WA Gruppe: 3<br \/>\nAnzahl Wertungszonen: 2<\/p>\n<p>&nbsp;<\/p>\n<div>Gewicht: 7 kg<\/div>\n<div>H\u00f6he: 52 cm<\/div>\n<div>Tiefe: 90 cm<\/div>\n<p>&#8211; UV-resistent<br \/>\n&#8211; einteilig und somit extrem witterungsbest\u00e4ndig und langlebig (optimal auch f\u00fcr Ganzjahres-\/Winterparcours!)<br \/>\n&#8211; perfekte Materialabstimmung sorgt f\u00fcr leichtes Pfeile ziehen und selbstverschlie\u00dfende Einschussl\u00f6cher<br \/>\n&#8211; optimale Pfeil-Stoppwirkung \/ f\u00fcr alle Bogenarten geeignet<br \/>\n&#8211; IFAA approved<\/p>\n<div><\/div>\n<div>HINWEIS: Bei unseren Produktbildern handelt es sich um Symbol-Fotos. Da alles in Handarbeit bemalt wird, kann es zu Farbabweichungen kommen.<\/div>\n<div><\/div>\n<div><strong>Herstellername:<\/strong><br \/>\nLeitold GmbH<br \/>\n<strong>Anschrift:<\/strong><br \/>\nGewerbepark S\u00fcd, Salzburger Str. 3, 5141 Moosdorf<br \/>\n<strong>Herkunftsland:<\/strong><br \/>\n\u00d6sterreich<br \/>\n<strong>Webseite:<\/strong><br \/>\nhttps:\/\/www.leitold.at\/<br \/>\n<strong>Kontakt:<\/strong><br \/>\ninfo@leitold.at<br \/>\n<strong>Marke:<\/strong><br \/>\nL.G. Animals &#8211; 3D Targets<\/div>\n","protected":false},"excerpt":{"rendered":"<p>IFAA Gruppe: 3 Au\u00dfenkill: 16,5 cm WA Gruppe: 3 Anzahl Wertungszonen: 2 &nbsp; Gewicht: 7 kg H\u00f6he: 52 cm Tiefe: 90 cm &#8211; UV-resistent &#8211; einteilig und somit extrem witterungsbest\u00e4ndig und langlebig (optimal auch f\u00fcr Ganzjahres-\/Winterparcours!) &#8211; perfekte Materialabstimmung sorgt f\u00fcr leichtes Pfeile ziehen und selbstverschlie\u00dfende Einschussl\u00f6cher &#8211; optimale Pfeil-Stoppwirkung \/ f\u00fcr alle Bogenarten geeignet [&hellip;]<\/p>\n","protected":false},"featured_media":4573,"comment_status":"open","ping_status":"closed","template":"","meta":[],"product_brand":[],"product_cat":[386],"product_tag":[1301,177,388,674,1299],"class_list":{"0":"post-4572","1":"product","2":"type-product","3":"status-publish","4":"has-post-thumbnail","6":"product_cat-lg-leitold","7":"product_tag-laufend","8":"product_tag-3d-ziel","9":"product_tag-leitold","10":"product_tag-baer","11":"product_tag-schwarzbaer","13":"first","14":"onbackorder","15":"taxable","16":"shipping-taxable","17":"purchasable","18":"product-type-simple"},"_links":{"self":[{"href":"https:\/\/shop.xn--altmhl-bogensport-52b.de\/index.php?rest_route=\/wp\/v2\/product\/4572","targetHints":{"allow":["GET"]}}],"collection":[{"href":"https:\/\/shop.xn--altmhl-bogensport-52b.de\/index.php?rest_route=\/wp\/v2\/product"}],"about":[{"href":"https:\/\/shop.xn--altmhl-bogensport-52b.de\/index.php?rest_route=\/wp\/v2\/types\/product"}],"replies":[{"embeddable":true,"href":"https:\/\/shop.xn--altmhl-bogensport-52b.de\/index.php?rest_route=%2Fwp%2Fv2%2Fcomments&post=4572"}],"wp:featuredmedia":[{"embeddable":true,"href":"https:\/\/shop.xn--altmhl-bogensport-52b.de\/index.php?rest_route=\/wp\/v2\/media\/4573"}],"wp:attachment":[{"href":"https:\/\/shop.xn--altmhl-bogensport-52b.de\/index.php?rest_route=%2Fwp%2Fv2%2Fmedia&parent=4572"}],"wp:term":[{"taxonomy":"product_brand","embeddable":true,"href":"https:\/\/shop.xn--altmhl-bogensport-52b.de\/index.php?rest_route=%2Fwp%2Fv2%2Fproduct_brand&post=4572"},{"taxonomy":"product_cat","embeddable":true,"href":"https:\/\/shop.xn--altmhl-bogensport-52b.de\/index.php?rest_route=%2Fwp%2Fv2%2Fproduct_cat&post=4572"},{"taxonomy":"product_tag","embeddable":true,"href":"https:\/\/shop.xn--altmhl-bogensport-52b.de\/index.php?rest_route=%2Fwp%2Fv2%2Fproduct_tag&post=4572"}],"curies":[{"name":"wp","href":"https:\/\/api.w.org\/{rel}","templated":true}]}}