{"id":4568,"date":"2023-02-12T15:58:56","date_gmt":"2023-02-12T15:58:56","guid":{"rendered":"https:\/\/shop.xn--altmhl-bogensport-52b.de\/?post_type=product&#038;p=4568"},"modified":"2025-01-05T09:08:03","modified_gmt":"2025-01-05T09:08:03","slug":"3d-ziel-kleiner-schwarzbaer-kletternd-mit-gurt","status":"publish","type":"product","link":"https:\/\/shop.xn--altmhl-bogensport-52b.de\/?product=3d-ziel-kleiner-schwarzbaer-kletternd-mit-gurt","title":{"rendered":"3D-Ziel Kleiner Schwarzb\u00e4r kletternd mit Gurt Leitold"},"content":{"rendered":"<div>Einfache Befestigung am Baum durch zwei eingesch\u00e4umte Zurrgurte!<\/div>\n<div>IFAA Gruppe: 2 + 3<\/div>\n<div>Au\u00dfenkill: 23,3\u00a0cm + 17\u00a0cm<\/div>\n<div>WA Gruppe: 3<\/div>\n<div>Anzahl Wertungszonen: 3<\/div>\n<div><\/div>\n<div>\n<div>Gewicht: 6 kg<\/div>\n<div>H\u00f6he: 98 cm<\/div>\n<div>Breite: 22,5 cm<\/div>\n<\/div>\n<div><\/div>\n<div>&#8211; UV-resistent<\/div>\n<div>&#8211; einteilig und somit extrem witterungsbest\u00e4ndig und langlebig (optimal auch f\u00fcr Ganzjahres-\/Winterparcours!)<\/div>\n<div>&#8211; perfekte Materialabstimmung sorgt f\u00fcr leichtes Pfeile ziehen und selbstverschlie\u00dfende Einschussl\u00f6cher<\/div>\n<div>&#8211; optimale Pfeil-Stoppwirkung \/ f\u00fcr alle Bogenarten geeignet<\/div>\n<div>&#8211; IFAA +\u00a0WA\u00a0konform<\/div>\n<div><\/div>\n<div>HINWEIS: Bei unseren Produktbildern handelt es sich um Symbol-Fotos. Da alles in Handarbeit bemalt wird, kann es zu Farbabweichungen kommen.<\/div>\n<div>Der\u00a0Baumstamm\u00a0am Bild dient zur Veranschaulichung der Befestigung mit den Gurten und ist\u00a0nicht im Lieferumfang\u00a0enthalten.<\/div>\n<div><\/div>\n<div>Artikel wird f\u00fcr sie bestellt, ca 10-14 Tage Lieferzeit.<\/div>\n<div><\/div>\n<div><strong>Herstellername:<\/strong><br \/>\nLeitold GmbH<br \/>\n<strong>Anschrift:<\/strong><br \/>\nGewerbepark S\u00fcd, Salzburger Str. 3, 5141 Moosdorf<br \/>\n<strong>Herkunftsland:<\/strong><br \/>\n\u00d6sterreich<br \/>\n<strong>Webseite:<\/strong><br \/>\nhttps:\/\/www.leitold.at\/<br \/>\n<strong>Kontakt:<\/strong><br \/>\ninfo@leitold.at<br \/>\n<strong>Marke:<\/strong><br \/>\nL.G. Animals &#8211; 3D Targets<\/div>\n","protected":false},"excerpt":{"rendered":"<p>Einfache Befestigung am Baum durch zwei eingesch\u00e4umte Zurrgurte! IFAA Gruppe: 2 + 3 Au\u00dfenkill: 23,3\u00a0cm + 17\u00a0cm WA Gruppe: 3 Anzahl Wertungszonen: 3 Gewicht: 6 kg H\u00f6he: 98 cm Breite: 22,5 cm &#8211; UV-resistent &#8211; einteilig und somit extrem witterungsbest\u00e4ndig und langlebig (optimal auch f\u00fcr Ganzjahres-\/Winterparcours!) &#8211; perfekte Materialabstimmung sorgt f\u00fcr leichtes Pfeile ziehen und [&hellip;]<\/p>\n","protected":false},"featured_media":4569,"comment_status":"open","ping_status":"closed","template":"","meta":[],"product_brand":[],"product_cat":[386],"product_tag":[388,674,1299,1300,177],"class_list":{"0":"post-4568","1":"product","2":"type-product","3":"status-publish","4":"has-post-thumbnail","6":"product_cat-lg-leitold","7":"product_tag-leitold","8":"product_tag-baer","9":"product_tag-schwarzbaer","10":"product_tag-kletternd","11":"product_tag-3d-ziel","13":"first","14":"onbackorder","15":"taxable","16":"shipping-taxable","17":"purchasable","18":"product-type-simple"},"_links":{"self":[{"href":"https:\/\/shop.xn--altmhl-bogensport-52b.de\/index.php?rest_route=\/wp\/v2\/product\/4568","targetHints":{"allow":["GET"]}}],"collection":[{"href":"https:\/\/shop.xn--altmhl-bogensport-52b.de\/index.php?rest_route=\/wp\/v2\/product"}],"about":[{"href":"https:\/\/shop.xn--altmhl-bogensport-52b.de\/index.php?rest_route=\/wp\/v2\/types\/product"}],"replies":[{"embeddable":true,"href":"https:\/\/shop.xn--altmhl-bogensport-52b.de\/index.php?rest_route=%2Fwp%2Fv2%2Fcomments&post=4568"}],"wp:featuredmedia":[{"embeddable":true,"href":"https:\/\/shop.xn--altmhl-bogensport-52b.de\/index.php?rest_route=\/wp\/v2\/media\/4569"}],"wp:attachment":[{"href":"https:\/\/shop.xn--altmhl-bogensport-52b.de\/index.php?rest_route=%2Fwp%2Fv2%2Fmedia&parent=4568"}],"wp:term":[{"taxonomy":"product_brand","embeddable":true,"href":"https:\/\/shop.xn--altmhl-bogensport-52b.de\/index.php?rest_route=%2Fwp%2Fv2%2Fproduct_brand&post=4568"},{"taxonomy":"product_cat","embeddable":true,"href":"https:\/\/shop.xn--altmhl-bogensport-52b.de\/index.php?rest_route=%2Fwp%2Fv2%2Fproduct_cat&post=4568"},{"taxonomy":"product_tag","embeddable":true,"href":"https:\/\/shop.xn--altmhl-bogensport-52b.de\/index.php?rest_route=%2Fwp%2Fv2%2Fproduct_tag&post=4568"}],"curies":[{"name":"wp","href":"https:\/\/api.w.org\/{rel}","templated":true}]}}