{"id":4556,"date":"2023-02-12T15:32:53","date_gmt":"2023-02-12T15:32:53","guid":{"rendered":"https:\/\/shop.xn--altmhl-bogensport-52b.de\/?post_type=product&#038;p=4556"},"modified":"2025-01-08T17:36:50","modified_gmt":"2025-01-08T17:36:50","slug":"penthalon-slim-line-timber-carbonschaft","status":"publish","type":"product","link":"https:\/\/shop.xn--altmhl-bogensport-52b.de\/?product=penthalon-slim-line-timber-carbonschaft","title":{"rendered":"Penthalon Slim Line Timber Carbonschaft"},"content":{"rendered":"<p>Die neue Generation der Penthalon Slim Line Pfeile \u00fcberzeugt durch Qualit\u00e4t und Pr\u00e4zision. Der d\u00fcnne Pfeil begeistert durch seine flachen und pr\u00e4zisen Pfeilflug. D\u00fcnne Pfeile stabilisieren sich deutlich schneller und verlieren so weniger Energie in der Stabilisierungsphase. Die dicke Wandung unserer Slim Line Carbonsch\u00e4fte sorgt f\u00fcr das notwendige Pfeilgewicht und die Widerstandsf\u00e4higkeit dieser tollen Carbonsch\u00e4fte.<\/p>\n<p>Gerade im traditionellem Bogensport legen viele Bogensch\u00fctzen auch bei Carbonsch\u00e4ften gro\u00dfen Wert auf ein nat\u00fcrliches Design. Die Holzoptik unseres Timber Stick sieht schon unversch\u00e4mt echt aus und kommt einem Holzpfeil sehr nahe!<\/p>\n<ul>\n<li>Verf\u00fcgbare Spinewerte: 400, 500, 600, 800, 1000, 1300 und 1600<\/li>\n<li>L\u00e4nge: Alle Sch\u00e4fte 32 Zoll lang<\/li>\n<li>Rundlauf: +\/- 006<\/li>\n<li>Qualit\u00e4t: 100% Carbon<\/li>\n<li>Optik: Timber Design<\/li>\n<li>Lieferumfang: Nur Carbonschaft (Nocken, Insert und Spitzen m\u00fcssen extra bestellt werden)<\/li>\n<\/ul>\n<p><b>F\u00fcr genaue technische Daten unserer Penthalon Slim Line Sch\u00e4fte dr\u00fccken Sie bitte den nachfolgenden Button<\/b><\/p>\n<p><strong><a href=\"https:\/\/www.bearpaw-shop.com\/media\/pdf\/d1\/94\/86\/spinetable_carbon_shafts_2022.pdf\" target=\"_blank\" rel=\"noreferrer noopener\"><u>Hier<\/u><\/a>\u00a0findest Du die Spinetabelle mit allen notwendigen Informationen.<\/strong><\/p>\n<p><a href=\"https:\/\/www.bearpaw-shop.com\/media\/pdf\/1d\/84\/36\/data_file_carbon_shafts_2022.pdf\" target=\"_blank\" rel=\"noreferrer noopener\"><u>Hier<\/u><\/a> findest Du alle technischen Daten zu unseren Carbon Sh\u00e4ften.<\/p>\n<p>&nbsp;<\/p>\n<table class=\"table table-sm\">\n<tbody>\n<tr class=\"attr-custom\">\n<td class=\"attr-value\"><strong>Herstellername:<\/strong><br \/>\nBEARPAW GmbH<br \/>\n<strong>Anschrift:<\/strong><br \/>\nHannebach 30, 96269 Rossach<br \/>\n<strong>Herkunftsland:<\/strong><br \/>\nDeutschland<br \/>\n<strong>Webseite:<\/strong><br \/>\nhttps:\/\/www.bearpaw-products.de\/<br \/>\n<strong>Kontakt:<\/strong><br \/>\ninfo@bearpaw-products.com<br \/>\n<strong>Marke:<\/strong><br \/>\nBearpaw Products<\/td>\n<\/tr>\n<\/tbody>\n<\/table>\n","protected":false},"excerpt":{"rendered":"<p>Die neue Generation der Penthalon Slim Line Pfeile \u00fcberzeugt durch Qualit\u00e4t und Pr\u00e4zision. Der d\u00fcnne Pfeil begeistert durch seine flachen und pr\u00e4zisen Pfeilflug. D\u00fcnne Pfeile stabilisieren sich deutlich schneller und verlieren so weniger Energie in der Stabilisierungsphase. Die dicke Wandung unserer Slim Line Carbonsch\u00e4fte sorgt f\u00fcr das notwendige Pfeilgewicht und die Widerstandsf\u00e4higkeit dieser tollen Carbonsch\u00e4fte. [&hellip;]<\/p>\n","protected":false},"featured_media":4557,"comment_status":"open","ping_status":"closed","template":"","meta":[],"product_brand":[],"product_cat":[19],"product_tag":[436,949,30,72,89],"class_list":{"0":"post-4556","1":"product","2":"type-product","3":"status-publish","4":"has-post-thumbnail","6":"product_cat-carbonschaefte","7":"product_tag-slim-line","8":"product_tag-timber","9":"product_tag-bearpaw","10":"product_tag-carbonschaft","11":"product_tag-penthalon","13":"first","14":"onbackorder","15":"taxable","16":"shipping-taxable","17":"purchasable","18":"product-type-variable"},"_links":{"self":[{"href":"https:\/\/shop.xn--altmhl-bogensport-52b.de\/index.php?rest_route=\/wp\/v2\/product\/4556","targetHints":{"allow":["GET"]}}],"collection":[{"href":"https:\/\/shop.xn--altmhl-bogensport-52b.de\/index.php?rest_route=\/wp\/v2\/product"}],"about":[{"href":"https:\/\/shop.xn--altmhl-bogensport-52b.de\/index.php?rest_route=\/wp\/v2\/types\/product"}],"replies":[{"embeddable":true,"href":"https:\/\/shop.xn--altmhl-bogensport-52b.de\/index.php?rest_route=%2Fwp%2Fv2%2Fcomments&post=4556"}],"wp:featuredmedia":[{"embeddable":true,"href":"https:\/\/shop.xn--altmhl-bogensport-52b.de\/index.php?rest_route=\/wp\/v2\/media\/4557"}],"wp:attachment":[{"href":"https:\/\/shop.xn--altmhl-bogensport-52b.de\/index.php?rest_route=%2Fwp%2Fv2%2Fmedia&parent=4556"}],"wp:term":[{"taxonomy":"product_brand","embeddable":true,"href":"https:\/\/shop.xn--altmhl-bogensport-52b.de\/index.php?rest_route=%2Fwp%2Fv2%2Fproduct_brand&post=4556"},{"taxonomy":"product_cat","embeddable":true,"href":"https:\/\/shop.xn--altmhl-bogensport-52b.de\/index.php?rest_route=%2Fwp%2Fv2%2Fproduct_cat&post=4556"},{"taxonomy":"product_tag","embeddable":true,"href":"https:\/\/shop.xn--altmhl-bogensport-52b.de\/index.php?rest_route=%2Fwp%2Fv2%2Fproduct_tag&post=4556"}],"curies":[{"name":"wp","href":"https:\/\/api.w.org\/{rel}","templated":true}]}}