{"id":4546,"date":"2023-02-02T12:18:58","date_gmt":"2023-02-02T12:18:58","guid":{"rendered":"https:\/\/shop.xn--altmhl-bogensport-52b.de\/?post_type=product&#038;p=4546"},"modified":"2023-04-24T14:05:53","modified_gmt":"2023-04-24T14:05:53","slug":"dura-pfeilfangnetz-3-meter","status":"publish","type":"product","link":"https:\/\/shop.xn--altmhl-bogensport-52b.de\/?product=dura-pfeilfangnetz-3-meter","title":{"rendered":"Dura Pfeilfangnetz, 3 Meter"},"content":{"rendered":"<p>Unser neues Pfeilfangnetz Dura hat bei allen durchgef\u00fchrten Tests hervorragend abgeschlossen. Sowohl bei ultrad\u00fcnnen Carbonpfeilen als auch bei Carbonpfeilen dickeren Durchmessers konnte dieses Netz durch seine extrem niedrige Durchschussrate \u00fcberzeugen. Wir liefern das Pfeilfangnetz komplett mit Kunststoffh\u00e4ken, Aufbau- und Bedienungsanleitung sowie mit PVC ummanteltem Stahlseil.<\/p>\n<ul>\n<li>H\u00f6he: 3 Meter (Toleranz 5%)<\/li>\n<li>L\u00e4nge: 3 Meter (Toleranz 5%)<\/li>\n<li>Farbe: Gr\u00fcn<\/li>\n<li>Zubeh\u00f6r: 10 Kunststoffhaken, 3,5 Meter Stahlseil, Bedienungs- und Aufbauanleitung<\/li>\n<\/ul>\n<p><b>Bitte beachten Sie stets die beigelegte Aufbau- und Bedienungsanleitung.<\/b><\/p>\n","protected":false},"excerpt":{"rendered":"<p>Unser neues Pfeilfangnetz Dura hat bei allen durchgef\u00fchrten Tests hervorragend abgeschlossen. Sowohl bei ultrad\u00fcnnen Carbonpfeilen als auch bei Carbonpfeilen dickeren Durchmessers konnte dieses Netz durch seine extrem niedrige Durchschussrate \u00fcberzeugen. Wir liefern das Pfeilfangnetz komplett mit Kunststoffh\u00e4ken, Aufbau- und Bedienungsanleitung sowie mit PVC ummanteltem Stahlseil. H\u00f6he: 3 Meter (Toleranz 5%) L\u00e4nge: 3 Meter (Toleranz 5%) [&hellip;]<\/p>\n","protected":false},"featured_media":4547,"comment_status":"open","ping_status":"closed","template":"","meta":[],"product_brand":[],"product_cat":[573],"product_tag":[578,693,1298,574,577],"class_list":{"0":"post-4546","1":"product","2":"type-product","3":"status-publish","4":"has-post-thumbnail","6":"product_cat-backstops-netze","7":"product_tag-fangnetz","8":"product_tag-dura","9":"product_tag-sicherheit","10":"product_tag-pfeilfangnetz","11":"product_tag-backstop","13":"first","14":"onbackorder","15":"taxable","16":"shipping-taxable","17":"purchasable","18":"product-type-simple"},"_links":{"self":[{"href":"https:\/\/shop.xn--altmhl-bogensport-52b.de\/index.php?rest_route=\/wp\/v2\/product\/4546","targetHints":{"allow":["GET"]}}],"collection":[{"href":"https:\/\/shop.xn--altmhl-bogensport-52b.de\/index.php?rest_route=\/wp\/v2\/product"}],"about":[{"href":"https:\/\/shop.xn--altmhl-bogensport-52b.de\/index.php?rest_route=\/wp\/v2\/types\/product"}],"replies":[{"embeddable":true,"href":"https:\/\/shop.xn--altmhl-bogensport-52b.de\/index.php?rest_route=%2Fwp%2Fv2%2Fcomments&post=4546"}],"wp:featuredmedia":[{"embeddable":true,"href":"https:\/\/shop.xn--altmhl-bogensport-52b.de\/index.php?rest_route=\/wp\/v2\/media\/4547"}],"wp:attachment":[{"href":"https:\/\/shop.xn--altmhl-bogensport-52b.de\/index.php?rest_route=%2Fwp%2Fv2%2Fmedia&parent=4546"}],"wp:term":[{"taxonomy":"product_brand","embeddable":true,"href":"https:\/\/shop.xn--altmhl-bogensport-52b.de\/index.php?rest_route=%2Fwp%2Fv2%2Fproduct_brand&post=4546"},{"taxonomy":"product_cat","embeddable":true,"href":"https:\/\/shop.xn--altmhl-bogensport-52b.de\/index.php?rest_route=%2Fwp%2Fv2%2Fproduct_cat&post=4546"},{"taxonomy":"product_tag","embeddable":true,"href":"https:\/\/shop.xn--altmhl-bogensport-52b.de\/index.php?rest_route=%2Fwp%2Fv2%2Fproduct_tag&post=4546"}],"curies":[{"name":"wp","href":"https:\/\/api.w.org\/{rel}","templated":true}]}}