{"id":4481,"date":"2022-12-31T15:20:02","date_gmt":"2022-12-31T15:20:02","guid":{"rendered":"https:\/\/shop.xn--altmhl-bogensport-52b.de\/?post_type=product&#038;p=4481"},"modified":"2025-07-30T16:57:04","modified_gmt":"2025-07-30T16:57:04","slug":"seitenkoecher-black-baumwolle-leder","status":"publish","type":"product","link":"https:\/\/shop.xn--altmhl-bogensport-52b.de\/?product=seitenkoecher-black-baumwolle-leder","title":{"rendered":"Seitenk\u00f6cher Black Baumwolle &#038; Leder"},"content":{"rendered":"<div class=\"content--title\">Produktinformationen &#8220;Seitenk\u00f6cher Black Baumwolle &amp; Leder&#8221;<\/div>\n<div class=\"product--description\">\n<h2>Seitenk\u00f6cher Black<\/h2>\n<p>Ein\u00a0au\u00dfergew\u00f6hnlich sch\u00f6ner\u00a0<strong>Seitenk\u00f6cher<\/strong>. Er geh\u00f6rt zu der Serie von Bogensport Artikel, die aus schwarzer Baumwolle und Leder gefertigt sind. Man (n), oder auch Frau kann sich hier ein h\u00fcbsches Set mit dem\u00a0<strong>Seitenk\u00f6cher Black\u00a0<\/strong>zusammenstellen, das sehr gut zusammenpasst.<\/p>\n<p>Ein Marken Produkt der By Beier Germany<\/p>\n<\/div>\n<p>&nbsp;<\/p>\n<table class=\"table table-sm\">\n<tbody>\n<tr class=\"attr-custom\">\n<td class=\"attr-value\"><strong>Herstellername:<\/strong><br \/>\nBeier Distribution GmbH<br \/>\n<strong>Anschrift:<\/strong><br \/>\nPyramidenweg 20, 96253 Untersiemau<br \/>\n<strong>Herkunftsland:<\/strong><br \/>\nDeutschland<br \/>\n<strong>Webseite:<\/strong><br \/>\nhttps:\/\/www.bogensport-beier.de\/<br \/>\n<strong>Kontakt:<\/strong><br \/>\ncontact@bogensport-beier.de<br \/>\n<strong>Marke:<\/strong><br \/>\nBeier<\/td>\n<\/tr>\n<\/tbody>\n<\/table>\n","protected":false},"excerpt":{"rendered":"<p>Produktinformationen &#8220;Seitenk\u00f6cher Black Baumwolle &amp; Leder&#8221; Seitenk\u00f6cher Black Ein\u00a0au\u00dfergew\u00f6hnlich sch\u00f6ner\u00a0Seitenk\u00f6cher. Er geh\u00f6rt zu der Serie von Bogensport Artikel, die aus schwarzer Baumwolle und Leder gefertigt sind. Man (n), oder auch Frau kann sich hier ein h\u00fcbsches Set mit dem\u00a0Seitenk\u00f6cher Black\u00a0zusammenstellen, das sehr gut zusammenpasst. Ein Marken Produkt der By Beier Germany &nbsp; Herstellername: Beier Distribution [&hellip;]<\/p>\n","protected":false},"featured_media":4482,"comment_status":"open","ping_status":"closed","template":"","meta":[],"product_brand":[],"product_cat":[454],"product_tag":[263,593,594,216],"class_list":{"0":"post-4481","1":"product","2":"type-product","3":"status-publish","4":"has-post-thumbnail","6":"product_cat-seitenkoecher","7":"product_tag-black","8":"product_tag-baumwolle","9":"product_tag-bybeier","10":"product_tag-seitenkoecher","12":"first","13":"onbackorder","14":"taxable","15":"shipping-taxable","16":"purchasable","17":"product-type-variable"},"_links":{"self":[{"href":"https:\/\/shop.xn--altmhl-bogensport-52b.de\/index.php?rest_route=\/wp\/v2\/product\/4481","targetHints":{"allow":["GET"]}}],"collection":[{"href":"https:\/\/shop.xn--altmhl-bogensport-52b.de\/index.php?rest_route=\/wp\/v2\/product"}],"about":[{"href":"https:\/\/shop.xn--altmhl-bogensport-52b.de\/index.php?rest_route=\/wp\/v2\/types\/product"}],"replies":[{"embeddable":true,"href":"https:\/\/shop.xn--altmhl-bogensport-52b.de\/index.php?rest_route=%2Fwp%2Fv2%2Fcomments&post=4481"}],"wp:featuredmedia":[{"embeddable":true,"href":"https:\/\/shop.xn--altmhl-bogensport-52b.de\/index.php?rest_route=\/wp\/v2\/media\/4482"}],"wp:attachment":[{"href":"https:\/\/shop.xn--altmhl-bogensport-52b.de\/index.php?rest_route=%2Fwp%2Fv2%2Fmedia&parent=4481"}],"wp:term":[{"taxonomy":"product_brand","embeddable":true,"href":"https:\/\/shop.xn--altmhl-bogensport-52b.de\/index.php?rest_route=%2Fwp%2Fv2%2Fproduct_brand&post=4481"},{"taxonomy":"product_cat","embeddable":true,"href":"https:\/\/shop.xn--altmhl-bogensport-52b.de\/index.php?rest_route=%2Fwp%2Fv2%2Fproduct_cat&post=4481"},{"taxonomy":"product_tag","embeddable":true,"href":"https:\/\/shop.xn--altmhl-bogensport-52b.de\/index.php?rest_route=%2Fwp%2Fv2%2Fproduct_tag&post=4481"}],"curies":[{"name":"wp","href":"https:\/\/api.w.org\/{rel}","templated":true}]}}