{"id":4429,"date":"2022-12-13T14:36:52","date_gmt":"2022-12-13T14:36:52","guid":{"rendered":"https:\/\/shop.xn--altmhl-bogensport-52b.de\/?post_type=product&#038;p=4429"},"modified":"2025-09-15T00:37:15","modified_gmt":"2025-09-15T00:37:15","slug":"zuggewichtswaage-bearpaw-bow-scale","status":"publish","type":"product","link":"https:\/\/shop.xn--altmhl-bogensport-52b.de\/?product=zuggewichtswaage-bearpaw-bow-scale","title":{"rendered":"Zuggewichtswaage Bearpaw Bow Scale"},"content":{"rendered":"<p><strong>F\u00fcr ein genaues Zuggewicht Deines Bogens.<\/strong><\/p>\n<p>Das genaue Zuggewicht des Bogens kontrollieren zu k\u00f6nnen ist ein wichtiger Punkt, um den perfekten Pfeil bestimmen zu k\u00f6nnen. Hier kann es selbst bei renommierten Herstellern zu Abweichungen gegen\u00fcber den auf dem Bogen angegebenen Zuggewichten kommen. Die Zuggewichtswaage ist speziell f\u00fcr die Bed\u00fcrfnisse des Bogensportlers skaliert und mit einem Indexer versehen. Der Indexer erleichtert Dir das Ablesen des tats\u00e4chlichen Zuggewichtes.<\/p>\n<p>Produktinformationen auf einen Blick:<\/p>\n<ul>\n<li>Ausf\u00fchrung: Indexer und lbs-Skalierung<\/li>\n<li>Material: Metall<\/li>\n<li>Farbe: Schwarz oder grau, kann variieren<\/li>\n<\/ul>\n<p>&nbsp;<\/p>\n<table class=\"table table-sm\">\n<tbody>\n<tr class=\"attr-custom\">\n<td class=\"attr-value\"><strong>Herstellername:<\/strong><br \/>\nBEARPAW GmbH<br \/>\n<strong>Anschrift:<\/strong><br \/>\nHannebach 30, 96269 Rossach<br \/>\n<strong>Herkunftsland:<\/strong><br \/>\nDeutschland<br \/>\n<strong>Webseite:<\/strong><br \/>\nhttps:\/\/www.bearpaw-products.de\/<br \/>\n<strong>Kontakt:<\/strong><br \/>\ninfo@bearpaw-products.com<br \/>\n<strong>Marke:<\/strong><br \/>\nBearpaw Products<\/td>\n<\/tr>\n<\/tbody>\n<\/table>\n","protected":false},"excerpt":{"rendered":"<p>F\u00fcr ein genaues Zuggewicht Deines Bogens. Das genaue Zuggewicht des Bogens kontrollieren zu k\u00f6nnen ist ein wichtiger Punkt, um den perfekten Pfeil bestimmen zu k\u00f6nnen. Hier kann es selbst bei renommierten Herstellern zu Abweichungen gegen\u00fcber den auf dem Bogen angegebenen Zuggewichten kommen. Die Zuggewichtswaage ist speziell f\u00fcr die Bed\u00fcrfnisse des Bogensportlers skaliert und mit einem [&hellip;]<\/p>\n","protected":false},"featured_media":4430,"comment_status":"open","ping_status":"closed","template":"","meta":[],"product_brand":[],"product_cat":[1033,1504,192],"product_tag":[1276,1277,1278,30,920],"class_list":{"0":"post-4429","1":"product","2":"type-product","3":"status-publish","4":"has-post-thumbnail","6":"product_cat-training","7":"product_cat-sommerschlussverkauf","8":"product_cat-werkzeug","9":"product_tag-bow-scale","10":"product_tag-zuggewichtswaage","11":"product_tag-tiller","12":"product_tag-bearpaw","13":"product_tag-bogenwaage","15":"first","16":"instock","17":"taxable","18":"shipping-taxable","19":"purchasable","20":"product-type-simple"},"_links":{"self":[{"href":"https:\/\/shop.xn--altmhl-bogensport-52b.de\/index.php?rest_route=\/wp\/v2\/product\/4429","targetHints":{"allow":["GET"]}}],"collection":[{"href":"https:\/\/shop.xn--altmhl-bogensport-52b.de\/index.php?rest_route=\/wp\/v2\/product"}],"about":[{"href":"https:\/\/shop.xn--altmhl-bogensport-52b.de\/index.php?rest_route=\/wp\/v2\/types\/product"}],"replies":[{"embeddable":true,"href":"https:\/\/shop.xn--altmhl-bogensport-52b.de\/index.php?rest_route=%2Fwp%2Fv2%2Fcomments&post=4429"}],"wp:featuredmedia":[{"embeddable":true,"href":"https:\/\/shop.xn--altmhl-bogensport-52b.de\/index.php?rest_route=\/wp\/v2\/media\/4430"}],"wp:attachment":[{"href":"https:\/\/shop.xn--altmhl-bogensport-52b.de\/index.php?rest_route=%2Fwp%2Fv2%2Fmedia&parent=4429"}],"wp:term":[{"taxonomy":"product_brand","embeddable":true,"href":"https:\/\/shop.xn--altmhl-bogensport-52b.de\/index.php?rest_route=%2Fwp%2Fv2%2Fproduct_brand&post=4429"},{"taxonomy":"product_cat","embeddable":true,"href":"https:\/\/shop.xn--altmhl-bogensport-52b.de\/index.php?rest_route=%2Fwp%2Fv2%2Fproduct_cat&post=4429"},{"taxonomy":"product_tag","embeddable":true,"href":"https:\/\/shop.xn--altmhl-bogensport-52b.de\/index.php?rest_route=%2Fwp%2Fv2%2Fproduct_tag&post=4429"}],"curies":[{"name":"wp","href":"https:\/\/api.w.org\/{rel}","templated":true}]}}