{"id":4411,"date":"2022-12-06T18:12:31","date_gmt":"2022-12-06T18:12:31","guid":{"rendered":"https:\/\/shop.xn--altmhl-bogensport-52b.de\/?post_type=product&#038;p=4411"},"modified":"2025-12-02T08:09:11","modified_gmt":"2025-12-02T08:09:11","slug":"guertelhalter-schwarz-bearpaw-bogenhalter","status":"publish","type":"product","link":"https:\/\/shop.xn--altmhl-bogensport-52b.de\/?product=guertelhalter-schwarz-bearpaw-bogenhalter","title":{"rendered":"G\u00fcrtelhalter schwarz Bearpaw Bogenhalter"},"content":{"rendered":"<p>Ein kleiner &amp; n\u00fctzlicher Helfer.<\/p>\n<p>Die H\u00e4nde frei zu haben kann oft ein gro\u00dfer Vorteil sein. Der G\u00fcrtelhalter aus der Traditional Kollektion erm\u00f6glicht genau das. Egal ob Du gerade etwas anziehst, aufschreibst oder Deine Pfeile einr\u00e4umst, der G\u00fcrtelhalter h\u00e4lt Deinen Bogen einfach und sicher. Durch den Druckknopf kannst Du den G\u00fcrtelhalter unkompliziert an Deinem G\u00fcrtel befestigen. Gefertigt wurde unser G\u00fcrtelhalter aus B\u00fcffel (Glattleder) und er erstrahlt in einem klassischen Schwarz.<\/p>\n<p>Unsere Leder- und Textilprodukte werden in Pakistan in Handarbeit gefertigt. Die gleichbleibende Topqualit\u00e4t und Arbeitsbedingungen vor Ort sind dabei f\u00fcr BEARPAW unverhandelbar. Die Mitarbeiter bekommen Versicherungen f\u00fcr sich und die Familien und alle erhalten ein gesichertes Einkommen durch eine Festanstellung. Das Gehalt der Mitarbeiter vor Ort ist ein dreifaches von dem, was f\u00fcr diese Region durchschnittlich ist. Jeder Mitarbeiter wurde sorgf\u00e4ltig ausgew\u00e4hlt &#8211; es sind echte Experten auf ihrem Gebiet. Dies macht sich in der hochwertigen Verarbeitung, gleichbleibenden Qualit\u00e4t sowie einem edlen Aussehen der Produkte stark bemerkbar.<\/p>\n<p>In unserer Leder- und Textilkollektion legen wir besonders hohen Wert auf die Auswahl und Beschaffung der Materialien. Um nachhaltige, hochwertige und gut durchdachte Produkte an den Markt zu bringen, verwenden wir ausschlie\u00dflich &#8220;REACH-konforme&#8221; Materialien. Als REACH-konform gelten Produkte und Erzeugnisse, die alle Bedingungen der EU-Chemikalienverordnung erf\u00fcllen. Bei allen Materialien versuchen wir lokal zu beziehen und kurze Transportwege zu ber\u00fccksichtigen. Dar\u00fcber hinaus ist unser Partner in Pakistan &#8220;B Corp&#8221; und &#8220;BSCI&#8221; zertifiziert! &#8220;B Corp&#8221; ist ein internationales Zertifikat, mit dem die Non-Profit-Organisation &#8220;B Lab&#8221; Unternehmen f\u00fcr ihre sozialen und \u00f6kologischen Auswirkungen auszeichnet. Das Ziel von &#8220;BSCI&#8221; ist die weltweite Verbesserung von Arbeitsbedingungen. Es muss ein bestimmter Verhaltenskodex innerhalb der Lieferkette eingehalten werden.<\/p>\n<p>Der richtige Faden macht den Unterschied: Die N\u00e4hte unserer Produkte werden mit &#8220;Deutscher G\u00fctermann Faden&#8221; verarbeitet. Das ist kein Zufall, denn dieser Faden ist besonders rei\u00dffest. Jedes Produkt wird h\u00e4ndisch gepr\u00e4gt. Wir pr\u00e4gen mit pr\u00e4zise ausgefr\u00e4sten Messing-Pr\u00e4gestempeln. Der Pr\u00e4gevorgang funktioniert mit Druck und Hitze, wobei jedes Leder, jedes Produkt unterschiedlich behandelt werden muss. Wusstest Du, dass alle Farben \u00fcber die gesamte Leder- und Textilkollektion bei BEARPAW zusammenpassen? Schwarz, Dunkelbraun, Honigbraun oder Beige \u2013 jedes Produkt passt stimmig zueinander.<\/p>\n<p>Produktinformationen auf einen Blick:<\/p>\n<ul>\n<li>Farben: Schwarz<\/li>\n<li>Materialien: Glattleder (B\u00fcffel) REACH-konform (hautvertr\u00e4glich)<\/li>\n<li>Empfehlung: Einsteiger, erfahrene Bogensportler<\/li>\n<\/ul>\n<p>&nbsp;<\/p>\n<table class=\"table table-sm\">\n<tbody>\n<tr class=\"attr-custom\">\n<td class=\"attr-value\"><strong>Herstellername:<\/strong><br \/>\nBEARPAW GmbH<br \/>\n<strong>Anschrift:<\/strong><br \/>\nHannebach 30, 96269 Rossach<br \/>\n<strong>Herkunftsland:<\/strong><br \/>\nDeutschland<br \/>\n<strong>Webseite:<\/strong><br \/>\nhttps:\/\/www.bearpaw-products.de\/<br \/>\n<strong>Kontakt:<\/strong><br \/>\ninfo@bearpaw-products.com<br \/>\n<strong>Marke:<\/strong><br \/>\nBearpaw Products<\/td>\n<\/tr>\n<\/tbody>\n<\/table>\n","protected":false},"excerpt":{"rendered":"<p>Ein kleiner &amp; n\u00fctzlicher Helfer. Die H\u00e4nde frei zu haben kann oft ein gro\u00dfer Vorteil sein. Der G\u00fcrtelhalter aus der Traditional Kollektion erm\u00f6glicht genau das. Egal ob Du gerade etwas anziehst, aufschreibst oder Deine Pfeile einr\u00e4umst, der G\u00fcrtelhalter h\u00e4lt Deinen Bogen einfach und sicher. Durch den Druckknopf kannst Du den G\u00fcrtelhalter unkompliziert an Deinem G\u00fcrtel [&hellip;]<\/p>\n","protected":false},"featured_media":4412,"comment_status":"open","ping_status":"closed","template":"","meta":[],"product_brand":[],"product_cat":[454,1504,75],"product_tag":[1241,30,59,166,263],"class_list":{"0":"post-4411","1":"product","2":"type-product","3":"status-publish","4":"has-post-thumbnail","6":"product_cat-seitenkoecher","7":"product_cat-sommerschlussverkauf","8":"product_cat-guerteltaschen","9":"product_tag-bogenhalter","10":"product_tag-bearpaw","11":"product_tag-leder","12":"product_tag-guertelhalter","13":"product_tag-black","15":"first","16":"instock","17":"taxable","18":"shipping-taxable","19":"purchasable","20":"product-type-simple"},"_links":{"self":[{"href":"https:\/\/shop.xn--altmhl-bogensport-52b.de\/index.php?rest_route=\/wp\/v2\/product\/4411","targetHints":{"allow":["GET"]}}],"collection":[{"href":"https:\/\/shop.xn--altmhl-bogensport-52b.de\/index.php?rest_route=\/wp\/v2\/product"}],"about":[{"href":"https:\/\/shop.xn--altmhl-bogensport-52b.de\/index.php?rest_route=\/wp\/v2\/types\/product"}],"replies":[{"embeddable":true,"href":"https:\/\/shop.xn--altmhl-bogensport-52b.de\/index.php?rest_route=%2Fwp%2Fv2%2Fcomments&post=4411"}],"wp:featuredmedia":[{"embeddable":true,"href":"https:\/\/shop.xn--altmhl-bogensport-52b.de\/index.php?rest_route=\/wp\/v2\/media\/4412"}],"wp:attachment":[{"href":"https:\/\/shop.xn--altmhl-bogensport-52b.de\/index.php?rest_route=%2Fwp%2Fv2%2Fmedia&parent=4411"}],"wp:term":[{"taxonomy":"product_brand","embeddable":true,"href":"https:\/\/shop.xn--altmhl-bogensport-52b.de\/index.php?rest_route=%2Fwp%2Fv2%2Fproduct_brand&post=4411"},{"taxonomy":"product_cat","embeddable":true,"href":"https:\/\/shop.xn--altmhl-bogensport-52b.de\/index.php?rest_route=%2Fwp%2Fv2%2Fproduct_cat&post=4411"},{"taxonomy":"product_tag","embeddable":true,"href":"https:\/\/shop.xn--altmhl-bogensport-52b.de\/index.php?rest_route=%2Fwp%2Fv2%2Fproduct_tag&post=4411"}],"curies":[{"name":"wp","href":"https:\/\/api.w.org\/{rel}","templated":true}]}}