{"id":4408,"date":"2022-12-03T08:05:27","date_gmt":"2022-12-03T08:05:27","guid":{"rendered":"https:\/\/shop.xn--altmhl-bogensport-52b.de\/?post_type=product&#038;p=4408"},"modified":"2025-12-09T20:40:19","modified_gmt":"2025-12-09T20:40:19","slug":"beaver-puffs-sehnengeraeuschdaempfer","status":"publish","type":"product","link":"https:\/\/shop.xn--altmhl-bogensport-52b.de\/?product=beaver-puffs-sehnengeraeuschdaempfer","title":{"rendered":"Beaver Puffs Sehnenger\u00e4uschd\u00e4mpfer"},"content":{"rendered":"<p><strong>Das macht Deinen Bogen noch leiser!<\/strong><\/p>\n<p>Beaver Puffs sind optisch ansprechende Sehnenger\u00e4uschd\u00e4mpfer aus wasserabweisendem Biberfell. Diese leistungsstarken D\u00e4mpfer schlucken jedes Sehnenger\u00e4usch und werden weltweit von vielen Bogensch\u00fctzen eingesetzt.<\/p>\n<p><strong>Produkteigenschaften auf einen Blick:<\/strong><\/p>\n<ul>\n<li>Inhalt: 1 Paar Sehnenger\u00e4uschd\u00e4mpfer<\/li>\n<li>Material: Biberfell<\/li>\n<li>Zubeh\u00f6r: Montageanleitung<\/li>\n<li>Info: Es kann zu farblichen Abweichung f\u00fchren<\/li>\n<li>Qualit\u00e4t: Made in Europe<\/li>\n<\/ul>\n<p><strong>Herstellername:<\/strong><br \/>\nBEARPAW GmbH<br \/>\n<strong>Anschrift:<\/strong><br \/>\nHannebach 30, 96269 Rossach<br \/>\n<strong>Herkunftsland:<\/strong><br \/>\nDeutschland<br \/>\n<strong>Webseite:<\/strong><br \/>\nhttps:\/\/www.bearpaw-products.de\/<br \/>\n<strong>Kontakt:<\/strong><br \/>\ninfo@bearpaw-products.com<br \/>\n<strong>Marke:<\/strong><br \/>\nBearpaw Products<\/p>\n","protected":false},"excerpt":{"rendered":"<p>Das macht Deinen Bogen noch leiser! Beaver Puffs sind optisch ansprechende Sehnenger\u00e4uschd\u00e4mpfer aus wasserabweisendem Biberfell. Diese leistungsstarken D\u00e4mpfer schlucken jedes Sehnenger\u00e4usch und werden weltweit von vielen Bogensch\u00fctzen eingesetzt. Produkteigenschaften auf einen Blick: Inhalt: 1 Paar Sehnenger\u00e4uschd\u00e4mpfer Material: Biberfell Zubeh\u00f6r: Montageanleitung Info: Es kann zu farblichen Abweichung f\u00fchren Qualit\u00e4t: Made in Europe Herstellername: BEARPAW GmbH Anschrift: [&hellip;]<\/p>\n","protected":false},"featured_media":4409,"comment_status":"open","ping_status":"closed","template":"","meta":[],"product_brand":[],"product_cat":[640,1504,29],"product_tag":[420,1274,1275,30,130],"class_list":{"0":"post-4408","1":"product","2":"type-product","3":"status-publish","4":"has-post-thumbnail","6":"product_cat-langbogen","7":"product_cat-sommerschlussverkauf","8":"product_cat-sehnenbau","9":"product_tag-puschel","10":"product_tag-sehnengeraeuschdaempfer","11":"product_tag-beaver-puffs","12":"product_tag-bearpaw","13":"product_tag-fell","15":"first","16":"instock","17":"taxable","18":"shipping-taxable","19":"purchasable","20":"product-type-simple"},"_links":{"self":[{"href":"https:\/\/shop.xn--altmhl-bogensport-52b.de\/index.php?rest_route=\/wp\/v2\/product\/4408","targetHints":{"allow":["GET"]}}],"collection":[{"href":"https:\/\/shop.xn--altmhl-bogensport-52b.de\/index.php?rest_route=\/wp\/v2\/product"}],"about":[{"href":"https:\/\/shop.xn--altmhl-bogensport-52b.de\/index.php?rest_route=\/wp\/v2\/types\/product"}],"replies":[{"embeddable":true,"href":"https:\/\/shop.xn--altmhl-bogensport-52b.de\/index.php?rest_route=%2Fwp%2Fv2%2Fcomments&post=4408"}],"wp:featuredmedia":[{"embeddable":true,"href":"https:\/\/shop.xn--altmhl-bogensport-52b.de\/index.php?rest_route=\/wp\/v2\/media\/4409"}],"wp:attachment":[{"href":"https:\/\/shop.xn--altmhl-bogensport-52b.de\/index.php?rest_route=%2Fwp%2Fv2%2Fmedia&parent=4408"}],"wp:term":[{"taxonomy":"product_brand","embeddable":true,"href":"https:\/\/shop.xn--altmhl-bogensport-52b.de\/index.php?rest_route=%2Fwp%2Fv2%2Fproduct_brand&post=4408"},{"taxonomy":"product_cat","embeddable":true,"href":"https:\/\/shop.xn--altmhl-bogensport-52b.de\/index.php?rest_route=%2Fwp%2Fv2%2Fproduct_cat&post=4408"},{"taxonomy":"product_tag","embeddable":true,"href":"https:\/\/shop.xn--altmhl-bogensport-52b.de\/index.php?rest_route=%2Fwp%2Fv2%2Fproduct_tag&post=4408"}],"curies":[{"name":"wp","href":"https:\/\/api.w.org\/{rel}","templated":true}]}}