{"id":4394,"date":"2022-12-02T18:19:35","date_gmt":"2022-12-02T18:19:35","guid":{"rendered":"https:\/\/shop.xn--altmhl-bogensport-52b.de\/?post_type=product&#038;p=4394"},"modified":"2025-01-05T15:18:33","modified_gmt":"2025-01-05T15:18:33","slug":"tophat-protector-3d-klebespitze-br-15","status":"publish","type":"product","link":"https:\/\/shop.xn--altmhl-bogensport-52b.de\/?product=tophat-protector-3d-klebespitze-br-15","title":{"rendered":"TOPHAT\u00ae Protector 3D Klebespitze BR 1,5"},"content":{"rendered":"<h2 id=\"productTitle\">TopHat Protector 3D Einklebespitze<\/h2>\n<p>&nbsp;<\/p>\n<p>Diese TopHat Spitze ist eine Pr\u00e4zisionspitze zum direkten Einkleben in den Carbonschaft.<\/p>\n<p>Hierbei ummantelt die Spitze die ersten 1,5 mm des Schafts und sch\u00fctzt ihn so an seiner schw\u00e4chsten Stelle, \u00e4hnlich wie ein Protectorring.<\/p>\n<p>Die 3D Form schont sowohl den Schaft als auch das Ziel.<\/p>\n<p>F\u00fcr Schaft Innendurchmesser 5,2mm.<\/p>\n<p>Die Spitze ist eine Break-Up Spitze, sodass das Gewicht ver\u00e4ndert werden kann.<\/p>\n<p>Die Spitze ist aus Edelstahl (VA) gefertigt. Es bleibt auch bei heftiger Witterung \u00fcber sehr lange Zeit resistent gegen Korrosion. Da es sich um Vollmaterial handelt, kann die Spitze sogar nachgeschliffen werden, ohne den Korrosionsschutz zu verlieren.<\/p>\n<p>Rundlaufgenauigkeit der Spitze: 0,006 \u00b5<\/p>\n<p>z.B. passend f\u00fcr den Carbon Express <a href=\"https:\/\/shop.xn--altmhl-bogensport-52b.de\/?product=carbon-express-schaft-predator-ii\">Predator 700<\/a> + 800<\/p>\n<p>&nbsp;<\/p>\n<table class=\"table table-sm\">\n<tbody>\n<tr class=\"attr-custom\">\n<td class=\"attr-value\"><strong>Herstellername:<\/strong><br \/>\nArc&amp;Us UG<br \/>\n<strong>Anschrift:<\/strong><br \/>\nWiesentalstr. 79, 79618 Rheinfelden<br \/>\n<strong>Herkunftsland:<\/strong><br \/>\nDeutschland<br \/>\n<strong>Webseite:<\/strong><br \/>\nhttps:\/\/tophatarchery.com\/<br \/>\n<strong>Kontakt:<\/strong><br \/>\nsupport@tophatarchery.com<br \/>\n<strong>Marke:<\/strong><br \/>\nTophat<\/td>\n<\/tr>\n<\/tbody>\n<\/table>\n","protected":false},"excerpt":{"rendered":"<p>TopHat Protector 3D Einklebespitze &nbsp; Diese TopHat Spitze ist eine Pr\u00e4zisionspitze zum direkten Einkleben in den Carbonschaft. Hierbei ummantelt die Spitze die ersten 1,5 mm des Schafts und sch\u00fctzt ihn so an seiner schw\u00e4chsten Stelle, \u00e4hnlich wie ein Protectorring. Die 3D Form schont sowohl den Schaft als auch das Ziel. F\u00fcr Schaft Innendurchmesser 5,2mm. Die [&hellip;]<\/p>\n","protected":false},"featured_media":4398,"comment_status":"open","ping_status":"closed","template":"","meta":[],"product_brand":[],"product_cat":[438],"product_tag":[83,504,918,1269,1270],"class_list":{"0":"post-4394","1":"product","2":"type-product","3":"status-publish","4":"has-post-thumbnail","6":"product_cat-spitzen-carbon-u-alupfeile","7":"product_tag-tophat","8":"product_tag-protector","9":"product_tag-klebespitze","10":"product_tag-3d-spitze","11":"product_tag-predator","13":"first","14":"instock","15":"taxable","16":"shipping-taxable","17":"purchasable","18":"product-type-variable"},"_links":{"self":[{"href":"https:\/\/shop.xn--altmhl-bogensport-52b.de\/index.php?rest_route=\/wp\/v2\/product\/4394","targetHints":{"allow":["GET"]}}],"collection":[{"href":"https:\/\/shop.xn--altmhl-bogensport-52b.de\/index.php?rest_route=\/wp\/v2\/product"}],"about":[{"href":"https:\/\/shop.xn--altmhl-bogensport-52b.de\/index.php?rest_route=\/wp\/v2\/types\/product"}],"replies":[{"embeddable":true,"href":"https:\/\/shop.xn--altmhl-bogensport-52b.de\/index.php?rest_route=%2Fwp%2Fv2%2Fcomments&post=4394"}],"wp:featuredmedia":[{"embeddable":true,"href":"https:\/\/shop.xn--altmhl-bogensport-52b.de\/index.php?rest_route=\/wp\/v2\/media\/4398"}],"wp:attachment":[{"href":"https:\/\/shop.xn--altmhl-bogensport-52b.de\/index.php?rest_route=%2Fwp%2Fv2%2Fmedia&parent=4394"}],"wp:term":[{"taxonomy":"product_brand","embeddable":true,"href":"https:\/\/shop.xn--altmhl-bogensport-52b.de\/index.php?rest_route=%2Fwp%2Fv2%2Fproduct_brand&post=4394"},{"taxonomy":"product_cat","embeddable":true,"href":"https:\/\/shop.xn--altmhl-bogensport-52b.de\/index.php?rest_route=%2Fwp%2Fv2%2Fproduct_cat&post=4394"},{"taxonomy":"product_tag","embeddable":true,"href":"https:\/\/shop.xn--altmhl-bogensport-52b.de\/index.php?rest_route=%2Fwp%2Fv2%2Fproduct_tag&post=4394"}],"curies":[{"name":"wp","href":"https:\/\/api.w.org\/{rel}","templated":true}]}}