{"id":4385,"date":"2022-11-30T10:22:35","date_gmt":"2022-11-30T10:22:35","guid":{"rendered":"https:\/\/shop.xn--altmhl-bogensport-52b.de\/?post_type=product&#038;p=4385"},"modified":"2022-11-30T10:22:36","modified_gmt":"2022-11-30T10:22:36","slug":"flex-archery-mittenwicklungsgarn-evo-15-0-19","status":"publish","type":"product","link":"https:\/\/shop.xn--altmhl-bogensport-52b.de\/?product=flex-archery-mittenwicklungsgarn-evo-15-0-19","title":{"rendered":"FLEX Archery Mittenwicklungsgarn EVO 15 0.19"},"content":{"rendered":"<p>Zur Umwicklung der Sehne. Die Mittenwicklung dient zum Schutz der Bogensehne vor der Nocke und Zughand.<\/p>\n<p>Ca. 90m\u00a0auf einer Rolle.<\/p>\n<p>St\u00e4rke: 019 (0.019 inch)<\/p>\n<p>Wir benutzen dieses Garn auch f\u00fcr unsere Fastflight Sehnen.<\/p>\n<p>Ein praktisches Hilfsmittel bei der Umwicklung der Sehne ist ein Wickelger\u00e4t, beispielsweise das g\u00fcnstige\u00a0<a href=\"https:\/\/shop.xn--altmhl-bogensport-52b.de\/?product=cartel-tri-hole-string-server-sehnenumwickelgeraet-mittenwicklungsgeraet\">Mittenwicklungsger\u00e4t von CARTEL<\/a>\u00a0oder das hochwertige\u00a0<a href=\"https:\/\/shop.xn--altmhl-bogensport-52b.de\/?product=deluxe-wickelgeraet-bearpaw\">Mittenwicklungsger\u00e4t Deluxe von BEARPAW<\/a>.<\/p>\n<p><strong>Tipp:<\/strong> Wachsen Sie die Sehne vor der Anbringung der Mittenwicklung. So h\u00e4lt sich das Wickelgarn besser an der Sehne und verrutscht nicht so leicht. Speziellen Sehnenwachs finden Sie hier:\u00a0<a href=\"https:\/\/shop.xn--altmhl-bogensport-52b.de\/?product=sehnenwachs-bearpaw-wax-bpb\">Sehnenwachs Bearpa<\/a>w<\/p>\n","protected":false},"excerpt":{"rendered":"<p>Zur Umwicklung der Sehne. Die Mittenwicklung dient zum Schutz der Bogensehne vor der Nocke und Zughand. Ca. 90m\u00a0auf einer Rolle. St\u00e4rke: 019 (0.019 inch) Wir benutzen dieses Garn auch f\u00fcr unsere Fastflight Sehnen. Ein praktisches Hilfsmittel bei der Umwicklung der Sehne ist ein Wickelger\u00e4t, beispielsweise das g\u00fcnstige\u00a0Mittenwicklungsger\u00e4t von CARTEL\u00a0oder das hochwertige\u00a0Mittenwicklungsger\u00e4t Deluxe von BEARPAW. Tipp: [&hellip;]<\/p>\n","protected":false},"featured_media":4386,"comment_status":"open","ping_status":"closed","template":"","meta":[],"product_brand":[],"product_cat":[29],"product_tag":[207,1264,1265,1266,1267],"class_list":{"0":"post-4385","1":"product","2":"type-product","3":"status-publish","4":"has-post-thumbnail","6":"product_cat-sehnenbau","7":"product_tag-mittenwicklung","8":"product_tag-mittenwicklungsgarn","9":"product_tag-flex","10":"product_tag-evo","11":"product_tag-multicolor","13":"first","14":"instock","15":"taxable","16":"shipping-taxable","17":"purchasable","18":"product-type-variable"},"_links":{"self":[{"href":"https:\/\/shop.xn--altmhl-bogensport-52b.de\/index.php?rest_route=\/wp\/v2\/product\/4385","targetHints":{"allow":["GET"]}}],"collection":[{"href":"https:\/\/shop.xn--altmhl-bogensport-52b.de\/index.php?rest_route=\/wp\/v2\/product"}],"about":[{"href":"https:\/\/shop.xn--altmhl-bogensport-52b.de\/index.php?rest_route=\/wp\/v2\/types\/product"}],"replies":[{"embeddable":true,"href":"https:\/\/shop.xn--altmhl-bogensport-52b.de\/index.php?rest_route=%2Fwp%2Fv2%2Fcomments&post=4385"}],"wp:featuredmedia":[{"embeddable":true,"href":"https:\/\/shop.xn--altmhl-bogensport-52b.de\/index.php?rest_route=\/wp\/v2\/media\/4386"}],"wp:attachment":[{"href":"https:\/\/shop.xn--altmhl-bogensport-52b.de\/index.php?rest_route=%2Fwp%2Fv2%2Fmedia&parent=4385"}],"wp:term":[{"taxonomy":"product_brand","embeddable":true,"href":"https:\/\/shop.xn--altmhl-bogensport-52b.de\/index.php?rest_route=%2Fwp%2Fv2%2Fproduct_brand&post=4385"},{"taxonomy":"product_cat","embeddable":true,"href":"https:\/\/shop.xn--altmhl-bogensport-52b.de\/index.php?rest_route=%2Fwp%2Fv2%2Fproduct_cat&post=4385"},{"taxonomy":"product_tag","embeddable":true,"href":"https:\/\/shop.xn--altmhl-bogensport-52b.de\/index.php?rest_route=%2Fwp%2Fv2%2Fproduct_tag&post=4385"}],"curies":[{"name":"wp","href":"https:\/\/api.w.org\/{rel}","templated":true}]}}