{"id":4380,"date":"2022-11-30T10:04:41","date_gmt":"2022-11-30T10:04:41","guid":{"rendered":"https:\/\/shop.xn--altmhl-bogensport-52b.de\/?post_type=product&#038;p=4380"},"modified":"2022-12-13T14:11:50","modified_gmt":"2022-12-13T14:11:50","slug":"taper-tool-plastik-anspitzer-fuer-holzschaft","status":"publish","type":"product","link":"https:\/\/shop.xn--altmhl-bogensport-52b.de\/?product=taper-tool-plastik-anspitzer-fuer-holzschaft","title":{"rendered":"Taper Tool Plastik, Anspitzer f\u00fcr Holzschaft"},"content":{"rendered":"<p>Das Taper Tool aus Plastik ist weltweit das meistbenutzte Werkzeug, um an Holzpfeilen den Konus f\u00fcr Spitze und Nocke anzubringen. Absolut einfach und zuverl\u00e4ssig in seiner Handhabung, \u00fcberzeugt es Bogensch\u00fctzen im t\u00e4glichen Gebrauch.<\/p>\n<p>&nbsp;<\/p>\n<ul>\n<li>Material: Kunststoff<\/li>\n<li>Gr\u00f6\u00dfen: 5\/16 und 11\/32 Zoll<\/li>\n<\/ul>\n","protected":false},"excerpt":{"rendered":"<p>Das Taper Tool aus Plastik ist weltweit das meistbenutzte Werkzeug, um an Holzpfeilen den Konus f\u00fcr Spitze und Nocke anzubringen. Absolut einfach und zuverl\u00e4ssig in seiner Handhabung, \u00fcberzeugt es Bogensch\u00fctzen im t\u00e4glichen Gebrauch. &nbsp; Material: Kunststoff Gr\u00f6\u00dfen: 5\/16 und 11\/32 Zoll<\/p>\n","protected":false},"featured_media":4381,"comment_status":"open","ping_status":"closed","template":"","meta":[],"product_brand":[],"product_cat":[192,912],"product_tag":[30,1260,1261,1262],"class_list":{"0":"post-4380","1":"product","2":"type-product","3":"status-publish","4":"has-post-thumbnail","6":"product_cat-werkzeug","7":"product_cat-spitzen-holzpfeile","8":"product_tag-bearpaw","9":"product_tag-taper-tool","10":"product_tag-anspitzer","11":"product_tag-holzpfeilbau","13":"first","14":"instock","15":"taxable","16":"shipping-taxable","17":"purchasable","18":"product-type-variable"},"_links":{"self":[{"href":"https:\/\/shop.xn--altmhl-bogensport-52b.de\/index.php?rest_route=\/wp\/v2\/product\/4380","targetHints":{"allow":["GET"]}}],"collection":[{"href":"https:\/\/shop.xn--altmhl-bogensport-52b.de\/index.php?rest_route=\/wp\/v2\/product"}],"about":[{"href":"https:\/\/shop.xn--altmhl-bogensport-52b.de\/index.php?rest_route=\/wp\/v2\/types\/product"}],"replies":[{"embeddable":true,"href":"https:\/\/shop.xn--altmhl-bogensport-52b.de\/index.php?rest_route=%2Fwp%2Fv2%2Fcomments&post=4380"}],"wp:featuredmedia":[{"embeddable":true,"href":"https:\/\/shop.xn--altmhl-bogensport-52b.de\/index.php?rest_route=\/wp\/v2\/media\/4381"}],"wp:attachment":[{"href":"https:\/\/shop.xn--altmhl-bogensport-52b.de\/index.php?rest_route=%2Fwp%2Fv2%2Fmedia&parent=4380"}],"wp:term":[{"taxonomy":"product_brand","embeddable":true,"href":"https:\/\/shop.xn--altmhl-bogensport-52b.de\/index.php?rest_route=%2Fwp%2Fv2%2Fproduct_brand&post=4380"},{"taxonomy":"product_cat","embeddable":true,"href":"https:\/\/shop.xn--altmhl-bogensport-52b.de\/index.php?rest_route=%2Fwp%2Fv2%2Fproduct_cat&post=4380"},{"taxonomy":"product_tag","embeddable":true,"href":"https:\/\/shop.xn--altmhl-bogensport-52b.de\/index.php?rest_route=%2Fwp%2Fv2%2Fproduct_tag&post=4380"}],"curies":[{"name":"wp","href":"https:\/\/api.w.org\/{rel}","templated":true}]}}