{"id":4365,"date":"2022-11-28T18:35:43","date_gmt":"2022-11-28T18:35:43","guid":{"rendered":"https:\/\/shop.xn--altmhl-bogensport-52b.de\/?post_type=product&#038;p=4365"},"modified":"2025-09-15T00:37:32","modified_gmt":"2025-09-15T00:37:32","slug":"jackalope-malachite-kid-30-zoll-10-15-lbs-recurvebogen","status":"publish","type":"product","link":"https:\/\/shop.xn--altmhl-bogensport-52b.de\/?product=jackalope-malachite-kid-30-zoll-10-15-lbs-recurvebogen","title":{"rendered":"JACKALOPE Malachite Kid &#8211; 30 Zoll &#8211; 10-15 lbs &#8211; Recurvebogen"},"content":{"rendered":"<p><strong>JACKALOPE Malachite Kid &#8211; 30 Zoll &#8211; 10-15 lbs &#8211; Recurvebogen<\/strong><\/p>\n<p>Warum soll eigentlich nur den &#8220;Gro\u00dfen&#8221; der Spa\u00df verg\u00f6nnt sein, einen JACKALOPE Bogen zu schie\u00dfen? Einen wirklich guten Grund daf\u00fcr gibt es\u00a0nicht! Darum hat JACKALOPE den beliebten Malachite\u00a0One Piece Recurvebogen in der Kid\u00a0Variante\u00a0entwickelt, um selbst den kleinsten Sch\u00fctzen das tolle Gef\u00fchl zu geben, einen Bogen zu schie\u00dfen, der nicht nur aussieht, wie der von Mama, Papa oder den Geschwistern, sondern auch ein echter JACKALOPE Bogen ist.<\/p>\n<p>Der Malachite\u00a0Kid Recurvebogen ist mit einer L\u00e4nge von 30 Zoll ideal geeignet f\u00fcr Kinder zwischen 4 und\u00a07 Jahren. Seine filigrane Konstruktion aus Dymondwood im Mittelst\u00fcck und Ahornholz\u00a0mit Schwarzglas in den Wurfarmen, machen ihn zu einem ganz besonderen Bogen, der seinen Namen &#8220;Malachite&#8221; nicht umsonst tr\u00e4gt. Erinnert\u00a0die gr\u00fcn-schwarze Farbgebung des Mittelst\u00fccks doch an das\u00a0Mineral\u00a0Malachit und sorgt gleichzeitig f\u00fcr die\u00a0aufregende Optik, die sich so\u00a0deutlich von traditionellen B\u00f6gen unterscheidet.<\/p>\n<p>&nbsp;<\/p>\n<p><strong>Technische Daten:<\/strong><\/p>\n<ul>\n<li>Bogenl\u00e4nge: 30 Zoll<\/li>\n<li>Zuggewicht (bei 18 Zoll Auszug): 10-15 lbs (nicht w\u00e4hlbar)<\/li>\n<li>max. Auszug: 18 Zoll<\/li>\n<li>empfohlene Standh\u00f6he: 5,5 &#8211; 6 Zoll<\/li>\n<li>Material Mittelst\u00fcck: Dymondwood<\/li>\n<li>Material Wurfarme: Ahorn mit Schwarzglas<\/li>\n<li>Sehne: Dacron<\/li>\n<li>Als Rechts- oder Linkshandmodell verf\u00fcgbar.<\/li>\n<li>empfohlenes Alter: 4-7 Jahre<\/li>\n<li>Farbe: gr\u00fcn-schwarz<\/li>\n<\/ul>\n<p>&nbsp;<\/p>\n<p><strong>Lieferumfang:<\/strong><br \/>\nBogen mit Sehne<\/p>\n<p>&nbsp;<\/p>\n<p><strong>Herstellername:<\/strong><br \/>\nBSW Handels GmbH<br \/>\n<strong>Anschrift:<\/strong><br \/>\nDemminer Strasse 32, 17389 Anklam<br \/>\n<strong>Herkunftsland:<\/strong><br \/>\nDeutschland<br \/>\n<strong>Webseite:<\/strong><br \/>\nhttps:\/\/www.bogensportwelt.de\/<br \/>\n<strong>Kontakt:<\/strong><br \/>\nhttps:\/\/www.bogensportwelt.de\/Kontakt<br \/>\n<strong>Marke:<\/strong><br \/>\nJACKALOPE Archery<\/p>\n","protected":false},"excerpt":{"rendered":"<p>Der Original Malachite jetzt auch f\u00fcr Kinder.<\/p>\n","protected":false},"featured_media":4366,"comment_status":"open","ping_status":"closed","template":"","meta":[],"product_brand":[],"product_cat":[1504,644],"product_tag":[1255,1256,181,393,764],"class_list":{"0":"post-4365","1":"product","2":"type-product","3":"status-publish","4":"has-post-thumbnail","6":"product_cat-sommerschlussverkauf","7":"product_cat-kinder-jugendbogen","8":"product_tag-malachite","9":"product_tag-jackalope","10":"product_tag-recurvebogen","11":"product_tag-jagdbogen","12":"product_tag-kids","14":"first","15":"instock","16":"taxable","17":"shipping-taxable","18":"purchasable","19":"product-type-variable"},"_links":{"self":[{"href":"https:\/\/shop.xn--altmhl-bogensport-52b.de\/index.php?rest_route=\/wp\/v2\/product\/4365","targetHints":{"allow":["GET"]}}],"collection":[{"href":"https:\/\/shop.xn--altmhl-bogensport-52b.de\/index.php?rest_route=\/wp\/v2\/product"}],"about":[{"href":"https:\/\/shop.xn--altmhl-bogensport-52b.de\/index.php?rest_route=\/wp\/v2\/types\/product"}],"replies":[{"embeddable":true,"href":"https:\/\/shop.xn--altmhl-bogensport-52b.de\/index.php?rest_route=%2Fwp%2Fv2%2Fcomments&post=4365"}],"wp:featuredmedia":[{"embeddable":true,"href":"https:\/\/shop.xn--altmhl-bogensport-52b.de\/index.php?rest_route=\/wp\/v2\/media\/4366"}],"wp:attachment":[{"href":"https:\/\/shop.xn--altmhl-bogensport-52b.de\/index.php?rest_route=%2Fwp%2Fv2%2Fmedia&parent=4365"}],"wp:term":[{"taxonomy":"product_brand","embeddable":true,"href":"https:\/\/shop.xn--altmhl-bogensport-52b.de\/index.php?rest_route=%2Fwp%2Fv2%2Fproduct_brand&post=4365"},{"taxonomy":"product_cat","embeddable":true,"href":"https:\/\/shop.xn--altmhl-bogensport-52b.de\/index.php?rest_route=%2Fwp%2Fv2%2Fproduct_cat&post=4365"},{"taxonomy":"product_tag","embeddable":true,"href":"https:\/\/shop.xn--altmhl-bogensport-52b.de\/index.php?rest_route=%2Fwp%2Fv2%2Fproduct_tag&post=4365"}],"curies":[{"name":"wp","href":"https:\/\/api.w.org\/{rel}","templated":true}]}}