{"id":4359,"date":"2022-11-28T11:06:11","date_gmt":"2022-11-28T11:06:11","guid":{"rendered":"https:\/\/shop.xn--altmhl-bogensport-52b.de\/?post_type=product&#038;p=4359"},"modified":"2025-08-18T15:18:18","modified_gmt":"2025-08-18T15:18:18","slug":"easton-inspire-carbonpfeil-feder","status":"publish","type":"product","link":"https:\/\/shop.xn--altmhl-bogensport-52b.de\/?product=easton-inspire-carbonpfeil-feder","title":{"rendered":"Easton Inspire Carbonpfeil Feder &#8211; Auslaufartikel &#8211; Restposten"},"content":{"rendered":"<p>Der EASTON Inspir\u00e9 wurde als pr\u00e4ziser, langlebiger Carbonschaft,\u00a0besonders f\u00fcr\u00a0Anf\u00e4nger und junge Bogensch\u00fctzen jeden Alters, entwickelt. Diesem Anspruch wird er voll und ganz gerecht, denn durch seine gro\u00dfe Spannbreite der Spines findet jeder Sch\u00fctze seinen passenden Schaft. Und Sie werden sehen, so bleiben die Erfolge beim\u00a0Bogenschie\u00dfen nicht lange aus und Sie sind\u00a0mit noch mehr Spa\u00df dabei.<\/p>\n<ul>\n<li>Bearpaw Naturfeder 3&#8243;<\/li>\n<li>Spitze lose oder verklebt.<\/li>\n<li>Nock gesteckt<\/li>\n<li>Federfarben von uns ausgew\u00e4hlt. Nicht w\u00e4hlbar.<\/li>\n<li>\u00a0Schaft-L\u00e4nge ausw\u00e4hlbar<\/li>\n<\/ul>\n<p>Ein \u00e4u\u00dferst g\u00fcnstiger Carbonpfeil, der gerne in Vereinen geschossen wird und bestens f\u00fcr Einsteiger geeignet ist.<\/p>\n<p>Spine 1000 , 80gr Spitze,<\/p>\n<p>Spine 1400, 80gr Spitze,<\/p>\n<p>Spine 750, 90gr Spitze,<\/p>\n<p>&nbsp;<\/p>\n<table class=\"table table-sm\">\n<tbody>\n<tr class=\"attr-custom\">\n<td><b>Herstellerangaben<\/b>:<\/td>\n<td class=\"attr-value\"><strong>Herstellername:<\/strong><br \/>\nEaston Technical Products, Inc.<br \/>\n<strong>Anschrift:<\/strong><br \/>\n5040 Harold Gatty Dr, Salt Lake City, UTAH, USA<br \/>\n<strong>Herkunftsland:<\/strong><br \/>\nUSA<br \/>\n<strong>Webseite:<\/strong><\/p>\n<blockquote hcb-fetch-image-from=\"https:\/\/eastonarchery.com\/\" class=\"wp-embedded-content\" data-secret=\"TLc9FNKKdo\"><p><a href=\"https:\/\/eastonarchery.com\/\">Easton Archery &#8211; Best Target &amp; Hunting Arrows<\/a><\/p><\/blockquote>\n<p><iframe loading=\"lazy\" class=\"wp-embedded-content\" sandbox=\"allow-scripts\" security=\"restricted\" style=\"position: absolute; visibility: hidden;\" title=\"&#8220;Easton Archery &#8211; Best Target &amp; Hunting Arrows&#8221; &#8212; Easton Archery\" src=\"https:\/\/eastonarchery.com\/embed\/#?secret=PmKKol7shv#?secret=TLc9FNKKdo\" data-secret=\"TLc9FNKKdo\" width=\"600\" height=\"338\" frameborder=\"0\" marginwidth=\"0\" marginheight=\"0\" scrolling=\"no\"><\/iframe><br \/>\n<strong>Kontakt:<\/strong><\/p>\n<blockquote hcb-fetch-image-from=\"https:\/\/eastonarchery.com\/privacy\/\" class=\"wp-embedded-content\" data-secret=\"jNy12F8jml\"><p><a href=\"https:\/\/eastonarchery.com\/privacy\/\">Privacy Policy<\/a><\/p><\/blockquote>\n<p><iframe loading=\"lazy\" class=\"wp-embedded-content\" sandbox=\"allow-scripts\" security=\"restricted\" style=\"position: absolute; visibility: hidden;\" title=\"&#8220;Privacy Policy&#8221; &#8212; Easton Archery\" src=\"https:\/\/eastonarchery.com\/privacy\/embed\/#?secret=sE1NJsBZ7Q#?secret=jNy12F8jml\" data-secret=\"jNy12F8jml\" width=\"600\" height=\"338\" frameborder=\"0\" marginwidth=\"0\" marginheight=\"0\" scrolling=\"no\"><\/iframe><br \/>\n<strong>Marke:<\/strong><br \/>\nEASTON<\/td>\n<\/tr>\n<tr class=\"attr-custom\">\n<td><b>Verantwortliche Person<\/b>:<\/td>\n<td class=\"attr-value\"><strong>verantwortliche Person:<\/strong><br \/>\nJVD Group B.V.<br \/>\n<strong>Anschrift:<\/strong><br \/>\nLooier 9, 5253 RA Nieuwkuijk<br \/>\n<strong>Herkunftsland:<\/strong><br \/>\nNiederlande<br \/>\n<strong>Kontakt:<\/strong><br \/>\ncontact@jvd-group.com<\/td>\n<\/tr>\n<\/tbody>\n<\/table>\n","protected":false},"excerpt":{"rendered":"<p>Der EASTON Inspir\u00e9 wurde als pr\u00e4ziser, langlebiger Carbonschaft,\u00a0besonders f\u00fcr\u00a0Anf\u00e4nger und junge Bogensch\u00fctzen jeden Alters, entwickelt. Diesem Anspruch wird er voll und ganz gerecht, denn durch seine gro\u00dfe Spannbreite der Spines findet jeder Sch\u00fctze seinen passenden Schaft. Und Sie werden sehen, so bleiben die Erfolge beim\u00a0Bogenschie\u00dfen nicht lange aus und Sie sind\u00a0mit noch mehr Spa\u00df dabei. [&hellip;]<\/p>\n","protected":false},"featured_media":4363,"comment_status":"open","ping_status":"closed","template":"","meta":[],"product_brand":[],"product_cat":[86,163,805,946],"product_tag":[1175,1254,403,112,711,945],"class_list":{"0":"post-4359","1":"product","2":"type-product","3":"status-publish","4":"has-post-thumbnail","6":"product_cat-carbonpfeil","7":"product_cat-sale","8":"product_cat-kinderpfeile","9":"product_cat-custompfeil-sonderanfertigung","10":"product_tag-inspire","11":"product_tag-einsteigerpfeil","12":"product_tag-easton","13":"product_tag-naturfeder","14":"product_tag-anfaenger","15":"product_tag-komplettpfeil","16":"pa_spitze-insert-einkleben-nur-beilegen","17":"pa_spitze-insert-einkleben-einkleben","19":"first","20":"outofstock","21":"taxable","22":"shipping-taxable","23":"purchasable","24":"product-type-variable"},"_links":{"self":[{"href":"https:\/\/shop.xn--altmhl-bogensport-52b.de\/index.php?rest_route=\/wp\/v2\/product\/4359","targetHints":{"allow":["GET"]}}],"collection":[{"href":"https:\/\/shop.xn--altmhl-bogensport-52b.de\/index.php?rest_route=\/wp\/v2\/product"}],"about":[{"href":"https:\/\/shop.xn--altmhl-bogensport-52b.de\/index.php?rest_route=\/wp\/v2\/types\/product"}],"replies":[{"embeddable":true,"href":"https:\/\/shop.xn--altmhl-bogensport-52b.de\/index.php?rest_route=%2Fwp%2Fv2%2Fcomments&post=4359"}],"wp:featuredmedia":[{"embeddable":true,"href":"https:\/\/shop.xn--altmhl-bogensport-52b.de\/index.php?rest_route=\/wp\/v2\/media\/4363"}],"wp:attachment":[{"href":"https:\/\/shop.xn--altmhl-bogensport-52b.de\/index.php?rest_route=%2Fwp%2Fv2%2Fmedia&parent=4359"}],"wp:term":[{"taxonomy":"product_brand","embeddable":true,"href":"https:\/\/shop.xn--altmhl-bogensport-52b.de\/index.php?rest_route=%2Fwp%2Fv2%2Fproduct_brand&post=4359"},{"taxonomy":"product_cat","embeddable":true,"href":"https:\/\/shop.xn--altmhl-bogensport-52b.de\/index.php?rest_route=%2Fwp%2Fv2%2Fproduct_cat&post=4359"},{"taxonomy":"product_tag","embeddable":true,"href":"https:\/\/shop.xn--altmhl-bogensport-52b.de\/index.php?rest_route=%2Fwp%2Fv2%2Fproduct_tag&post=4359"}],"curies":[{"name":"wp","href":"https:\/\/api.w.org\/{rel}","templated":true}]}}