{"id":434,"date":"2020-01-16T19:00:10","date_gmt":"2020-01-16T19:00:10","guid":{"rendered":"http:\/\/shop.xn--altmhl-bogensport-52b.de\/?post_type=product&#038;p=434"},"modified":"2025-01-11T15:06:04","modified_gmt":"2025-01-11T15:06:04","slug":"feder-rw-volle-laenge-naturgestreift-bearpaw","status":"publish","type":"product","link":"https:\/\/shop.xn--altmhl-bogensport-52b.de\/?product=feder-rw-volle-laenge-naturgestreift-bearpaw","title":{"rendered":"Feder RW Volle L\u00e4nge naturgestreift Bearpaw"},"content":{"rendered":"<p><b>Naturgestreifte Truthahnfedern sind etwas ganz besonderes! Keine Feder gleicht der anderen!<\/b><\/p>\n<p>Die nat\u00fcrlichen Farben und Strukturen dieser Naturfedern sind einzigartig. Zudem haben wir die urspr\u00fcnglichen barred Federn aus den guten alten Tagen zur\u00fcckgebracht. Wir colorieren die echten naturgestreiften Truthahnfedern mit zarten Farben und verleihen ihnen ein ganz besonderes Aussehen!<\/p>\n<p>Federn in der vollen L\u00e4nge werden bevorzugt zum Herstellen der eigenen individuellen Federformen benutzt. Bogensch\u00fctzen verleihen ihren Pfeilen eine pers\u00f6nliche Note und k\u00f6nnen bei Benutzung der Bearpaw Federstanze aus vielen individuellen Federformen ausw\u00e4hlen. Federn in der vollen L\u00e4nge sind ein reines Naturprodukt und variieren in ihrer L\u00e4nge und Kielst\u00e4rke.<\/p>\n<p><b>Bitte beachten sie die abweichenden Preise bei den colorierten Truthahnfedern naturgestreift!<\/b><\/p>\n<ul>\n<li>Ausf\u00fchrung: Volle L\u00e4nge rechtsgewunden<\/li>\n<li>L\u00e4nge: ca. 8 &#8211; 14 Zoll<\/li>\n<li>Farbstruktur: Naturgestreift<\/li>\n<li>Farben: Verschiedene Natural barred Farbt\u00f6ne<\/li>\n<\/ul>\n<p><b>Im Untermen\u00fc k\u00f6nnen sie ihre ganz pers\u00f6nliche Wunschfarbe ausw\u00e4hlen!<\/b><\/p>\n<p>&nbsp;<\/p>\n<table class=\"table table-sm\">\n<tbody>\n<tr class=\"attr-custom\">\n<td class=\"attr-value\"><strong>Herstellername:<\/strong><br \/>\nBEARPAW GmbH<br \/>\n<strong>Anschrift:<\/strong><br \/>\nHannebach 30, 96269 Rossach<br \/>\n<strong>Herkunftsland:<\/strong><br \/>\nDeutschland<br \/>\n<strong>Webseite:<\/strong><br \/>\nhttps:\/\/www.bearpaw-products.de\/<br \/>\n<strong>Kontakt:<\/strong><br \/>\ninfo@bearpaw-products.com<br \/>\n<strong>Marke:<\/strong><br \/>\nBearpaw Products<\/td>\n<\/tr>\n<\/tbody>\n<\/table>\n","protected":false},"excerpt":{"rendered":"<p>Naturgestreifte Bearpaw Federn RW volle L\u00e4nge<\/p>\n","protected":false},"featured_media":443,"comment_status":"open","ping_status":"closed","template":"","meta":[],"product_brand":[],"product_cat":[110],"product_tag":[30,112,113,116],"class_list":{"0":"post-434","1":"product","2":"type-product","3":"status-publish","4":"has-post-thumbnail","6":"product_cat-naturfedern-volle-laenge","7":"product_tag-bearpaw","8":"product_tag-naturfeder","9":"product_tag-barred","10":"product_tag-gestreift","12":"first","13":"instock","14":"taxable","15":"shipping-taxable","16":"purchasable","17":"product-type-variable"},"_links":{"self":[{"href":"https:\/\/shop.xn--altmhl-bogensport-52b.de\/index.php?rest_route=\/wp\/v2\/product\/434","targetHints":{"allow":["GET"]}}],"collection":[{"href":"https:\/\/shop.xn--altmhl-bogensport-52b.de\/index.php?rest_route=\/wp\/v2\/product"}],"about":[{"href":"https:\/\/shop.xn--altmhl-bogensport-52b.de\/index.php?rest_route=\/wp\/v2\/types\/product"}],"replies":[{"embeddable":true,"href":"https:\/\/shop.xn--altmhl-bogensport-52b.de\/index.php?rest_route=%2Fwp%2Fv2%2Fcomments&post=434"}],"wp:featuredmedia":[{"embeddable":true,"href":"https:\/\/shop.xn--altmhl-bogensport-52b.de\/index.php?rest_route=\/wp\/v2\/media\/443"}],"wp:attachment":[{"href":"https:\/\/shop.xn--altmhl-bogensport-52b.de\/index.php?rest_route=%2Fwp%2Fv2%2Fmedia&parent=434"}],"wp:term":[{"taxonomy":"product_brand","embeddable":true,"href":"https:\/\/shop.xn--altmhl-bogensport-52b.de\/index.php?rest_route=%2Fwp%2Fv2%2Fproduct_brand&post=434"},{"taxonomy":"product_cat","embeddable":true,"href":"https:\/\/shop.xn--altmhl-bogensport-52b.de\/index.php?rest_route=%2Fwp%2Fv2%2Fproduct_cat&post=434"},{"taxonomy":"product_tag","embeddable":true,"href":"https:\/\/shop.xn--altmhl-bogensport-52b.de\/index.php?rest_route=%2Fwp%2Fv2%2Fproduct_tag&post=434"}],"curies":[{"name":"wp","href":"https:\/\/api.w.org\/{rel}","templated":true}]}}