{"id":4332,"date":"2022-11-15T14:47:23","date_gmt":"2022-11-15T14:47:23","guid":{"rendered":"https:\/\/shop.xn--altmhl-bogensport-52b.de\/?post_type=product&#038;p=4332"},"modified":"2025-09-15T00:37:16","modified_gmt":"2025-09-15T00:37:16","slug":"hp-wechselmitte-2-280-mm-250-mm","status":"publish","type":"product","link":"https:\/\/shop.xn--altmhl-bogensport-52b.de\/?product=hp-wechselmitte-2-280-mm-250-mm","title":{"rendered":"HP Wechselmitte 2 (280 mm, 250 mm)"},"content":{"rendered":"<p><span style=\"font-size: large;\"><b>100% Pfeilstopp !!<\/b><\/span><\/p>\n<p>Extradicke und widerstandsf\u00e4hige Wechselmitte f\u00fcr unsere HP Scheiben mit Stoppwirkung f\u00fcr st\u00e4rkste B\u00f6gen. Selbst Compoundb\u00f6gen mit Hochleistungspfeilen werden hier nachhaltig und dauerhaft gestoppt.<\/p>\n<ul>\n<li>Ma\u00dfe: Durchmesser: 280 mm, Tiefe: 250 mm<\/li>\n<li>Material: TF 400, TF 600<\/li>\n<li>Einsatz: HP Target, HP Target Strong, Super Strong, 100, HP Targets XL 1 und 2<\/li>\n<\/ul>\n","protected":false},"excerpt":{"rendered":"<p>100% Pfeilstopp !! Extradicke und widerstandsf\u00e4hige Wechselmitte f\u00fcr unsere HP Scheiben mit Stoppwirkung f\u00fcr st\u00e4rkste B\u00f6gen. Selbst Compoundb\u00f6gen mit Hochleistungspfeilen werden hier nachhaltig und dauerhaft gestoppt. Ma\u00dfe: Durchmesser: 280 mm, Tiefe: 250 mm Material: TF 400, TF 600 Einsatz: HP Target, HP Target Strong, Super Strong, 100, HP Targets XL 1 und 2<\/p>\n","protected":false},"featured_media":4333,"comment_status":"open","ping_status":"closed","template":"","meta":[],"product_brand":[],"product_cat":[243,1243,1504,163],"product_tag":[1244,1245,30,97],"class_list":{"0":"post-4332","1":"product","2":"type-product","3":"status-publish","4":"has-post-thumbnail","6":"product_cat-wuerfel-saecke","7":"product_cat-wechselmitten","8":"product_cat-sommerschlussverkauf","9":"product_cat-sale","10":"product_tag-super-strong","11":"product_tag-extradick","12":"product_tag-bearpaw","13":"product_tag-wechselmitte","15":"first","16":"instock","17":"taxable","18":"shipping-taxable","19":"purchasable","20":"product-type-simple"},"_links":{"self":[{"href":"https:\/\/shop.xn--altmhl-bogensport-52b.de\/index.php?rest_route=\/wp\/v2\/product\/4332","targetHints":{"allow":["GET"]}}],"collection":[{"href":"https:\/\/shop.xn--altmhl-bogensport-52b.de\/index.php?rest_route=\/wp\/v2\/product"}],"about":[{"href":"https:\/\/shop.xn--altmhl-bogensport-52b.de\/index.php?rest_route=\/wp\/v2\/types\/product"}],"replies":[{"embeddable":true,"href":"https:\/\/shop.xn--altmhl-bogensport-52b.de\/index.php?rest_route=%2Fwp%2Fv2%2Fcomments&post=4332"}],"wp:featuredmedia":[{"embeddable":true,"href":"https:\/\/shop.xn--altmhl-bogensport-52b.de\/index.php?rest_route=\/wp\/v2\/media\/4333"}],"wp:attachment":[{"href":"https:\/\/shop.xn--altmhl-bogensport-52b.de\/index.php?rest_route=%2Fwp%2Fv2%2Fmedia&parent=4332"}],"wp:term":[{"taxonomy":"product_brand","embeddable":true,"href":"https:\/\/shop.xn--altmhl-bogensport-52b.de\/index.php?rest_route=%2Fwp%2Fv2%2Fproduct_brand&post=4332"},{"taxonomy":"product_cat","embeddable":true,"href":"https:\/\/shop.xn--altmhl-bogensport-52b.de\/index.php?rest_route=%2Fwp%2Fv2%2Fproduct_cat&post=4332"},{"taxonomy":"product_tag","embeddable":true,"href":"https:\/\/shop.xn--altmhl-bogensport-52b.de\/index.php?rest_route=%2Fwp%2Fv2%2Fproduct_tag&post=4332"}],"curies":[{"name":"wp","href":"https:\/\/api.w.org\/{rel}","templated":true}]}}