{"id":4308,"date":"2022-11-07T19:02:11","date_gmt":"2022-11-07T19:02:11","guid":{"rendered":"https:\/\/shop.xn--altmhl-bogensport-52b.de\/?post_type=product&#038;p=4308"},"modified":"2025-01-05T14:32:33","modified_gmt":"2025-01-05T14:32:33","slug":"mfh-mehrzweckplane-tarp-extrem-300-x-300-cm","status":"publish","type":"product","link":"https:\/\/shop.xn--altmhl-bogensport-52b.de\/?product=mfh-mehrzweckplane-tarp-extrem-300-x-300-cm","title":{"rendered":"MFH Mehrzweckplane Tarp Extrem 300 x 300 cm"},"content":{"rendered":"<p>Die robuste und wasserdichte MFH Mehrzweckplane Tarp Extrem 300 x 300 cm ist optimal verwendbar als Zeltplane, Regenschutz, Sonnensegel oder Abdeck- und Unterlegplane. Sie verf\u00fcgt au\u00dfen \u00fcber acht und mittig \u00fcber eine Befestigungsschlaufe.<\/p>\n<p>Diese Version ist oft als &#8220;Basha&#8221; bekannt.<\/p>\n<p>&#8211; Inklusive Transportbeutel<br \/>\n&#8211; Wassers\u00e4ule: 2000 mm<\/p>\n<ul>\n<li>Gewicht 800 g- Material: 100% Polyester (210D Oxford), PU-beschichtet<br \/>\n&#8211; Ma\u00dfe: 300 x 300 cm<\/li>\n<\/ul>\n<p><strong>Herstellername:<\/strong><br \/>\nMax Fuchs AG<br \/>\n<strong>Anschrift:<\/strong><br \/>\nIndustriestrasse 1, 94078 Freyung<br \/>\n<strong>Herkunftsland:<\/strong><br \/>\nDeutschland<br \/>\n<strong>Webseite:<\/strong><br \/>\nhttps:\/\/max-fuchs.de\/<br \/>\n<strong>Kontakt:<\/strong><br \/>\ninfo@max-fuchs.de<br \/>\n<strong>Marke:<\/strong><br \/>\nMFH<\/p>\n","protected":false},"excerpt":{"rendered":"<p>MFH Basha Tarp oliv<\/p>\n","protected":false},"featured_media":4309,"comment_status":"open","ping_status":"closed","template":"","meta":[],"product_brand":[],"product_cat":[546,726],"product_tag":[1234,1235,1237,1239,1240,1253,469],"class_list":{"0":"post-4308","1":"product","2":"type-product","3":"status-publish","4":"has-post-thumbnail","6":"product_cat-survival","7":"product_cat-lagerleben","8":"product_tag-tarp","9":"product_tag-basha","10":"product_tag-abdeckung","11":"product_tag-pane","12":"product_tag-dackelgarage","13":"product_tag-extrem","14":"product_tag-mfh","16":"first","17":"onbackorder","18":"taxable","19":"shipping-taxable","20":"purchasable","21":"product-type-variable"},"_links":{"self":[{"href":"https:\/\/shop.xn--altmhl-bogensport-52b.de\/index.php?rest_route=\/wp\/v2\/product\/4308","targetHints":{"allow":["GET"]}}],"collection":[{"href":"https:\/\/shop.xn--altmhl-bogensport-52b.de\/index.php?rest_route=\/wp\/v2\/product"}],"about":[{"href":"https:\/\/shop.xn--altmhl-bogensport-52b.de\/index.php?rest_route=\/wp\/v2\/types\/product"}],"replies":[{"embeddable":true,"href":"https:\/\/shop.xn--altmhl-bogensport-52b.de\/index.php?rest_route=%2Fwp%2Fv2%2Fcomments&post=4308"}],"wp:featuredmedia":[{"embeddable":true,"href":"https:\/\/shop.xn--altmhl-bogensport-52b.de\/index.php?rest_route=\/wp\/v2\/media\/4309"}],"wp:attachment":[{"href":"https:\/\/shop.xn--altmhl-bogensport-52b.de\/index.php?rest_route=%2Fwp%2Fv2%2Fmedia&parent=4308"}],"wp:term":[{"taxonomy":"product_brand","embeddable":true,"href":"https:\/\/shop.xn--altmhl-bogensport-52b.de\/index.php?rest_route=%2Fwp%2Fv2%2Fproduct_brand&post=4308"},{"taxonomy":"product_cat","embeddable":true,"href":"https:\/\/shop.xn--altmhl-bogensport-52b.de\/index.php?rest_route=%2Fwp%2Fv2%2Fproduct_cat&post=4308"},{"taxonomy":"product_tag","embeddable":true,"href":"https:\/\/shop.xn--altmhl-bogensport-52b.de\/index.php?rest_route=%2Fwp%2Fv2%2Fproduct_tag&post=4308"}],"curies":[{"name":"wp","href":"https:\/\/api.w.org\/{rel}","templated":true}]}}