{"id":4291,"date":"2022-11-07T18:51:20","date_gmt":"2022-11-07T18:51:20","guid":{"rendered":"https:\/\/shop.xn--altmhl-bogensport-52b.de\/?post_type=product&#038;p=4291"},"modified":"2025-01-05T14:33:57","modified_gmt":"2025-01-05T14:33:57","slug":"mfh-mehrzweckplane-tarp-200-x-300-cm","status":"publish","type":"product","link":"https:\/\/shop.xn--altmhl-bogensport-52b.de\/?product=mfh-mehrzweckplane-tarp-200-x-300-cm","title":{"rendered":"MFH Mehrzweckplane Tarp 200 x 300 cm"},"content":{"rendered":"<p>Praktische und vielseitig verwendbare Mehrzweckplane mit passendem Transportbeutel.<\/p>\n<p>Sie \u00fcberzeugt durch ihr geringes Gewicht unter 400 g und eignet sich sowohl als Tarp, als zus\u00e4tzliche Zeltplane sowie als Regen- oder Sonnenschutz. Ebenfalls l\u00e4sst sie sich als Abdeck- oder Unterlegplane verwenden, da sie das verstaute Equipment wasserdicht und vor \u00e4u\u00dferen Einfl\u00fcssen gesch\u00fctzt abdeckt.<br \/>\nAn den 8 verst\u00e4rkten Metall\u00f6sen l\u00e4sst sie sich aufspannen. Diese sind jeweils in den vier Ecken sowie mittig an den L\u00e4ngsseiten angebracht, sodass das Tarp gut ausbalanciert wird.<\/p>\n<p>&#8211; Wassers\u00e4ule: 1500 mm<br \/>\n&#8211; Material: 100 % Polyester 190T PU beschichtet<\/p>\n<p>Gewicht: ca. 360 g<\/p>\n<p>Geliefert im Transportbeutel.<\/p>\n<table class=\"product--properties-table\">\n<tbody>\n<tr class=\"product--properties-row\">\n<td class=\"product--properties-label\"><\/td>\n<td class=\"product--properties-value\"><\/td>\n<\/tr>\n<\/tbody>\n<\/table>\n<p>&nbsp;<\/p>\n<p><strong>Herstellername:<\/strong><br \/>\nMax Fuchs AG<br \/>\n<strong>Anschrift:<\/strong><br \/>\nIndustriestrasse 1, 94078 Freyung<br \/>\n<strong>Herkunftsland:<\/strong><br \/>\nDeutschland<br \/>\n<strong>Webseite:<\/strong><br \/>\nhttps:\/\/max-fuchs.de\/<br \/>\n<strong>Kontakt:<\/strong><br \/>\ninfo@max-fuchs.de<br \/>\n<strong>Marke:<\/strong><br \/>\nMFH<\/p>\n","protected":false},"excerpt":{"rendered":"<p>MFH Mehrzweckplane 2&#215;3 Meter<\/p>\n","protected":false},"featured_media":4292,"comment_status":"open","ping_status":"closed","template":"","meta":[],"product_brand":[],"product_cat":[460,546,726],"product_tag":[1234,1235,1236,1237,469,1238,883],"class_list":{"0":"post-4291","1":"product","2":"type-product","3":"status-publish","4":"has-post-thumbnail","6":"product_cat-outdoor-bushcraft","7":"product_cat-survival","8":"product_cat-lagerleben","9":"product_tag-tarp","10":"product_tag-basha","11":"product_tag-mehrzweckplane","12":"product_tag-abdeckung","13":"product_tag-mfh","14":"product_tag-flecktarn","15":"product_tag-oliv","17":"first","18":"onbackorder","19":"taxable","20":"shipping-taxable","21":"purchasable","22":"product-type-variable"},"_links":{"self":[{"href":"https:\/\/shop.xn--altmhl-bogensport-52b.de\/index.php?rest_route=\/wp\/v2\/product\/4291","targetHints":{"allow":["GET"]}}],"collection":[{"href":"https:\/\/shop.xn--altmhl-bogensport-52b.de\/index.php?rest_route=\/wp\/v2\/product"}],"about":[{"href":"https:\/\/shop.xn--altmhl-bogensport-52b.de\/index.php?rest_route=\/wp\/v2\/types\/product"}],"replies":[{"embeddable":true,"href":"https:\/\/shop.xn--altmhl-bogensport-52b.de\/index.php?rest_route=%2Fwp%2Fv2%2Fcomments&post=4291"}],"wp:featuredmedia":[{"embeddable":true,"href":"https:\/\/shop.xn--altmhl-bogensport-52b.de\/index.php?rest_route=\/wp\/v2\/media\/4292"}],"wp:attachment":[{"href":"https:\/\/shop.xn--altmhl-bogensport-52b.de\/index.php?rest_route=%2Fwp%2Fv2%2Fmedia&parent=4291"}],"wp:term":[{"taxonomy":"product_brand","embeddable":true,"href":"https:\/\/shop.xn--altmhl-bogensport-52b.de\/index.php?rest_route=%2Fwp%2Fv2%2Fproduct_brand&post=4291"},{"taxonomy":"product_cat","embeddable":true,"href":"https:\/\/shop.xn--altmhl-bogensport-52b.de\/index.php?rest_route=%2Fwp%2Fv2%2Fproduct_cat&post=4291"},{"taxonomy":"product_tag","embeddable":true,"href":"https:\/\/shop.xn--altmhl-bogensport-52b.de\/index.php?rest_route=%2Fwp%2Fv2%2Fproduct_tag&post=4291"}],"curies":[{"name":"wp","href":"https:\/\/api.w.org\/{rel}","templated":true}]}}