{"id":427,"date":"2020-01-16T18:49:51","date_gmt":"2020-01-16T18:49:51","guid":{"rendered":"http:\/\/shop.xn--altmhl-bogensport-52b.de\/?post_type=product&#038;p=427"},"modified":"2025-01-11T15:08:33","modified_gmt":"2025-01-11T15:08:33","slug":"feder-rw-volle-laenge-zebra-bearpaw","status":"publish","type":"product","link":"https:\/\/shop.xn--altmhl-bogensport-52b.de\/?product=feder-rw-volle-laenge-zebra-bearpaw","title":{"rendered":"Feder RW Volle L\u00e4nge zebra Bearpaw"},"content":{"rendered":"<p>Wir verwenden bei der Herstellung unserer Bearpaw Naturfedern nur echte Truthahnfedern. Bearpaw Federn werden von Bogensch\u00fctzen auf der ganzen Welt f\u00fcr den Bau ihrer Pfeile benutzt. Insbesondere im traditionellen Bogensport sind Naturfedern wegen ihrer Sch\u00f6nheit und den tollen Eigenschaften nicht wegzudenken.<\/p>\n<p>Federn in der vollen L\u00e4nge werden bevorzugt zum Herstellen der eigenen individuellen Federformen benutzt. Bogensch\u00fctzen verleihen ihren Pfeilen eine pers\u00f6nliche Note und k\u00f6nnen bei Benutzung der Bearpaw Federstanze aus vielen individuellen Federformen ausw\u00e4hlen. Federn in der vollen L\u00e4nge sind ein reines Naturprodukt und variieren in ihrer L\u00e4nge und Kielst\u00e4rke.<\/p>\n<p>Die Federn im Zebramuster machen Ihren Pfeil zu einem Ausdruck Ihrer Individualit\u00e4t und verleihen ihm eine besondere Exklusivit\u00e4t.<\/p>\n<ul>\n<li>Ausf\u00fchrung: Volle L\u00e4nge rechtsgewunden<\/li>\n<li>L\u00e4nge: ca. 8 &#8211; 14 Zoll<\/li>\n<li>Farbstruktur: Zebra<\/li>\n<li>Farben: Verschiedene Farben<\/li>\n<\/ul>\n<p><b>Im Untermen\u00fc k\u00f6nnen sie ihre ganz pers\u00f6nliche Wunschfarbe ausw\u00e4hlen!<\/b><\/p>\n<p>&nbsp;<\/p>\n<table class=\"table table-sm\">\n<tbody>\n<tr class=\"attr-custom\">\n<td class=\"attr-value\"><strong>Herstellername:<\/strong><br \/>\nBEARPAW GmbH<br \/>\n<strong>Anschrift:<\/strong><br \/>\nHannebach 30, 96269 Rossach<br \/>\n<strong>Herkunftsland:<\/strong><br \/>\nDeutschland<br \/>\n<strong>Webseite:<\/strong><br \/>\nhttps:\/\/www.bearpaw-products.de\/<br \/>\n<strong>Kontakt:<\/strong><br \/>\ninfo@bearpaw-products.com<br \/>\n<strong>Marke:<\/strong><br \/>\nBearpaw Products<\/td>\n<\/tr>\n<\/tbody>\n<\/table>\n","protected":false},"excerpt":{"rendered":"<p>volle L\u00e4nge Naturfeder Zebra Bearpaw<\/p>\n","protected":false},"featured_media":428,"comment_status":"open","ping_status":"closed","template":"","meta":[],"product_brand":[],"product_cat":[110],"product_tag":[112,114,115,30],"class_list":{"0":"post-427","1":"product","2":"type-product","3":"status-publish","4":"has-post-thumbnail","6":"product_cat-naturfedern-volle-laenge","7":"product_tag-naturfeder","8":"product_tag-volle-laenge","9":"product_tag-zebra","10":"product_tag-bearpaw","12":"first","13":"instock","14":"taxable","15":"shipping-taxable","16":"purchasable","17":"product-type-variable"},"_links":{"self":[{"href":"https:\/\/shop.xn--altmhl-bogensport-52b.de\/index.php?rest_route=\/wp\/v2\/product\/427","targetHints":{"allow":["GET"]}}],"collection":[{"href":"https:\/\/shop.xn--altmhl-bogensport-52b.de\/index.php?rest_route=\/wp\/v2\/product"}],"about":[{"href":"https:\/\/shop.xn--altmhl-bogensport-52b.de\/index.php?rest_route=\/wp\/v2\/types\/product"}],"replies":[{"embeddable":true,"href":"https:\/\/shop.xn--altmhl-bogensport-52b.de\/index.php?rest_route=%2Fwp%2Fv2%2Fcomments&post=427"}],"wp:featuredmedia":[{"embeddable":true,"href":"https:\/\/shop.xn--altmhl-bogensport-52b.de\/index.php?rest_route=\/wp\/v2\/media\/428"}],"wp:attachment":[{"href":"https:\/\/shop.xn--altmhl-bogensport-52b.de\/index.php?rest_route=%2Fwp%2Fv2%2Fmedia&parent=427"}],"wp:term":[{"taxonomy":"product_brand","embeddable":true,"href":"https:\/\/shop.xn--altmhl-bogensport-52b.de\/index.php?rest_route=%2Fwp%2Fv2%2Fproduct_brand&post=427"},{"taxonomy":"product_cat","embeddable":true,"href":"https:\/\/shop.xn--altmhl-bogensport-52b.de\/index.php?rest_route=%2Fwp%2Fv2%2Fproduct_cat&post=427"},{"taxonomy":"product_tag","embeddable":true,"href":"https:\/\/shop.xn--altmhl-bogensport-52b.de\/index.php?rest_route=%2Fwp%2Fv2%2Fproduct_tag&post=427"}],"curies":[{"name":"wp","href":"https:\/\/api.w.org\/{rel}","templated":true}]}}